{"id":8594,"date":"2026-04-12T01:16:33","date_gmt":"2026-04-11T17:16:33","guid":{"rendered":"https:\/\/frivape.com\/?post_type=product&#038;p=8594"},"modified":"2026-04-12T01:46:00","modified_gmt":"2026-04-11T17:46:00","slug":"vozol-rave-40000-puffs-visor-led-vape-descartavel","status":"publish","type":"product","link":"https:\/\/frivape.com\/pt\/product\/vozol-rave-40000-puffs-visor-led-vape-descartavel\/","title":{"rendered":"VOZOL RAVE 40000 Puffs Vape descart\u00e1vel | 270\u00b0 LED Light Show | S.I.L.C Tech"},"content":{"rendered":"<h2 class=\"wp-block-heading has-text-align-center\"><strong>A pr\u00f3xima evolu\u00e7\u00e3o do Vaping: VOZOL RAVE 40000 Puffs<\/strong><\/h2>\n\n\n\n<p>L\u00edder mundialmente reconhecido desde 2019, a VOZOL continua a redefinir a experi\u00eancia dos cigarros eletr\u00f3nicos. O <strong>VOZOL RAVE 40000<\/strong> n\u00e3o \u00e9 apenas um descart\u00e1vel de alta capacidade; \u00e9 uma explos\u00e3o sensorial. Concebido para utilizadores adultos em mais de 70 pa\u00edses, este dispositivo integra uma enorme <strong>20mL de volume de e-l\u00edquido<\/strong> com um espet\u00e1culo de cortar a respira\u00e7\u00e3o <strong>Design de brilho vibrante de 270\u00b0<\/strong>. Quer esteja \u00e0 procura de um <strong>vape descart\u00e1vel por atacado<\/strong> ou um companheiro di\u00e1rio de luxo, o VOZOL RAVE oferece a fus\u00e3o perfeita de <strong>Design elegante, qualidade fi\u00e1vel e pre\u00e7o acess\u00edvel.<\/strong><\/p>\n\n\n\n<figure class=\"wp-block-image size-full\"><img fetchpriority=\"high\" decoding=\"async\" width=\"2260\" height=\"1077\" src=\"https:\/\/frivape.com\/wp-content\/uploads\/2026\/04\/VOZOL-RAVE-40000-Puffs-Disposable-Vape-270\u00b0-LED-Light-Show-S.I.L.C-Tech-1.webp\" alt=\"\" class=\"wp-image-8629\" srcset=\"https:\/\/frivape.com\/wp-content\/uploads\/2026\/04\/VOZOL-RAVE-40000-Puffs-Disposable-Vape-270\u00b0-LED-Light-Show-S.I.L.C-Tech-1.webp 2260w, https:\/\/frivape.com\/wp-content\/uploads\/2026\/04\/VOZOL-RAVE-40000-Puffs-Disposable-Vape-270\u00b0-LED-Light-Show-S.I.L.C-Tech-1-300x143.webp 300w, https:\/\/frivape.com\/wp-content\/uploads\/2026\/04\/VOZOL-RAVE-40000-Puffs-Disposable-Vape-270\u00b0-LED-Light-Show-S.I.L.C-Tech-1-1024x488.webp 1024w, https:\/\/frivape.com\/wp-content\/uploads\/2026\/04\/VOZOL-RAVE-40000-Puffs-Disposable-Vape-270\u00b0-LED-Light-Show-S.I.L.C-Tech-1-768x366.webp 768w, https:\/\/frivape.com\/wp-content\/uploads\/2026\/04\/VOZOL-RAVE-40000-Puffs-Disposable-Vape-270\u00b0-LED-Light-Show-S.I.L.C-Tech-1-1536x732.webp 1536w, https:\/\/frivape.com\/wp-content\/uploads\/2026\/04\/VOZOL-RAVE-40000-Puffs-Disposable-Vape-270\u00b0-LED-Light-Show-S.I.L.C-Tech-1-2048x976.webp 2048w, https:\/\/frivape.com\/wp-content\/uploads\/2026\/04\/VOZOL-RAVE-40000-Puffs-Disposable-Vape-270\u00b0-LED-Light-Show-S.I.L.C-Tech-1-990x472.webp 990w, https:\/\/frivape.com\/wp-content\/uploads\/2026\/04\/VOZOL-RAVE-40000-Puffs-Disposable-Vape-270\u00b0-LED-Light-Show-S.I.L.C-Tech-1-441x210.webp 441w, https:\/\/frivape.com\/wp-content\/uploads\/2026\/04\/VOZOL-RAVE-40000-Puffs-Disposable-Vape-270\u00b0-LED-Light-Show-S.I.L.C-Tech-1-800x381.webp 800w, https:\/\/frivape.com\/wp-content\/uploads\/2026\/04\/VOZOL-RAVE-40000-Puffs-Disposable-Vape-270\u00b0-LED-Light-Show-S.I.L.C-Tech-1-150x71.webp 150w\" sizes=\"(max-width: 2260px) 100vw, 2260px\" \/><\/figure>\n\n\n\n<h3 class=\"wp-block-heading\"><strong>Tecnologia S.I.L.C avan\u00e7ada e precis\u00e3o de 1,2\u03a9<\/strong><\/h3>\n\n\n\n<p>O segredo do desempenho superior do VOZOL RAVE reside na sua tecnologia patenteada <strong>Tecnologia S.I.L.C<\/strong>. Ao assegurar uma <strong>Suave, id\u00eantico, duradouro e limpo<\/strong> este dispositivo elimina a perda de sabor. O sistema integrado <strong>1.2\u03a9 Bobina de malha de alta precis\u00e3o<\/strong> mant\u00e9m uma estabilidade t\u00e9rmica consistente, evitando a \u201ccarameliza\u00e7\u00e3o\u201d do e-l\u00edquido ou o sabor a queimado. Isto garante que a sua 40.000\u00aa baforada tenha um sabor t\u00e3o fresco como a primeira, proporcionando uma \u201cdo\u00e7ura limpa\u201d que evita a l\u00edngua do utilizador.<\/p>\n\n\n\n<h3 class=\"wp-block-heading\"><strong>Menu de sabores exclusivos<\/strong><\/h3>\n\n\n\n<p>Explore a nossa cole\u00e7\u00e3o de sabores meticulosamente elaborada, que inclui tudo, desde os cl\u00e1ssicos mentolados \u00e0 mixologia de frutas ex\u00f3ticas:<\/p>\n\n\n\n<figure class=\"wp-block-image size-full\"><img decoding=\"async\" width=\"1739\" height=\"2560\" src=\"https:\/\/frivape.com\/wp-content\/uploads\/2026\/04\/fXktLZDaNjfNzisHOTQErYmXNCbmX97O8V2YVQTF-scaled.webp\" alt=\"\" class=\"wp-image-8625\" srcset=\"https:\/\/frivape.com\/wp-content\/uploads\/2026\/04\/fXktLZDaNjfNzisHOTQErYmXNCbmX97O8V2YVQTF-scaled.webp 1739w, https:\/\/frivape.com\/wp-content\/uploads\/2026\/04\/fXktLZDaNjfNzisHOTQErYmXNCbmX97O8V2YVQTF-204x300.webp 204w, https:\/\/frivape.com\/wp-content\/uploads\/2026\/04\/fXktLZDaNjfNzisHOTQErYmXNCbmX97O8V2YVQTF-696x1024.webp 696w, https:\/\/frivape.com\/wp-content\/uploads\/2026\/04\/fXktLZDaNjfNzisHOTQErYmXNCbmX97O8V2YVQTF-768x1130.webp 768w, https:\/\/frivape.com\/wp-content\/uploads\/2026\/04\/fXktLZDaNjfNzisHOTQErYmXNCbmX97O8V2YVQTF-1044x1536.webp 1044w, https:\/\/frivape.com\/wp-content\/uploads\/2026\/04\/fXktLZDaNjfNzisHOTQErYmXNCbmX97O8V2YVQTF-1391x2048.webp 1391w, https:\/\/frivape.com\/wp-content\/uploads\/2026\/04\/fXktLZDaNjfNzisHOTQErYmXNCbmX97O8V2YVQTF-990x1457.webp 990w, https:\/\/frivape.com\/wp-content\/uploads\/2026\/04\/fXktLZDaNjfNzisHOTQErYmXNCbmX97O8V2YVQTF-441x649.webp 441w, https:\/\/frivape.com\/wp-content\/uploads\/2026\/04\/fXktLZDaNjfNzisHOTQErYmXNCbmX97O8V2YVQTF-300x442.webp 300w, https:\/\/frivape.com\/wp-content\/uploads\/2026\/04\/fXktLZDaNjfNzisHOTQErYmXNCbmX97O8V2YVQTF-800x1178.webp 800w, https:\/\/frivape.com\/wp-content\/uploads\/2026\/04\/fXktLZDaNjfNzisHOTQErYmXNCbmX97O8V2YVQTF-150x221.webp 150w\" sizes=\"(max-width: 1739px) 100vw, 1739px\" \/><\/figure>\n\n\n\n<h3 class=\"wp-block-heading\"><strong>Modo de festa: Brilho de 270\u00b0 e ilumina\u00e7\u00e3o sincronizada com as batidas<\/strong><\/h3>\n\n\n\n<p>O VOZOL RAVE 40k foi concebido para ser t\u00e3o din\u00e2mico como a m\u00fasica que adora. O <strong>Ecr\u00e3 LED com sensor de batimentos<\/strong> reage ao ritmo da sua tra\u00e7\u00e3o, transformando cada tragada num espet\u00e1culo de luz pessoal. Juntamente com o <strong>Eclipse Vaping Animation<\/strong> Ao verificar a bateria e os n\u00edveis de energia no ecr\u00e3, \u00e9 como se estivesse a interagir com um smartwatch topo de gama. \u00c9 o acess\u00f3rio ideal para ambientes sociais de alta energia, o que o torna um destaque na <strong>Vaporizadores VOZOL<\/strong> alinhamento.<\/p>\n\n\n\n<h3 class=\"wp-block-heading\"><strong>Perguntas mais frequentes (FAQs)<\/strong><\/h3>\n\n\n\n<ul class=\"wp-block-list\">\n<li><strong>Como \u00e9 que a tecnologia S.I.L.C. melhora a experi\u00eancia?<\/strong> S.I.L.C garante que o sabor permanece <strong>Id\u00eantico<\/strong> durante toda a vida \u00fatil da cisterna e <strong>Limpo<\/strong> de quaisquer tons queimados, proporcionando o mais <strong>Longa dura\u00e7\u00e3o<\/strong> e <strong>Suave<\/strong> experi\u00eancia.<\/li>\n\n\n\n<li><strong>Qual \u00e9 a velocidade de carregamento do VOZOL RAVE?<\/strong> O dispositivo possui um carregamento extremamente r\u00e1pido, atingindo uma <strong>80% carregam em apenas 20 minutos<\/strong>, minimizando o tempo de inatividade para o vaper \u201cem movimento\u201d.<\/li>\n\n\n\n<li><strong>O efeito da nicotina \u00e9 suave ou forte?<\/strong> Em <strong>5% (50mg\/mL)<\/strong>, A bobina de alta precis\u00e3o garante que o vapor \u00e9 sedoso e confort\u00e1vel na garganta.<\/li>\n<\/ul>\n\n\n\n<p><strong>AVISO DE SA\u00daDE:<\/strong> Este produto cont\u00e9m nicotina. A nicotina \u00e9 uma subst\u00e2ncia qu\u00edmica que causa depend\u00eancia.<\/p>\n\n\n\n<p><strong>Restri\u00e7\u00e3o de idade:<\/strong> Este produto destina-se apenas a adultos (18+ ou a idade legal para fumar na sua jurisdi\u00e7\u00e3o). Manter fora do alcance das crian\u00e7as e dos animais dom\u00e9sticos. N\u00e3o utilizar se estiver gr\u00e1vida ou a amamentar.<\/p>","protected":false},"excerpt":{"rendered":"<p data-path-to-node=\"7\">O <b data-path-to-node=\"7\" data-index-in-node=\"4\">VOZOL RAVE 40000<\/b> \u00e9 onde a tecnologia futurista encontra o sabor de alta fidelidade.<\/p>\n<ul data-path-to-node=\"8\">\n<li>\n<p data-path-to-node=\"8,0,0\"><b data-path-to-node=\"8,0,0\" data-index-in-node=\"0\">Longevidade inigual\u00e1vel:<\/b> At\u00e9 40.000 baforadas a partir de um reservat\u00f3rio pr\u00e9-cheio de 20 ml.<\/p>\n<\/li>\n<li>\n<p data-path-to-node=\"8,1,0\"><b data-path-to-node=\"8,1,0\" data-index-in-node=\"0\">Espet\u00e1culo visual:<\/b> Ecr\u00e3 LED com sensor de batimento de 270\u00b0 com anima\u00e7\u00f5es de vaporiza\u00e7\u00e3o Eclipse.<\/p>\n<\/li>\n<li>\n<p data-path-to-node=\"8,2,0\"><b data-path-to-node=\"8,2,0\" data-index-in-node=\"0\">Tecnologia S.I.L.C:<\/b> Sabor suave, id\u00eantico, duradouro e limpo.<\/p>\n<\/li>\n<li>\n<p data-path-to-node=\"8,3,0\"><b data-path-to-node=\"8,3,0\" data-index-in-node=\"0\">Recupera\u00e7\u00e3o ultra-r\u00e1pida:<\/b> A bateria de 1000mAh atinge o carregamento do 80% em apenas 20 minutos via Type-C.<\/p>\n<\/li>\n<li>\n<p data-path-to-node=\"8,4,0\"><b data-path-to-node=\"8,4,0\" data-index-in-node=\"0\">Precis\u00e3o de sabor:<\/b> A bobina de malha de alta precis\u00e3o de 1,2\u03a9 mant\u00e9m a estabilidade t\u00e9rmica.<\/p>\n<\/li>\n<li>\n<p data-path-to-node=\"8,5,0\"><b data-path-to-node=\"8,5,0\" data-index-in-node=\"0\">Fiabilidade global:<\/b> Enviado do nosso <b data-path-to-node=\"8,5,0\" data-index-in-node=\"37\">Armaz\u00e9m da UE<\/b> (entrega em 1-3 dias).<\/p>\n<\/li>\n<\/ul>","protected":false},"featured_media":8619,"comment_status":"open","ping_status":"closed","template":"","meta":[],"product_brand":[55],"product_cat":[82,96,87],"product_tag":[75,76,77,79],"class_list":{"0":"post-8594","1":"product","2":"type-product","3":"status-publish","4":"has-post-thumbnail","6":"product_brand-vozol","7":"product_cat-big-puffs-vapes","8":"product_cat-dual-mesh-vapes","9":"product_cat-iced-fruit-vapes","10":"product_tag-eu-warehouse","11":"product_tag-mtl-vaping","12":"product_tag-recharge","13":"product_tag-smart-screen-display","15":"first","16":"instock","17":"sale","18":"shipping-taxable","19":"purchasable","20":"product-type-variable"},"yoast_head":"<!-- This site is optimized with the Yoast SEO plugin v27.1.1 - https:\/\/yoast.com\/product\/yoast-seo-wordpress\/ -->\n<title>VOZOL RAVE 40000 Puffs Disposable Vape - 270\u00b0 LED &amp; S.I.L.C Tech<\/title>\n<meta name=\"description\" content=\"Experience VOZOL RAVE 40000. Features 40k puffs, 20mL tank, S.I.L.C Tech, and a 270\u00b0 LED party mode. 80% charge in 20 mins. 24 fruit flavors available.\" \/>\n<meta name=\"robots\" content=\"noindex, follow, max-snippet:-1, max-image-preview:large, max-video-preview:-1\" \/>\n<meta property=\"og:locale\" content=\"pt_PT\" \/>\n<meta property=\"og:type\" content=\"article\" \/>\n<meta property=\"og:title\" content=\"VOZOL RAVE 40000 Puffs Disposable Vape - 270\u00b0 LED &amp; S.I.L.C Tech\" \/>\n<meta property=\"og:description\" content=\"Experience VOZOL RAVE 40000. Features 40k puffs, 20mL tank, S.I.L.C Tech, and a 270\u00b0 LED party mode. 80% charge in 20 mins. 24 fruit flavors available.\" \/>\n<meta property=\"og:url\" content=\"https:\/\/frivape.com\/pt\/product\/vozol-rave-40000-puffs-visor-led-vape-descartavel\/\" \/>\n<meta property=\"og:site_name\" content=\"frivape | Online Vape Store - Best Vapes, Mods &amp; Disposable Kits\" \/>\n<meta property=\"article:modified_time\" content=\"2026-04-11T17:46:00+00:00\" \/>\n<meta property=\"og:image\" content=\"https:\/\/frivape.com\/wp-content\/uploads\/2026\/04\/vozol-rave-40000-Blue-Razz-Ice-3.webp\" \/>\n\t<meta property=\"og:image:width\" content=\"1200\" \/>\n\t<meta property=\"og:image:height\" content=\"1200\" \/>\n\t<meta property=\"og:image:type\" content=\"image\/webp\" \/>\n<meta name=\"twitter:card\" content=\"summary_large_image\" \/>\n<meta name=\"twitter:label1\" content=\"Tempo estimado de leitura\" \/>\n\t<meta name=\"twitter:data1\" content=\"3 minutos\" \/>\n<script type=\"application\/ld+json\" class=\"yoast-schema-graph\">{\"@context\":\"https:\/\/schema.org\",\"@graph\":[{\"@type\":\"WebPage\",\"@id\":\"https:\/\/frivape.com\/product\/vozol-rave-40000-puffs-led-display-disposable-vape\/\",\"url\":\"https:\/\/frivape.com\/product\/vozol-rave-40000-puffs-led-display-disposable-vape\/\",\"name\":\"VOZOL RAVE 40000 Puffs Disposable Vape - 270\u00b0 LED & S.I.L.C Tech\",\"isPartOf\":{\"@id\":\"https:\/\/frivape.com\/#website\"},\"primaryImageOfPage\":{\"@id\":\"https:\/\/frivape.com\/product\/vozol-rave-40000-puffs-led-display-disposable-vape\/#primaryimage\"},\"image\":{\"@id\":\"https:\/\/frivape.com\/product\/vozol-rave-40000-puffs-led-display-disposable-vape\/#primaryimage\"},\"thumbnailUrl\":\"https:\/\/frivape.com\/wp-content\/uploads\/2026\/04\/vozol-rave-40000-Blue-Razz-Ice-3.webp\",\"datePublished\":\"2026-04-11T17:16:33+00:00\",\"dateModified\":\"2026-04-11T17:46:00+00:00\",\"description\":\"Experience VOZOL RAVE 40000. Features 40k puffs, 20mL tank, S.I.L.C Tech, and a 270\u00b0 LED party mode. 80% charge in 20 mins. 24 fruit flavors available.\",\"breadcrumb\":{\"@id\":\"https:\/\/frivape.com\/product\/vozol-rave-40000-puffs-led-display-disposable-vape\/#breadcrumb\"},\"inLanguage\":\"pt-PT\",\"potentialAction\":[{\"@type\":\"ReadAction\",\"target\":[\"https:\/\/frivape.com\/product\/vozol-rave-40000-puffs-led-display-disposable-vape\/\"]}]},{\"@type\":\"ImageObject\",\"inLanguage\":\"pt-PT\",\"@id\":\"https:\/\/frivape.com\/product\/vozol-rave-40000-puffs-led-display-disposable-vape\/#primaryimage\",\"url\":\"https:\/\/frivape.com\/wp-content\/uploads\/2026\/04\/vozol-rave-40000-Blue-Razz-Ice-3.webp\",\"contentUrl\":\"https:\/\/frivape.com\/wp-content\/uploads\/2026\/04\/vozol-rave-40000-Blue-Razz-Ice-3.webp\",\"width\":1200,\"height\":1200},{\"@type\":\"BreadcrumbList\",\"@id\":\"https:\/\/frivape.com\/product\/vozol-rave-40000-puffs-led-display-disposable-vape\/#breadcrumb\",\"itemListElement\":[{\"@type\":\"ListItem\",\"position\":1,\"name\":\"\u9996\u9875\",\"item\":\"https:\/\/frivape.com\/\"},{\"@type\":\"ListItem\",\"position\":2,\"name\":\"Shop\",\"item\":\"https:\/\/frivape.com\/shop\/\"},{\"@type\":\"ListItem\",\"position\":3,\"name\":\"VOZOL RAVE 40000 Puffs Disposable Vape | 270\u00b0 LED Light Show | S.I.L.C Tech\"}]},{\"@type\":\"WebSite\",\"@id\":\"https:\/\/frivape.com\/#website\",\"url\":\"https:\/\/frivape.com\/\",\"name\":\"frivape | Online Vape Store - Best Vapes, Mods &amp; Disposable Kits\",\"description\":\"Shop frivape, your premier online vape shop for authentic mods, disposable vapes, and premium e-liquids. Direct from Shenzhen with fast Europe local shipping. High quality at wholesale prices.\",\"publisher\":{\"@id\":\"https:\/\/frivape.com\/#organization\"},\"potentialAction\":[{\"@type\":\"SearchAction\",\"target\":{\"@type\":\"EntryPoint\",\"urlTemplate\":\"https:\/\/frivape.com\/?s={search_term_string}\"},\"query-input\":{\"@type\":\"PropertyValueSpecification\",\"valueRequired\":true,\"valueName\":\"search_term_string\"}}],\"inLanguage\":\"pt-PT\"},{\"@type\":\"Organization\",\"@id\":\"https:\/\/frivape.com\/#organization\",\"name\":\"frivape | Online Vape Store - Best Vapes, Mods &amp; Disposable Kits\",\"url\":\"https:\/\/frivape.com\/\",\"logo\":{\"@type\":\"ImageObject\",\"inLanguage\":\"pt-PT\",\"@id\":\"https:\/\/frivape.com\/#\/schema\/logo\/image\/\",\"url\":\"https:\/\/frivape.com\/wp-content\/uploads\/2026\/03\/cropped-frivape-site-title-icon.png\",\"contentUrl\":\"https:\/\/frivape.com\/wp-content\/uploads\/2026\/03\/cropped-frivape-site-title-icon.png\",\"width\":470,\"height\":110,\"caption\":\"frivape | Online Vape Store - Best Vapes, Mods &amp; Disposable Kits\"},\"image\":{\"@id\":\"https:\/\/frivape.com\/#\/schema\/logo\/image\/\"}}]}<\/script>\n<!-- \/ Yoast SEO plugin. -->","yoast_head_json":{"title":"VOZOL RAVE 40000 Puffs Vape descart\u00e1vel - 270\u00b0 LED &amp; S.I.L.C Tech","description":"Experimenta o VOZOL RAVE 40000. Possui 40k puffs, tanque de 20mL, S.I.L.C Tech e um modo de festa LED de 270\u00b0. 80% carrega em 20 minutos. 24 sabores de frutas dispon\u00edveis.","robots":{"index":"noindex","follow":"follow","max-snippet":"max-snippet:-1","max-image-preview":"max-image-preview:large","max-video-preview":"max-video-preview:-1"},"og_locale":"pt_PT","og_type":"article","og_title":"VOZOL RAVE 40000 Puffs Disposable Vape - 270\u00b0 LED & S.I.L.C Tech","og_description":"Experience VOZOL RAVE 40000. Features 40k puffs, 20mL tank, S.I.L.C Tech, and a 270\u00b0 LED party mode. 80% charge in 20 mins. 24 fruit flavors available.","og_url":"https:\/\/frivape.com\/pt\/product\/vozol-rave-40000-puffs-visor-led-vape-descartavel\/","og_site_name":"frivape | Online Vape Store - Best Vapes, Mods &amp; Disposable Kits","article_modified_time":"2026-04-11T17:46:00+00:00","og_image":[{"width":1200,"height":1200,"url":"https:\/\/frivape.com\/wp-content\/uploads\/2026\/04\/vozol-rave-40000-Blue-Razz-Ice-3.webp","type":"image\/webp"}],"twitter_card":"summary_large_image","twitter_misc":{"Tempo estimado de leitura":"3 minutos"},"schema":{"@context":"https:\/\/schema.org","@graph":[{"@type":"WebPage","@id":"https:\/\/frivape.com\/product\/vozol-rave-40000-puffs-led-display-disposable-vape\/","url":"https:\/\/frivape.com\/product\/vozol-rave-40000-puffs-led-display-disposable-vape\/","name":"VOZOL RAVE 40000 Puffs Vape descart\u00e1vel - 270\u00b0 LED &amp; S.I.L.C Tech","isPartOf":{"@id":"https:\/\/frivape.com\/#website"},"primaryImageOfPage":{"@id":"https:\/\/frivape.com\/product\/vozol-rave-40000-puffs-led-display-disposable-vape\/#primaryimage"},"image":{"@id":"https:\/\/frivape.com\/product\/vozol-rave-40000-puffs-led-display-disposable-vape\/#primaryimage"},"thumbnailUrl":"https:\/\/frivape.com\/wp-content\/uploads\/2026\/04\/vozol-rave-40000-Blue-Razz-Ice-3.webp","datePublished":"2026-04-11T17:16:33+00:00","dateModified":"2026-04-11T17:46:00+00:00","description":"Experimenta o VOZOL RAVE 40000. Possui 40k puffs, tanque de 20mL, S.I.L.C Tech e um modo de festa LED de 270\u00b0. 80% carrega em 20 minutos. 24 sabores de frutas dispon\u00edveis.","breadcrumb":{"@id":"https:\/\/frivape.com\/product\/vozol-rave-40000-puffs-led-display-disposable-vape\/#breadcrumb"},"inLanguage":"pt-PT","potentialAction":[{"@type":"ReadAction","target":["https:\/\/frivape.com\/product\/vozol-rave-40000-puffs-led-display-disposable-vape\/"]}]},{"@type":"ImageObject","inLanguage":"pt-PT","@id":"https:\/\/frivape.com\/product\/vozol-rave-40000-puffs-led-display-disposable-vape\/#primaryimage","url":"https:\/\/frivape.com\/wp-content\/uploads\/2026\/04\/vozol-rave-40000-Blue-Razz-Ice-3.webp","contentUrl":"https:\/\/frivape.com\/wp-content\/uploads\/2026\/04\/vozol-rave-40000-Blue-Razz-Ice-3.webp","width":1200,"height":1200},{"@type":"BreadcrumbList","@id":"https:\/\/frivape.com\/product\/vozol-rave-40000-puffs-led-display-disposable-vape\/#breadcrumb","itemListElement":[{"@type":"ListItem","position":1,"name":"\u9996\u9875","item":"https:\/\/frivape.com\/"},{"@type":"ListItem","position":2,"name":"Shop","item":"https:\/\/frivape.com\/shop\/"},{"@type":"ListItem","position":3,"name":"VOZOL RAVE 40000 Puffs Disposable Vape | 270\u00b0 LED Light Show | S.I.L.C Tech"}]},{"@type":"WebSite","@id":"https:\/\/frivape.com\/#website","url":"https:\/\/frivape.com\/","name":"frivape | Loja Online de Vape - Melhores Vapes, Mods e Kits Descart\u00e1veis","description":"Compre na frivape, a sua principal loja online de vape para mods aut\u00eanticos, vapes descart\u00e1veis e e-l\u00edquidos de primeira qualidade. Diretamente de Shenzhen com envio local r\u00e1pido para a Europa. Alta qualidade a pre\u00e7os grossistas.","publisher":{"@id":"https:\/\/frivape.com\/#organization"},"potentialAction":[{"@type":"SearchAction","target":{"@type":"EntryPoint","urlTemplate":"https:\/\/frivape.com\/?s={search_term_string}"},"query-input":{"@type":"PropertyValueSpecification","valueRequired":true,"valueName":"search_term_string"}}],"inLanguage":"pt-PT"},{"@type":"Organization","@id":"https:\/\/frivape.com\/#organization","name":"frivape | Loja Online de Vape - Melhores Vapes, Mods e Kits Descart\u00e1veis","url":"https:\/\/frivape.com\/","logo":{"@type":"ImageObject","inLanguage":"pt-PT","@id":"https:\/\/frivape.com\/#\/schema\/logo\/image\/","url":"https:\/\/frivape.com\/wp-content\/uploads\/2026\/03\/cropped-frivape-site-title-icon.png","contentUrl":"https:\/\/frivape.com\/wp-content\/uploads\/2026\/03\/cropped-frivape-site-title-icon.png","width":470,"height":110,"caption":"frivape | Online Vape Store - Best Vapes, Mods &amp; Disposable Kits"},"image":{"@id":"https:\/\/frivape.com\/#\/schema\/logo\/image\/"}}]}},"tiered_pricing_type":"fixed","tiered_pricing_fixed_rules":{"10":12.99,"50":11.99,"100":10.99,"200":9.99},"tiered_pricing_product_settings":{"layout":"default","base_unit_name":{"singular":null,"plural":null},"default_variation":{}},"tiered_pricing_minimum_quantity":null,"tiered_pricing_roles_data":[],"tiered_pricing_percentage_rules":[],"_links":{"self":[{"href":"https:\/\/frivape.com\/pt\/wp-json\/wp\/v2\/product\/8594","targetHints":{"allow":["GET"]}}],"collection":[{"href":"https:\/\/frivape.com\/pt\/wp-json\/wp\/v2\/product"}],"about":[{"href":"https:\/\/frivape.com\/pt\/wp-json\/wp\/v2\/types\/product"}],"replies":[{"embeddable":true,"href":"https:\/\/frivape.com\/pt\/wp-json\/wp\/v2\/comments?post=8594"}],"wp:featuredmedia":[{"embeddable":true,"href":"https:\/\/frivape.com\/pt\/wp-json\/wp\/v2\/media\/8619"}],"wp:attachment":[{"href":"https:\/\/frivape.com\/pt\/wp-json\/wp\/v2\/media?parent=8594"}],"wp:term":[{"taxonomy":"product_brand","embeddable":true,"href":"https:\/\/frivape.com\/pt\/wp-json\/wp\/v2\/product_brand?post=8594"},{"taxonomy":"product_cat","embeddable":true,"href":"https:\/\/frivape.com\/pt\/wp-json\/wp\/v2\/product_cat?post=8594"},{"taxonomy":"product_tag","embeddable":true,"href":"https:\/\/frivape.com\/pt\/wp-json\/wp\/v2\/product_tag?post=8594"}],"curies":[{"name":"wp","href":"https:\/\/api.w.org\/{rel}","templated":true}]}}