{"id":8946,"date":"2026-04-12T15:35:49","date_gmt":"2026-04-12T07:35:49","guid":{"rendered":"https:\/\/frivape.com\/?post_type=product&#038;p=8946"},"modified":"2026-04-12T15:43:25","modified_gmt":"2026-04-12T07:43:25","slug":"jnr-falcon-x-18000-puffs-visor-digital-vape","status":"publish","type":"product","link":"https:\/\/frivape.com\/pt\/product\/jnr-falcon-x-18000-puffs-visor-digital-vape\/","title":{"rendered":"JNR Falcon X 18000 Puffs Vape descart\u00e1vel | 0.6\u03a9 Malha dupla e display digital | 24mL"},"content":{"rendered":"<h2 class=\"wp-block-heading has-text-align-center\"><strong>A engenharia por detr\u00e1s do JNR Falcon X 18000<\/strong><\/h2>\n\n\n\n<p>O <strong>JNR Falcon X 18000<\/strong> n\u00e3o \u00e9 apenas um descart\u00e1vel; \u00e9 uma esta\u00e7\u00e3o de vaporiza\u00e7\u00e3o concebida com precis\u00e3o. Impulsionada pela vis\u00e3o de <strong>\u201cFiabilidade m\u00e1xima,\u201d<\/strong> A JNR equipou este modelo com um <strong>Controlo de n\u00facleo duplo<\/strong> que alterna entre as suas bobinas de malha. Isto evita a degrada\u00e7\u00e3o do sabor ao longo do tempo, garantindo que a \u00faltima baforada \u00e9 t\u00e3o vibrante como a primeira. Com um <strong>Reservat\u00f3rio XL de 24 ml<\/strong>, A sua rela\u00e7\u00e3o l\u00edquido-l\u00edquido por tragada \u00e9 uma das mais elevadas da ind\u00fastria, o que a torna a escolha perfeita tanto para utilizadores frequentes como para grossistas.<\/p>\n\n\n\n<h3 class=\"wp-block-heading\"><strong>0.6\u03a9 Malha Dupla: Uma verdadeira experi\u00eancia sub-Ohm<\/strong><\/h3>\n\n\n\n<p>Ao contr\u00e1rio das bobinas normais de 1,2\u03a9 encontradas nos descart\u00e1veis b\u00e1sicos, o Falcon X utiliza uma <strong>malha dupla de 0,6\u03a9 de baixa resist\u00eancia<\/strong> configura\u00e7\u00e3o. Isto permite uma maior pot\u00eancia equivalente de sa\u00edda, resultando em <strong>Nuvens de vapor densas<\/strong> e um perfil \u201cBold Flavor\u201d t\u00edpico de kits de modifica\u00e7\u00e3o caros. Quer esteja a utilizar o <strong>2% (20mg\/mL)<\/strong> ou <strong>5% (50mg\/mL)<\/strong> op\u00e7\u00f5es de sal de nicotina, a batida na garganta permanece suave e satisfat\u00f3ria gra\u00e7as \u00e0 tecnologia de atomiza\u00e7\u00e3o avan\u00e7ada.<\/p>\n\n\n\n<h3 class=\"wp-block-heading\"><strong>Visibilidade total com ecr\u00e3 LED inteligente<\/strong><\/h3>\n\n\n\n<p>Nunca seja apanhado desprevenido por uma bateria descarregada ou um dep\u00f3sito vazio. O <strong>JNR Falcon X<\/strong> apresenta um ecr\u00e3 cristalino <strong>Painel de instrumentos digital LED<\/strong>. Esta interface de alta tecnologia fornece uma contagem decrescente em tempo real dos seus recursos restantes. Emparelhado com o <strong>Bateria recarreg\u00e1vel de 950mAh<\/strong>, que carrega completamente em cerca de 45-60 minutos atrav\u00e9s do Tipo-C, o Falcon X oferece uma viagem de vaporiza\u00e7\u00e3o com \u201cansiedade zero\u201d.<\/p>\n\n\n\n<h3 class=\"wp-block-heading\"><strong>Cole\u00e7\u00e3o de 50+ sabores Premium com curadoria<\/strong><\/h3>\n\n\n\n<p>Descubra um mundo de frutos ex\u00f3ticos, gelados refrescantes e misturas de assinatura JNR:<\/p>\n\n\n\n<ol start=\"1\" class=\"wp-block-list\">\n<li><strong>Gelo Blue Razz<\/strong> | 02. <strong>Mirtilo Framboesa<\/strong> | 03. <strong>Hortel\u00e3 fresca<\/strong> | 04. <strong>Gelo de melancia com kiwi<\/strong> | 05. <strong>Gelo de uva<\/strong> | 06. <strong>Morango Kiwi<\/strong> | 07. <strong>Gelo de morango e melancia<\/strong> | 08. <strong>Gelo de melancia<\/strong> | 09. <strong>Gelo de morango<\/strong> | 10. <strong>Bagas mistas<\/strong> | 11. <strong>Pastilha el\u00e1stica de melancia<\/strong> | 12. <strong>Gelo de ma\u00e7\u00e3 azeda<\/strong> | 13. <strong>Gelo de p\u00eassego<\/strong> | 14. <strong>Urso de goma<\/strong> | 15. <strong>Bagas<\/strong> | 16. <strong>Mirtilo Framboesa Cereja<\/strong> | 17. <strong>Baga de cereja<\/strong> | 18. <strong>Banana com morango<\/strong> | 19. <strong>Lim\u00e3o e lima<\/strong> | 20. <strong>Mirtilo Kiwi<\/strong> | 21. <strong>Maracuj\u00e1 Kiwi<\/strong> | 22. <strong>P\u00eassego branco Razz<\/strong> | 23. <strong>Azul Razz Cereja<\/strong> | 24. <strong>Gelado de melancia com cereja<\/strong> | 25. <strong>Cola de cereja<\/strong> | 26. <strong>Gelo de p\u00eassego de ver\u00e3o<\/strong> | 27. <strong>Mirtilo Cereja Arando<\/strong> | 28. <strong>P\u00eassego Manga Anan\u00e1s<\/strong> | 29. <strong>Baga de p\u00eassego<\/strong> | 30. <strong>Gelo de banana<\/strong> | 31. <strong>Skittles<\/strong> | 32. <strong>Mel\u00e3o triplo<\/strong> | 33. <strong>Sr. Blue<\/strong> | 34. <strong>Gelo de cereja<\/strong> | 35. <strong>Melancia Lichia<\/strong> | 36. <strong>Gelo negro<\/strong> | 37. <strong>Amor 66<\/strong> | 38. <strong>Havai<\/strong> | 39. <strong>Meu Amor<\/strong> | 40. <strong>Lady Killa<\/strong> | 41. <strong>Framboesa Ruibarbo<\/strong> | 42. <strong>Limonada de p\u00eassego e cereja<\/strong> | 43. <strong>Explos\u00e3o de cerejas azuis<\/strong> | 44. <strong>Pera-ma\u00e7\u00e3<\/strong> | 45. <strong>Frutos tropicais<\/strong> | 46. <strong>JNR Cereja com g\u00e1s<\/strong> | 47. <strong>JNR Melancia Rooty Fizz<\/strong> | 48. <strong>Mousseux de cacau azul JNR<\/strong> | 49. <strong>JNR Bagas de fruta picantes<\/strong> | 50. <strong>JNR Raspberry Rouge Gumdrop<\/strong><\/li>\n<\/ol>\n\n\n\n<h3 class=\"wp-block-heading\"><strong>Perguntas mais frequentes (FAQs)<\/strong><\/h3>\n\n\n\n<ul class=\"wp-block-list\">\n<li><strong>Quanto tempo dura normalmente um dispositivo JNR 18k?<\/strong> Com <strong>18.000 baforadas<\/strong> e um <strong>Dep\u00f3sito de 24mL<\/strong>, Um \u00fanico dispositivo tem uma dura\u00e7\u00e3o de 3 a 5 semanas para os utilizadores m\u00e9dios.<\/li>\n\n\n\n<li><strong>Qual \u00e9 a vantagem da bobina de 0,6\u03a9?<\/strong> Proporciona uma experi\u00eancia \u201cSub-Ohm\u201d, o que significa mais vapor e um sabor mais intenso. \u00c9 ideal para utilizadores que se afastam dos narguil\u00e9s tradicionais.<\/li>\n\n\n\n<li><strong>O fluxo de ar \u00e9 verdadeiramente ajust\u00e1vel?<\/strong> Sim. A base do dispositivo possui um interrutor que permite alternar entre uma <strong>MTL (Boca-a-Pulm\u00e3o)<\/strong> e uma maior abertura <strong>RDL (Pulm\u00e3o Direto Restrito)<\/strong> desenhar.<\/li>\n\n\n\n<li><strong>Existem taxas ocultas para a expedi\u00e7\u00e3o para a UE?<\/strong> N\u00e3o. Todos os nossos envios a partir do <strong>Armaz\u00e9m da UE<\/strong> utiliza\u00e7\u00e3o <strong>DDP (Delivered Duty Paid)<\/strong> condi\u00e7\u00f5es. N\u00f3s tratamos de todas as alf\u00e2ndegas e impostos.<\/li>\n<\/ul>\n\n\n\n<p><strong>AVISO DE SA\u00daDE:<\/strong> Este produto cont\u00e9m nicotina. A nicotina \u00e9 uma subst\u00e2ncia qu\u00edmica que causa depend\u00eancia.<\/p>\n\n\n\n<p><strong>Restri\u00e7\u00e3o de idade:<\/strong> Este produto destina-se apenas a adultos (18+). Manter fora do alcance das crian\u00e7as e dos animais dom\u00e9sticos.<\/p>","protected":false},"excerpt":{"rendered":"<p data-path-to-node=\"10\">Entre no futuro do vaping com o <b data-path-to-node=\"10\" data-index-in-node=\"40\">JNR Falcon X 18k<\/b>, onde a monitoriza\u00e7\u00e3o de alta tecnologia se encontra com o desempenho bruto.<\/p>\n<ul data-path-to-node=\"11\">\n<li>\n<p data-path-to-node=\"11,0,0\"><b data-path-to-node=\"11,0,0\" data-index-in-node=\"0\">Contagem extrema de puffs:<\/b> At\u00e9 18.000 baforadas suportadas por um sistema dual-core ultra-eficiente.<\/p>\n<\/li>\n<li>\n<p data-path-to-node=\"11,1,0\"><b data-path-to-node=\"11,1,0\" data-index-in-node=\"0\">Desempenho Sub-Ohm:<\/b> A bobina de malha dupla de 0,6\u03a9 garante um aquecimento r\u00e1pido e enormes explos\u00f5es de nuvens.<\/p>\n<\/li>\n<li>\n<p data-path-to-node=\"11,2,0\"><b data-path-to-node=\"11,2,0\" data-index-in-node=\"0\">Monitoriza\u00e7\u00e3o inteligente:<\/b> O ecr\u00e3 LED de alta defini\u00e7\u00e3o apresenta a percentagem da bateria e o estado da energia.<\/p>\n<\/li>\n<li>\n<p data-path-to-node=\"11,3,0\"><b data-path-to-node=\"11,3,0\" data-index-in-node=\"0\">Fluxo de ar personalizado:<\/b> Alternador montado na parte inferior para uma tra\u00e7\u00e3o MTL apertada ou uma tra\u00e7\u00e3o RDL com nuvens.<\/p>\n<\/li>\n<li>\n<p data-path-to-node=\"11,4,0\"><b data-path-to-node=\"11,4,0\" data-index-in-node=\"0\">Recupera\u00e7\u00e3o r\u00e1pida:<\/b> Bateria de cobalto de 950mAh com carregamento r\u00e1pido Tipo C (20-25 minutos para 80%).<\/p>\n<\/li>\n<li>\n<p data-path-to-node=\"11,5,0\"><b data-path-to-node=\"11,5,0\" data-index-in-node=\"0\">Vantagem B2B:<\/b> Enviado de <b data-path-to-node=\"11,5,0\" data-index-in-node=\"28\">Armaz\u00e9m de Berlim\/Alemanha<\/b> com garantia de desalfandegamento 100%.<\/p>\n<\/li>\n<\/ul>","protected":false},"featured_media":8947,"comment_status":"open","ping_status":"closed","template":"","meta":[],"product_brand":[65],"product_cat":[88,89,96,87,83],"product_tag":[75,76,93,77,79],"class_list":{"0":"post-8946","1":"product","2":"type-product","3":"status-publish","4":"has-post-thumbnail","6":"product_brand-jnr","7":"product_cat-beverage-soda-vapes","8":"product_cat-candy-sweet-vapes","9":"product_cat-dual-mesh-vapes","10":"product_cat-iced-fruit-vapes","11":"product_cat-pro-puffs-vapes","12":"product_tag-eu-warehouse","13":"product_tag-mtl-vaping","14":"product_tag-rdl-vaping","15":"product_tag-recharge","16":"product_tag-smart-screen-display","18":"first","19":"instock","20":"sale","21":"shipping-taxable","22":"purchasable","23":"product-type-variable"},"yoast_head":"<!-- This site is optimized with the Yoast SEO plugin v27.1.1 - https:\/\/yoast.com\/product\/yoast-seo-wordpress\/ -->\n<title>JNR Falcon X 18000 Puffs Vape - 0.6\u03a9 Dual Mesh &amp; LED Display<\/title>\n<meta name=\"description\" content=\"Explore the JNR Falcon X 18000. Features 18k puffs, 24mL reservoir, 0.6\u03a9 Dual Mesh coil, and Smart LED screen. Wholesale discounts &amp; fast EU shipping.\" \/>\n<meta name=\"robots\" content=\"noindex, follow, max-snippet:-1, max-image-preview:large, max-video-preview:-1\" \/>\n<meta property=\"og:locale\" content=\"pt_PT\" \/>\n<meta property=\"og:type\" content=\"article\" \/>\n<meta property=\"og:title\" content=\"JNR Falcon X 18000 Puffs Vape - 0.6\u03a9 Dual Mesh &amp; LED Display\" \/>\n<meta property=\"og:description\" content=\"Explore the JNR Falcon X 18000. Features 18k puffs, 24mL reservoir, 0.6\u03a9 Dual Mesh coil, and Smart LED screen. Wholesale discounts &amp; fast EU shipping.\" \/>\n<meta property=\"og:url\" content=\"https:\/\/frivape.com\/pt\/product\/jnr-falcon-x-18000-puffs-visor-digital-vape\/\" \/>\n<meta property=\"og:site_name\" content=\"frivape | Online Vape Store - Best Vapes, Mods &amp; Disposable Kits\" \/>\n<meta property=\"article:modified_time\" content=\"2026-04-12T07:43:25+00:00\" \/>\n<meta property=\"og:image\" content=\"https:\/\/frivape.com\/wp-content\/uploads\/2026\/04\/jnr-falon-x-18000-puffs-24hvape-jnr-falon-x-18000-puffs-sleek-vape-jnr-falon-x-18000-puffs-home-page-picture.jpg.webp\" \/>\n\t<meta property=\"og:image:width\" content=\"1000\" \/>\n\t<meta property=\"og:image:height\" content=\"1000\" \/>\n\t<meta property=\"og:image:type\" content=\"image\/webp\" \/>\n<meta name=\"twitter:card\" content=\"summary_large_image\" \/>\n<meta name=\"twitter:label1\" content=\"Tempo estimado de leitura\" \/>\n\t<meta name=\"twitter:data1\" content=\"3 minutos\" \/>\n<script type=\"application\/ld+json\" class=\"yoast-schema-graph\">{\"@context\":\"https:\/\/schema.org\",\"@graph\":[{\"@type\":\"WebPage\",\"@id\":\"https:\/\/frivape.com\/product\/jnr-falcon-x-18000-puffs-digital-display-vape\/\",\"url\":\"https:\/\/frivape.com\/product\/jnr-falcon-x-18000-puffs-digital-display-vape\/\",\"name\":\"JNR Falcon X 18000 Puffs Vape - 0.6\u03a9 Dual Mesh & LED Display\",\"isPartOf\":{\"@id\":\"https:\/\/frivape.com\/#website\"},\"primaryImageOfPage\":{\"@id\":\"https:\/\/frivape.com\/product\/jnr-falcon-x-18000-puffs-digital-display-vape\/#primaryimage\"},\"image\":{\"@id\":\"https:\/\/frivape.com\/product\/jnr-falcon-x-18000-puffs-digital-display-vape\/#primaryimage\"},\"thumbnailUrl\":\"https:\/\/frivape.com\/wp-content\/uploads\/2026\/04\/jnr-falon-x-18000-puffs-24hvape-jnr-falon-x-18000-puffs-sleek-vape-jnr-falon-x-18000-puffs-home-page-picture.jpg.webp\",\"datePublished\":\"2026-04-12T07:35:49+00:00\",\"dateModified\":\"2026-04-12T07:43:25+00:00\",\"description\":\"Explore the JNR Falcon X 18000. Features 18k puffs, 24mL reservoir, 0.6\u03a9 Dual Mesh coil, and Smart LED screen. Wholesale discounts & fast EU shipping.\",\"breadcrumb\":{\"@id\":\"https:\/\/frivape.com\/product\/jnr-falcon-x-18000-puffs-digital-display-vape\/#breadcrumb\"},\"inLanguage\":\"pt-PT\",\"potentialAction\":[{\"@type\":\"ReadAction\",\"target\":[\"https:\/\/frivape.com\/product\/jnr-falcon-x-18000-puffs-digital-display-vape\/\"]}]},{\"@type\":\"ImageObject\",\"inLanguage\":\"pt-PT\",\"@id\":\"https:\/\/frivape.com\/product\/jnr-falcon-x-18000-puffs-digital-display-vape\/#primaryimage\",\"url\":\"https:\/\/frivape.com\/wp-content\/uploads\/2026\/04\/jnr-falon-x-18000-puffs-24hvape-jnr-falon-x-18000-puffs-sleek-vape-jnr-falon-x-18000-puffs-home-page-picture.jpg.webp\",\"contentUrl\":\"https:\/\/frivape.com\/wp-content\/uploads\/2026\/04\/jnr-falon-x-18000-puffs-24hvape-jnr-falon-x-18000-puffs-sleek-vape-jnr-falon-x-18000-puffs-home-page-picture.jpg.webp\",\"width\":1000,\"height\":1000},{\"@type\":\"BreadcrumbList\",\"@id\":\"https:\/\/frivape.com\/product\/jnr-falcon-x-18000-puffs-digital-display-vape\/#breadcrumb\",\"itemListElement\":[{\"@type\":\"ListItem\",\"position\":1,\"name\":\"\u9996\u9875\",\"item\":\"https:\/\/frivape.com\/\"},{\"@type\":\"ListItem\",\"position\":2,\"name\":\"Shop\",\"item\":\"https:\/\/frivape.com\/shop\/\"},{\"@type\":\"ListItem\",\"position\":3,\"name\":\"JNR Falcon X 18000 Puffs Disposable Vape | 0.6\u03a9 Dual Mesh &amp; Digital Display | 24mL\"}]},{\"@type\":\"WebSite\",\"@id\":\"https:\/\/frivape.com\/#website\",\"url\":\"https:\/\/frivape.com\/\",\"name\":\"frivape | Online Vape Store - Best Vapes, Mods &amp; Disposable Kits\",\"description\":\"Shop frivape, your premier online vape shop for authentic mods, disposable vapes, and premium e-liquids. Direct from Shenzhen with fast Europe local shipping. High quality at wholesale prices.\",\"publisher\":{\"@id\":\"https:\/\/frivape.com\/#organization\"},\"potentialAction\":[{\"@type\":\"SearchAction\",\"target\":{\"@type\":\"EntryPoint\",\"urlTemplate\":\"https:\/\/frivape.com\/?s={search_term_string}\"},\"query-input\":{\"@type\":\"PropertyValueSpecification\",\"valueRequired\":true,\"valueName\":\"search_term_string\"}}],\"inLanguage\":\"pt-PT\"},{\"@type\":\"Organization\",\"@id\":\"https:\/\/frivape.com\/#organization\",\"name\":\"frivape | Online Vape Store - Best Vapes, Mods &amp; Disposable Kits\",\"url\":\"https:\/\/frivape.com\/\",\"logo\":{\"@type\":\"ImageObject\",\"inLanguage\":\"pt-PT\",\"@id\":\"https:\/\/frivape.com\/#\/schema\/logo\/image\/\",\"url\":\"https:\/\/frivape.com\/wp-content\/uploads\/2026\/03\/cropped-frivape-site-title-icon.png\",\"contentUrl\":\"https:\/\/frivape.com\/wp-content\/uploads\/2026\/03\/cropped-frivape-site-title-icon.png\",\"width\":470,\"height\":110,\"caption\":\"frivape | Online Vape Store - Best Vapes, Mods &amp; Disposable Kits\"},\"image\":{\"@id\":\"https:\/\/frivape.com\/#\/schema\/logo\/image\/\"}}]}<\/script>\n<!-- \/ Yoast SEO plugin. -->","yoast_head_json":{"title":"JNR Falcon X 18000 Puffs Vape - 0.6\u03a9 Malha Dupla e Ecr\u00e3 LED","description":"Explore o JNR Falcon X 18000. Possui 18k puffs, reservat\u00f3rio de 24mL, bobina de malha dupla de 0,6\u03a9 e tela de LED inteligente. Descontos por grosso e envio r\u00e1pido para a UE.","robots":{"index":"noindex","follow":"follow","max-snippet":"max-snippet:-1","max-image-preview":"max-image-preview:large","max-video-preview":"max-video-preview:-1"},"og_locale":"pt_PT","og_type":"article","og_title":"JNR Falcon X 18000 Puffs Vape - 0.6\u03a9 Dual Mesh & LED Display","og_description":"Explore the JNR Falcon X 18000. Features 18k puffs, 24mL reservoir, 0.6\u03a9 Dual Mesh coil, and Smart LED screen. Wholesale discounts & fast EU shipping.","og_url":"https:\/\/frivape.com\/pt\/product\/jnr-falcon-x-18000-puffs-visor-digital-vape\/","og_site_name":"frivape | Online Vape Store - Best Vapes, Mods &amp; Disposable Kits","article_modified_time":"2026-04-12T07:43:25+00:00","og_image":[{"width":1000,"height":1000,"url":"https:\/\/frivape.com\/wp-content\/uploads\/2026\/04\/jnr-falon-x-18000-puffs-24hvape-jnr-falon-x-18000-puffs-sleek-vape-jnr-falon-x-18000-puffs-home-page-picture.jpg.webp","type":"image\/webp"}],"twitter_card":"summary_large_image","twitter_misc":{"Tempo estimado de leitura":"3 minutos"},"schema":{"@context":"https:\/\/schema.org","@graph":[{"@type":"WebPage","@id":"https:\/\/frivape.com\/product\/jnr-falcon-x-18000-puffs-digital-display-vape\/","url":"https:\/\/frivape.com\/product\/jnr-falcon-x-18000-puffs-digital-display-vape\/","name":"JNR Falcon X 18000 Puffs Vape - 0.6\u03a9 Malha Dupla e Ecr\u00e3 LED","isPartOf":{"@id":"https:\/\/frivape.com\/#website"},"primaryImageOfPage":{"@id":"https:\/\/frivape.com\/product\/jnr-falcon-x-18000-puffs-digital-display-vape\/#primaryimage"},"image":{"@id":"https:\/\/frivape.com\/product\/jnr-falcon-x-18000-puffs-digital-display-vape\/#primaryimage"},"thumbnailUrl":"https:\/\/frivape.com\/wp-content\/uploads\/2026\/04\/jnr-falon-x-18000-puffs-24hvape-jnr-falon-x-18000-puffs-sleek-vape-jnr-falon-x-18000-puffs-home-page-picture.jpg.webp","datePublished":"2026-04-12T07:35:49+00:00","dateModified":"2026-04-12T07:43:25+00:00","description":"Explore o JNR Falcon X 18000. Possui 18k puffs, reservat\u00f3rio de 24mL, bobina de malha dupla de 0,6\u03a9 e tela de LED inteligente. Descontos por grosso e envio r\u00e1pido para a UE.","breadcrumb":{"@id":"https:\/\/frivape.com\/product\/jnr-falcon-x-18000-puffs-digital-display-vape\/#breadcrumb"},"inLanguage":"pt-PT","potentialAction":[{"@type":"ReadAction","target":["https:\/\/frivape.com\/product\/jnr-falcon-x-18000-puffs-digital-display-vape\/"]}]},{"@type":"ImageObject","inLanguage":"pt-PT","@id":"https:\/\/frivape.com\/product\/jnr-falcon-x-18000-puffs-digital-display-vape\/#primaryimage","url":"https:\/\/frivape.com\/wp-content\/uploads\/2026\/04\/jnr-falon-x-18000-puffs-24hvape-jnr-falon-x-18000-puffs-sleek-vape-jnr-falon-x-18000-puffs-home-page-picture.jpg.webp","contentUrl":"https:\/\/frivape.com\/wp-content\/uploads\/2026\/04\/jnr-falon-x-18000-puffs-24hvape-jnr-falon-x-18000-puffs-sleek-vape-jnr-falon-x-18000-puffs-home-page-picture.jpg.webp","width":1000,"height":1000},{"@type":"BreadcrumbList","@id":"https:\/\/frivape.com\/product\/jnr-falcon-x-18000-puffs-digital-display-vape\/#breadcrumb","itemListElement":[{"@type":"ListItem","position":1,"name":"\u9996\u9875","item":"https:\/\/frivape.com\/"},{"@type":"ListItem","position":2,"name":"Shop","item":"https:\/\/frivape.com\/shop\/"},{"@type":"ListItem","position":3,"name":"JNR Falcon X 18000 Puffs Disposable Vape | 0.6\u03a9 Dual Mesh &amp; Digital Display | 24mL"}]},{"@type":"WebSite","@id":"https:\/\/frivape.com\/#website","url":"https:\/\/frivape.com\/","name":"frivape | Loja Online de Vape - Melhores Vapes, Mods e Kits Descart\u00e1veis","description":"Compre na frivape, a sua principal loja online de vape para mods aut\u00eanticos, vapes descart\u00e1veis e e-l\u00edquidos de primeira qualidade. Diretamente de Shenzhen com envio local r\u00e1pido para a Europa. Alta qualidade a pre\u00e7os grossistas.","publisher":{"@id":"https:\/\/frivape.com\/#organization"},"potentialAction":[{"@type":"SearchAction","target":{"@type":"EntryPoint","urlTemplate":"https:\/\/frivape.com\/?s={search_term_string}"},"query-input":{"@type":"PropertyValueSpecification","valueRequired":true,"valueName":"search_term_string"}}],"inLanguage":"pt-PT"},{"@type":"Organization","@id":"https:\/\/frivape.com\/#organization","name":"frivape | Loja Online de Vape - Melhores Vapes, Mods e Kits Descart\u00e1veis","url":"https:\/\/frivape.com\/","logo":{"@type":"ImageObject","inLanguage":"pt-PT","@id":"https:\/\/frivape.com\/#\/schema\/logo\/image\/","url":"https:\/\/frivape.com\/wp-content\/uploads\/2026\/03\/cropped-frivape-site-title-icon.png","contentUrl":"https:\/\/frivape.com\/wp-content\/uploads\/2026\/03\/cropped-frivape-site-title-icon.png","width":470,"height":110,"caption":"frivape | Online Vape Store - Best Vapes, Mods &amp; Disposable Kits"},"image":{"@id":"https:\/\/frivape.com\/#\/schema\/logo\/image\/"}}]}},"tiered_pricing_type":"fixed","tiered_pricing_fixed_rules":{"10":12.39,"50":11.59,"100":10.79,"200":9.99},"tiered_pricing_product_settings":{"layout":"default","base_unit_name":{"singular":null,"plural":null},"default_variation":{}},"tiered_pricing_minimum_quantity":null,"tiered_pricing_roles_data":[],"tiered_pricing_percentage_rules":[],"_links":{"self":[{"href":"https:\/\/frivape.com\/pt\/wp-json\/wp\/v2\/product\/8946","targetHints":{"allow":["GET"]}}],"collection":[{"href":"https:\/\/frivape.com\/pt\/wp-json\/wp\/v2\/product"}],"about":[{"href":"https:\/\/frivape.com\/pt\/wp-json\/wp\/v2\/types\/product"}],"replies":[{"embeddable":true,"href":"https:\/\/frivape.com\/pt\/wp-json\/wp\/v2\/comments?post=8946"}],"wp:featuredmedia":[{"embeddable":true,"href":"https:\/\/frivape.com\/pt\/wp-json\/wp\/v2\/media\/8947"}],"wp:attachment":[{"href":"https:\/\/frivape.com\/pt\/wp-json\/wp\/v2\/media?parent=8946"}],"wp:term":[{"taxonomy":"product_brand","embeddable":true,"href":"https:\/\/frivape.com\/pt\/wp-json\/wp\/v2\/product_brand?post=8946"},{"taxonomy":"product_cat","embeddable":true,"href":"https:\/\/frivape.com\/pt\/wp-json\/wp\/v2\/product_cat?post=8946"},{"taxonomy":"product_tag","embeddable":true,"href":"https:\/\/frivape.com\/pt\/wp-json\/wp\/v2\/product_tag?post=8946"}],"curies":[{"name":"wp","href":"https:\/\/api.w.org\/{rel}","templated":true}]}}