{"id":9050,"date":"2026-04-12T16:00:01","date_gmt":"2026-04-12T08:00:01","guid":{"rendered":"https:\/\/frivape.com\/?post_type=product&#038;p=9050"},"modified":"2026-04-12T16:10:31","modified_gmt":"2026-04-12T08:10:31","slug":"jnr-alien-10000-puffs-rgb-vape-descartavel-por-atacado","status":"publish","type":"product","link":"https:\/\/frivape.com\/pt\/product\/jnr-alien-10000-puffs-rgb-vape-descartavel-por-atacado\/","title":{"rendered":"JNR Alien 10000 Puffs Vape descart\u00e1vel | Luzes LED RGB e bobina de malha de 1.2\u03a9"},"content":{"rendered":"<h2 class=\"wp-block-heading has-text-align-center\"><strong>A miss\u00e3o da JNR: Pot\u00eancia, desempenho, sabor arrojado<\/strong><\/h2>\n\n\n\n<p>No centro da <strong>JNR Alien\u00edgena 10000<\/strong> \u00e9 um compromisso com o auge da engenharia vaping. Produzido no cora\u00e7\u00e3o da ind\u00fastria (Shenzhen Origin), este dispositivo encarna a miss\u00e3o da marca JNR: fornecer <strong>Pot\u00eancia, desempenho e sabor arrojado<\/strong> num formato compacto e sem manuten\u00e7\u00e3o. O Alien 10k foi concebido para eliminar as frustra\u00e7\u00f5es comuns dos descart\u00e1veis padr\u00e3o - oferecendo um <strong>caneta recarreg\u00e1vel para cigarros electr\u00f3nicos<\/strong> que mant\u00e9m o pico de produ\u00e7\u00e3o da primeira \u00e0 \u00faltima baforada.<\/p>\n\n\n\n<h3 class=\"wp-block-heading\"><strong>Engenharia MTL de precis\u00e3o e inova\u00e7\u00e3o RGB<\/strong><\/h3>\n\n\n\n<p>Para quem procura o <strong>Melhor 10000 Puff Vape 2026<\/strong>, O Alien 10k destaca-se pela sua <strong>Bobina de malha de alta qualidade de 1,2\u03a9<\/strong>. Ao contr\u00e1rio das bobinas de qualidade inferior, esta arquitetura em malha garante um aquecimento uniforme, evitando queimaduras e maximizando a clareza de cada nota de e-l\u00edquido. Esta \u00e9 uma bobina dedicada <strong>Boca-a-pulm\u00e3o (MTL)<\/strong> proporcionando o golpe de garganta perfeito tanto para os utilizadores em transi\u00e7\u00e3o como para os entusiastas do sabor. O dispositivo <strong>Luzes LED RGB<\/strong> fornecem feedback visual imediato, brilhando durante a utiliza\u00e7\u00e3o e o carregamento, acrescentando uma camada de sofistica\u00e7\u00e3o de alta tecnologia \u00e0 sua rotina di\u00e1ria.<\/p>\n\n\n\n<h3 class=\"wp-block-heading\"><strong>Vantagem grossista e fiabilidade a granel<\/strong><\/h3>\n\n\n\n<p>Somos especializados em <strong>Vapes descart\u00e1veis por atacado da China<\/strong>, A JNR Alien \u00e9 uma empresa de consultoria, que garante que cada unidade JNR Alien cumpre rigorosos padr\u00f5es de controlo de qualidade. Para os parceiros B2B, este modelo representa um produto de elevado volume de neg\u00f3cios devido ao seu design ic\u00f3nico e \u00e0 sua fi\u00e1vel bateria de 850mAh. Ao utilizar o nosso <strong>Armaz\u00e9m da UE<\/strong>, Os retalhistas podem beneficiar de uma log\u00edstica localizada, contornando obst\u00e1culos alfandeg\u00e1rios complexos e assegurando que o seu stock est\u00e1 sempre pronto para a procura dos consumidores.<\/p>\n\n\n\n<h3 class=\"wp-block-heading\"><strong>Perguntas frequentes (FAQ)<\/strong><\/h3>\n\n\n\n<ul class=\"wp-block-list\">\n<li><strong>P: Como posso saber se o JNR Alien est\u00e1 vazio?<\/strong> R: Quando a produ\u00e7\u00e3o de vapor diminui significativamente ou o sabor come\u00e7a a desvanecer-se, o reservat\u00f3rio de 20 ml est\u00e1 esgotado. As luzes RGB tamb\u00e9m fornecem sinais de estado durante a utiliza\u00e7\u00e3o.<\/li>\n\n\n\n<li><strong>P: A bateria \u00e9 recarreg\u00e1vel?<\/strong> R: Sim, possui uma <strong>Bateria recarreg\u00e1vel de 850mAh<\/strong>. Utilize um cabo tipo C normal para restabelecer a alimenta\u00e7\u00e3o em cerca de 45-60 minutos.<\/li>\n\n\n\n<li><strong>P: Oferecem envio DDP para compras em grandes quantidades?<\/strong> R: Sim, todas as encomendas do nosso <strong>Armaz\u00e9m da UE<\/strong> e muitas rotas grossistas internacionais incluem op\u00e7\u00f5es DDP (Delivered Duty Paid) para garantir que n\u00e3o existem taxas ocultas.<\/li>\n<\/ul>\n\n\n\n<h3 class=\"wp-block-heading\"><strong>Aviso de sa\u00fade<\/strong><\/h3>\n\n\n\n<p><strong>AVISO:<\/strong> Este produto cont\u00e9m nicotina. A nicotina \u00e9 uma subst\u00e2ncia qu\u00edmica que causa depend\u00eancia. Este produto \u00e9 estritamente limitado a adultos com idade <strong>21+<\/strong> (ou a idade legal para fumar na tua jurisdi\u00e7\u00e3o). N\u00e3o \u00e9 adequado para ser utilizado por mulheres gr\u00e1vidas ou a amamentar, ou por pessoas com problemas cardiovasculares ou respirat\u00f3rios. Mantenha este dispositivo e todos os l\u00edquidos electr\u00f3nicos sempre fora do alcance de crian\u00e7as e animais de estima\u00e7\u00e3o.<\/p>","protected":false},"excerpt":{"rendered":"<p data-path-to-node=\"8\">Experimente a fus\u00e3o perfeita de design futurista e vapor de alta qualidade com o <b data-path-to-node=\"8\" data-index-in-node=\"78\">JNR Alien\u00edgena 10k<\/b>.<\/p>\n<ul data-path-to-node=\"9\">\n<li>\n<p data-path-to-node=\"9,0,0\"><b data-path-to-node=\"9,0,0\" data-index-in-node=\"0\">Resist\u00eancia maci\u00e7a:<\/b> At\u00e9 10.000 baforadas de um tanque de e-l\u00edquido de 20 ml de alta capacidade.<\/p>\n<\/li>\n<li>\n<p data-path-to-node=\"9,1,0\"><b data-path-to-node=\"9,1,0\" data-index-in-node=\"0\">Precis\u00e3o de sabor:<\/b> A bobina de malha de 1,2\u03a9 fornece aquecimento uniforme para perfis de sabor ricos e em camadas.<\/p>\n<\/li>\n<li>\n<p data-path-to-node=\"9,2,0\"><b data-path-to-node=\"9,2,0\" data-index-in-node=\"0\">Identidade visual:<\/b> As luzes LED RGB integradas pulsam durante a ativa\u00e7\u00e3o para uma est\u00e9tica deslumbrante.<\/p>\n<\/li>\n<li>\n<p data-path-to-node=\"9,3,0\"><b data-path-to-node=\"9,3,0\" data-index-in-node=\"0\">Energia fi\u00e1vel:<\/b> A bateria de 850mAh com carregamento r\u00e1pido Tipo C minimiza o tempo de inatividade.<\/p>\n<\/li>\n<li>\n<p data-path-to-node=\"9,4,0\"><b data-path-to-node=\"9,4,0\" data-index-in-node=\"0\">Portabilidade ergon\u00f3mica:<\/b> Design \u201cAlien\u201d compacto com uma funda inclu\u00edda para facilitar o transporte.<\/p>\n<\/li>\n<li>\n<p data-path-to-node=\"9,5,0\"><b data-path-to-node=\"9,5,0\" data-index-in-node=\"0\">Vantagem log\u00edstica:<\/b> Dispon\u00edvel para envio imediato a partir do nosso <b data-path-to-node=\"9,5,0\" data-index-in-node=\"63\">Armaz\u00e9m da UE<\/b> com garantia de desalfandegamento.<\/p>\n<\/li>\n<\/ul>","protected":false},"featured_media":9051,"comment_status":"open","ping_status":"closed","template":"","meta":[],"product_brand":[65],"product_cat":[88,89,81,87,95,85],"product_tag":[75,76,77],"class_list":{"0":"post-9050","1":"product","2":"type-product","3":"status-publish","4":"has-post-thumbnail","6":"product_brand-jnr","7":"product_cat-beverage-soda-vapes","8":"product_cat-candy-sweet-vapes","9":"product_cat-daily-puffs-vapes","10":"product_cat-iced-fruit-vapes","11":"product_cat-mesh-coil-vapes","12":"product_cat-no-nicotine-vape","13":"product_tag-eu-warehouse","14":"product_tag-mtl-vaping","15":"product_tag-recharge","17":"first","18":"instock","19":"sale","20":"shipping-taxable","21":"purchasable","22":"product-type-variable"},"yoast_head":"<!-- This site is optimized with the Yoast SEO plugin v27.1.1 - https:\/\/yoast.com\/product\/yoast-seo-wordpress\/ -->\n<title>JNR Alien 10000 Puffs Disposable Vape | RGB LED &amp; Mesh Coil<\/title>\n<meta name=\"description\" content=\"Shop the JNR Alien 10000 Puffs. Features 20mL capacity, 1.2\u03a9 mesh coil for MTL, and dynamic RGB lights. 0%-5% Nicotine. Fast shipping from EU Warehouse.\" \/>\n<meta name=\"robots\" content=\"noindex, follow, max-snippet:-1, max-image-preview:large, max-video-preview:-1\" \/>\n<meta property=\"og:locale\" content=\"pt_PT\" \/>\n<meta property=\"og:type\" content=\"article\" \/>\n<meta property=\"og:title\" content=\"JNR Alien 10000 Puffs Disposable Vape | RGB LED &amp; Mesh Coil\" \/>\n<meta property=\"og:description\" content=\"Shop the JNR Alien 10000 Puffs. Features 20mL capacity, 1.2\u03a9 mesh coil for MTL, and dynamic RGB lights. 0%-5% Nicotine. Fast shipping from EU Warehouse.\" \/>\n<meta property=\"og:url\" content=\"https:\/\/frivape.com\/pt\/product\/jnr-alien-10000-puffs-rgb-vape-descartavel-por-atacado\/\" \/>\n<meta property=\"og:site_name\" content=\"frivape | Online Vape Store - Best Vapes, Mods &amp; Disposable Kits\" \/>\n<meta property=\"article:modified_time\" content=\"2026-04-12T08:10:31+00:00\" \/>\n<meta property=\"og:image\" content=\"https:\/\/frivape.com\/wp-content\/uploads\/2026\/04\/JNR-Alien-10000-Puffs-Disposable-Vape.webp\" \/>\n\t<meta property=\"og:image:width\" content=\"1000\" \/>\n\t<meta property=\"og:image:height\" content=\"1000\" \/>\n\t<meta property=\"og:image:type\" content=\"image\/webp\" \/>\n<meta name=\"twitter:card\" content=\"summary_large_image\" \/>\n<meta name=\"twitter:label1\" content=\"Tempo estimado de leitura\" \/>\n\t<meta name=\"twitter:data1\" content=\"2 minutos\" \/>\n<script type=\"application\/ld+json\" class=\"yoast-schema-graph\">{\"@context\":\"https:\/\/schema.org\",\"@graph\":[{\"@type\":\"WebPage\",\"@id\":\"https:\/\/frivape.com\/product\/jnr-alien-10000-puffs-rgb-disposable-vape-wholesale\/\",\"url\":\"https:\/\/frivape.com\/product\/jnr-alien-10000-puffs-rgb-disposable-vape-wholesale\/\",\"name\":\"JNR Alien 10000 Puffs Disposable Vape | RGB LED & Mesh Coil\",\"isPartOf\":{\"@id\":\"https:\/\/frivape.com\/#website\"},\"primaryImageOfPage\":{\"@id\":\"https:\/\/frivape.com\/product\/jnr-alien-10000-puffs-rgb-disposable-vape-wholesale\/#primaryimage\"},\"image\":{\"@id\":\"https:\/\/frivape.com\/product\/jnr-alien-10000-puffs-rgb-disposable-vape-wholesale\/#primaryimage\"},\"thumbnailUrl\":\"https:\/\/frivape.com\/wp-content\/uploads\/2026\/04\/JNR-Alien-10000-Puffs-Disposable-Vape.webp\",\"datePublished\":\"2026-04-12T08:00:01+00:00\",\"dateModified\":\"2026-04-12T08:10:31+00:00\",\"description\":\"Shop the JNR Alien 10000 Puffs. Features 20mL capacity, 1.2\u03a9 mesh coil for MTL, and dynamic RGB lights. 0%-5% Nicotine. Fast shipping from EU Warehouse.\",\"breadcrumb\":{\"@id\":\"https:\/\/frivape.com\/product\/jnr-alien-10000-puffs-rgb-disposable-vape-wholesale\/#breadcrumb\"},\"inLanguage\":\"pt-PT\",\"potentialAction\":[{\"@type\":\"ReadAction\",\"target\":[\"https:\/\/frivape.com\/product\/jnr-alien-10000-puffs-rgb-disposable-vape-wholesale\/\"]}]},{\"@type\":\"ImageObject\",\"inLanguage\":\"pt-PT\",\"@id\":\"https:\/\/frivape.com\/product\/jnr-alien-10000-puffs-rgb-disposable-vape-wholesale\/#primaryimage\",\"url\":\"https:\/\/frivape.com\/wp-content\/uploads\/2026\/04\/JNR-Alien-10000-Puffs-Disposable-Vape.webp\",\"contentUrl\":\"https:\/\/frivape.com\/wp-content\/uploads\/2026\/04\/JNR-Alien-10000-Puffs-Disposable-Vape.webp\",\"width\":1000,\"height\":1000},{\"@type\":\"BreadcrumbList\",\"@id\":\"https:\/\/frivape.com\/product\/jnr-alien-10000-puffs-rgb-disposable-vape-wholesale\/#breadcrumb\",\"itemListElement\":[{\"@type\":\"ListItem\",\"position\":1,\"name\":\"\u9996\u9875\",\"item\":\"https:\/\/frivape.com\/\"},{\"@type\":\"ListItem\",\"position\":2,\"name\":\"Shop\",\"item\":\"https:\/\/frivape.com\/shop\/\"},{\"@type\":\"ListItem\",\"position\":3,\"name\":\"JNR Alien 10000 Puffs Disposable Vape | RGB LED Lights &amp; 1.2\u03a9 Mesh Coil\"}]},{\"@type\":\"WebSite\",\"@id\":\"https:\/\/frivape.com\/#website\",\"url\":\"https:\/\/frivape.com\/\",\"name\":\"frivape | Online Vape Store - Best Vapes, Mods &amp; Disposable Kits\",\"description\":\"Shop frivape, your premier online vape shop for authentic mods, disposable vapes, and premium e-liquids. Direct from Shenzhen with fast Europe local shipping. High quality at wholesale prices.\",\"publisher\":{\"@id\":\"https:\/\/frivape.com\/#organization\"},\"potentialAction\":[{\"@type\":\"SearchAction\",\"target\":{\"@type\":\"EntryPoint\",\"urlTemplate\":\"https:\/\/frivape.com\/?s={search_term_string}\"},\"query-input\":{\"@type\":\"PropertyValueSpecification\",\"valueRequired\":true,\"valueName\":\"search_term_string\"}}],\"inLanguage\":\"pt-PT\"},{\"@type\":\"Organization\",\"@id\":\"https:\/\/frivape.com\/#organization\",\"name\":\"frivape | Online Vape Store - Best Vapes, Mods &amp; Disposable Kits\",\"url\":\"https:\/\/frivape.com\/\",\"logo\":{\"@type\":\"ImageObject\",\"inLanguage\":\"pt-PT\",\"@id\":\"https:\/\/frivape.com\/#\/schema\/logo\/image\/\",\"url\":\"https:\/\/frivape.com\/wp-content\/uploads\/2026\/03\/cropped-frivape-site-title-icon.png\",\"contentUrl\":\"https:\/\/frivape.com\/wp-content\/uploads\/2026\/03\/cropped-frivape-site-title-icon.png\",\"width\":470,\"height\":110,\"caption\":\"frivape | Online Vape Store - Best Vapes, Mods &amp; Disposable Kits\"},\"image\":{\"@id\":\"https:\/\/frivape.com\/#\/schema\/logo\/image\/\"}}]}<\/script>\n<!-- \/ Yoast SEO plugin. -->","yoast_head_json":{"title":"JNR Alien 10000 Puffs Vape Descart\u00e1vel | LED RGB e Bobina de Malha","description":"Compre o JNR Alien 10000 Puffs. Possui capacidade de 20mL, bobina de malha de 1,2\u03a9 para MTL e luzes RGB din\u00e2micas. 0%-5% Nicotina. Envio r\u00e1pido do armaz\u00e9m da UE.","robots":{"index":"noindex","follow":"follow","max-snippet":"max-snippet:-1","max-image-preview":"max-image-preview:large","max-video-preview":"max-video-preview:-1"},"og_locale":"pt_PT","og_type":"article","og_title":"JNR Alien 10000 Puffs Disposable Vape | RGB LED & Mesh Coil","og_description":"Shop the JNR Alien 10000 Puffs. Features 20mL capacity, 1.2\u03a9 mesh coil for MTL, and dynamic RGB lights. 0%-5% Nicotine. Fast shipping from EU Warehouse.","og_url":"https:\/\/frivape.com\/pt\/product\/jnr-alien-10000-puffs-rgb-vape-descartavel-por-atacado\/","og_site_name":"frivape | Online Vape Store - Best Vapes, Mods &amp; Disposable Kits","article_modified_time":"2026-04-12T08:10:31+00:00","og_image":[{"width":1000,"height":1000,"url":"https:\/\/frivape.com\/wp-content\/uploads\/2026\/04\/JNR-Alien-10000-Puffs-Disposable-Vape.webp","type":"image\/webp"}],"twitter_card":"summary_large_image","twitter_misc":{"Tempo estimado de leitura":"2 minutos"},"schema":{"@context":"https:\/\/schema.org","@graph":[{"@type":"WebPage","@id":"https:\/\/frivape.com\/product\/jnr-alien-10000-puffs-rgb-disposable-vape-wholesale\/","url":"https:\/\/frivape.com\/product\/jnr-alien-10000-puffs-rgb-disposable-vape-wholesale\/","name":"JNR Alien 10000 Puffs Vape Descart\u00e1vel | LED RGB e Bobina de Malha","isPartOf":{"@id":"https:\/\/frivape.com\/#website"},"primaryImageOfPage":{"@id":"https:\/\/frivape.com\/product\/jnr-alien-10000-puffs-rgb-disposable-vape-wholesale\/#primaryimage"},"image":{"@id":"https:\/\/frivape.com\/product\/jnr-alien-10000-puffs-rgb-disposable-vape-wholesale\/#primaryimage"},"thumbnailUrl":"https:\/\/frivape.com\/wp-content\/uploads\/2026\/04\/JNR-Alien-10000-Puffs-Disposable-Vape.webp","datePublished":"2026-04-12T08:00:01+00:00","dateModified":"2026-04-12T08:10:31+00:00","description":"Compre o JNR Alien 10000 Puffs. Possui capacidade de 20mL, bobina de malha de 1,2\u03a9 para MTL e luzes RGB din\u00e2micas. 0%-5% Nicotina. Envio r\u00e1pido do armaz\u00e9m da UE.","breadcrumb":{"@id":"https:\/\/frivape.com\/product\/jnr-alien-10000-puffs-rgb-disposable-vape-wholesale\/#breadcrumb"},"inLanguage":"pt-PT","potentialAction":[{"@type":"ReadAction","target":["https:\/\/frivape.com\/product\/jnr-alien-10000-puffs-rgb-disposable-vape-wholesale\/"]}]},{"@type":"ImageObject","inLanguage":"pt-PT","@id":"https:\/\/frivape.com\/product\/jnr-alien-10000-puffs-rgb-disposable-vape-wholesale\/#primaryimage","url":"https:\/\/frivape.com\/wp-content\/uploads\/2026\/04\/JNR-Alien-10000-Puffs-Disposable-Vape.webp","contentUrl":"https:\/\/frivape.com\/wp-content\/uploads\/2026\/04\/JNR-Alien-10000-Puffs-Disposable-Vape.webp","width":1000,"height":1000},{"@type":"BreadcrumbList","@id":"https:\/\/frivape.com\/product\/jnr-alien-10000-puffs-rgb-disposable-vape-wholesale\/#breadcrumb","itemListElement":[{"@type":"ListItem","position":1,"name":"\u9996\u9875","item":"https:\/\/frivape.com\/"},{"@type":"ListItem","position":2,"name":"Shop","item":"https:\/\/frivape.com\/shop\/"},{"@type":"ListItem","position":3,"name":"JNR Alien 10000 Puffs Disposable Vape | RGB LED Lights &amp; 1.2\u03a9 Mesh Coil"}]},{"@type":"WebSite","@id":"https:\/\/frivape.com\/#website","url":"https:\/\/frivape.com\/","name":"frivape | Loja Online de Vape - Melhores Vapes, Mods e Kits Descart\u00e1veis","description":"Compre na frivape, a sua principal loja online de vape para mods aut\u00eanticos, vapes descart\u00e1veis e e-l\u00edquidos de primeira qualidade. Diretamente de Shenzhen com envio local r\u00e1pido para a Europa. Alta qualidade a pre\u00e7os grossistas.","publisher":{"@id":"https:\/\/frivape.com\/#organization"},"potentialAction":[{"@type":"SearchAction","target":{"@type":"EntryPoint","urlTemplate":"https:\/\/frivape.com\/?s={search_term_string}"},"query-input":{"@type":"PropertyValueSpecification","valueRequired":true,"valueName":"search_term_string"}}],"inLanguage":"pt-PT"},{"@type":"Organization","@id":"https:\/\/frivape.com\/#organization","name":"frivape | Loja Online de Vape - Melhores Vapes, Mods e Kits Descart\u00e1veis","url":"https:\/\/frivape.com\/","logo":{"@type":"ImageObject","inLanguage":"pt-PT","@id":"https:\/\/frivape.com\/#\/schema\/logo\/image\/","url":"https:\/\/frivape.com\/wp-content\/uploads\/2026\/03\/cropped-frivape-site-title-icon.png","contentUrl":"https:\/\/frivape.com\/wp-content\/uploads\/2026\/03\/cropped-frivape-site-title-icon.png","width":470,"height":110,"caption":"frivape | Online Vape Store - Best Vapes, Mods &amp; Disposable Kits"},"image":{"@id":"https:\/\/frivape.com\/#\/schema\/logo\/image\/"}}]}},"tiered_pricing_type":"fixed","tiered_pricing_fixed_rules":{"10":11.66,"50":10.66,"100":9.66,"200":8.66},"tiered_pricing_product_settings":{"layout":"default","base_unit_name":{"singular":null,"plural":null},"default_variation":{}},"tiered_pricing_minimum_quantity":null,"tiered_pricing_roles_data":[],"tiered_pricing_percentage_rules":[],"_links":{"self":[{"href":"https:\/\/frivape.com\/pt\/wp-json\/wp\/v2\/product\/9050","targetHints":{"allow":["GET"]}}],"collection":[{"href":"https:\/\/frivape.com\/pt\/wp-json\/wp\/v2\/product"}],"about":[{"href":"https:\/\/frivape.com\/pt\/wp-json\/wp\/v2\/types\/product"}],"replies":[{"embeddable":true,"href":"https:\/\/frivape.com\/pt\/wp-json\/wp\/v2\/comments?post=9050"}],"wp:featuredmedia":[{"embeddable":true,"href":"https:\/\/frivape.com\/pt\/wp-json\/wp\/v2\/media\/9051"}],"wp:attachment":[{"href":"https:\/\/frivape.com\/pt\/wp-json\/wp\/v2\/media?parent=9050"}],"wp:term":[{"taxonomy":"product_brand","embeddable":true,"href":"https:\/\/frivape.com\/pt\/wp-json\/wp\/v2\/product_brand?post=9050"},{"taxonomy":"product_cat","embeddable":true,"href":"https:\/\/frivape.com\/pt\/wp-json\/wp\/v2\/product_cat?post=9050"},{"taxonomy":"product_tag","embeddable":true,"href":"https:\/\/frivape.com\/pt\/wp-json\/wp\/v2\/product_tag?post=9050"}],"curies":[{"name":"wp","href":"https:\/\/api.w.org\/{rel}","templated":true}]}}