{"id":9236,"date":"2026-04-16T00:40:44","date_gmt":"2026-04-15T16:40:44","guid":{"rendered":"https:\/\/frivape.com\/?post_type=product&#038;p=9236"},"modified":"2026-04-16T00:50:47","modified_gmt":"2026-04-15T16:50:47","slug":"fumot-50k-eco-2em1-50000-puffs-vape-descartavel","status":"publish","type":"product","link":"https:\/\/frivape.com\/pt\/product\/fumot-50k-eco-2em1-50000-puffs-vape-descartavel\/","title":{"rendered":"Fumot ECO 2in1 50000 Puffs Vape Descart\u00e1vel | Tanque de Sabor Duplo | Visor Inteligente &amp; RGB"},"content":{"rendered":"<h3 class=\"wp-block-heading\"><strong>Fumot: Vaping mais inteligente<\/strong><\/h3>\n\n\n\n<p><strong>Fumot<\/strong> \u00e9 uma marca l\u00edder em tecnologia empenhada em criar a derradeira experi\u00eancia de vaporiza\u00e7\u00e3o. Sendo a principal marca por detr\u00e1s do ic\u00f3nico <strong>Tornado RandM<\/strong> Fumot continua a alargar as fronteiras com a s\u00e9rie <strong>Fumot ECO 2em1 50000<\/strong>. Este dispositivo incorpora o foco da marca na est\u00e9tica arrojada e no rigoroso controlo de qualidade, proporcionando uma alternativa de alto desempenho ao fumo tradicional para entusiastas adultos em mais de 60 pa\u00edses.<\/p>\n\n\n\n<h3 class=\"wp-block-heading\"><strong>O dobro do sabor, o dobro da satisfa\u00e7\u00e3o<\/strong><\/h3>\n\n\n\n<p>A carater\u00edstica mais marcante do Fumot 50k \u00e9 a sua <strong>Sistema de tanque duplo 10ml+10ml<\/strong>. Porqu\u00ea contentar-se com um \u00fanico sabor quando pode ter dois? Utilizando um interrutor f\u00edsico, pode alternar instantaneamente entre perfis de sabor complementares. Este sistema evita a \u201cl\u00edngua de vaper\u201d e garante que o <strong>Bobina de malha de 0,9\u03a9<\/strong> proporciona uma sensa\u00e7\u00e3o fresca e intensa sempre que se inala. \u00c9 o perfeito <strong>caneta recarreg\u00e1vel para cigarros electr\u00f3nicos<\/strong> para quem procura <strong>Vapes descart\u00e1veis por atacado da China<\/strong> com um ponto de venda \u00fanico.<\/p>\n\n\n\n<h3 class=\"wp-block-heading\"><strong>Controlo inteligente e est\u00e9tica iridescente<\/strong><\/h3>\n\n\n\n<p>Mantenha-se no comando com o ecr\u00e3 de alta defini\u00e7\u00e3o <strong>Ecr\u00e3 inteligente<\/strong>, que fornece actualiza\u00e7\u00f5es em tempo real sobre a bateria de 950mAh e o estado do \u00f3leo. O dispositivo n\u00e3o \u00e9 apenas inteligente, \u00e9 tamb\u00e9m elegante. A assinatura <strong>ilumina\u00e7\u00e3o din\u00e2mica iridescente<\/strong> pulsam durante a utiliza\u00e7\u00e3o, tornando o Fumot ECO 2in1 numa obra-prima visual. Concebido para um <strong>MTL (Boca-a-Pulm\u00e3o)<\/strong> para <strong>RDL (Pulm\u00e3o Direto Restrito)<\/strong> A sua conce\u00e7\u00e3o garante que cada baforada seja suave e satisfat\u00f3ria.<\/p>\n\n\n\n<h3 class=\"wp-block-heading\"><strong>Combina\u00e7\u00f5es de sabores em destaque: Uma viagem de duplo sentido<\/strong><\/h3>\n\n\n\n<p>O <strong>Fumot ECO 2em1 50000<\/strong> foi concebido para eliminar a \u201cfadiga do sabor\u201d. Com os nossos 24 pares selecionados por especialistas, pode alternar entre estados de esp\u00edrito, esta\u00e7\u00f5es do ano ou desejos com um simples toque.<\/p>\n\n\n\n<ul class=\"wp-block-list\">\n<li><strong>01. Black Mamba &amp; Mr Blue:<\/strong> Uma mistura misteriosa de bagas escuras com um toque selvagem, combinada com a mundialmente famosa mistura de frutos azuis.<\/li>\n\n\n\n<li><strong>02. Black Ice &amp; Grape Ice:<\/strong> Amoras intensas com um final mentolado esmagador encontram-se com uvas roxas amadurecidas ao sol e doces.<\/li>\n\n\n\n<li><strong>03. Peach Ice &amp; White Mamba:<\/strong> P\u00eassegos macios e aveludados, refrigerados na perfei\u00e7\u00e3o, juntamente com uma fus\u00e3o secreta e cremosa de frutos ex\u00f3ticos.<\/li>\n\n\n\n<li><strong>04. A vida de um homem de bem 66:<\/strong> Dois perfis lend\u00e1rios inspirados no narguil\u00e9 - misturando mel\u00f5es doces, maracuj\u00e1 e um toque de menta.<\/li>\n\n\n\n<li><strong>05. Blueberry Hubba Bubba &amp; Watermelon Hubba Bubba:<\/strong> Uma viagem nost\u00e1lgica de volta \u00e0 inf\u00e2ncia com perfis cl\u00e1ssicos e sumarentos de pastilhas el\u00e1sticas.<\/li>\n\n\n\n<li><strong>06. Urso de goma de uva e urso de goma de morango:<\/strong> Uma festa de rebu\u00e7ados mastig\u00e1veis, inspirada na gelatina, com uva profunda e morango vermelho vivo.<\/li>\n\n\n\n<li><strong>07. Sour Apple &amp; Juicy Peach:<\/strong> O derradeiro contraste entre ma\u00e7\u00e3s Granny Smith azedas e p\u00eassegos suculentos, banhados pelo sol.<\/li>\n\n\n\n<li><strong>08. Fanta e Cola Ice:<\/strong> Um duo de bebidas gaseificadas que imita os seus refrigerantes favoritos para um vape refrescante durante todo o dia.<\/li>\n\n\n\n<li><strong>09. Gummy Bear &amp; Skittles:<\/strong> Um arco-\u00edris de sabores de rebu\u00e7ados de fruta que satisfar\u00e1 qualquer guloso com cada baforada.<\/li>\n\n\n\n<li><strong>10. Cactus Ice e Cactus Kiwi:<\/strong> Notas \u00fanicas e hidratantes de cato combinadas com kiwi para uma experi\u00eancia sofisticada e ligeiramente azeda.<\/li>\n\n\n\n<li><strong>11. P\u00eassego, Manga, Melancia e Pina Colada:<\/strong> Uma escapadela tropical que mistura tr\u00eas gigantes sumarentos com um toque de f\u00e9rias cremoso de coco e anan\u00e1s.<\/li>\n\n\n\n<li><strong>12. Cherry Ice e Blue Razz Cherry:<\/strong> Mentol de cereja escuro e profundo contra uma fa\u00edsca de cereja framboesa azul de alta voltagem.<\/li>\n\n\n\n<li><strong>13. Cool Mint &amp; Watermelon Ice:<\/strong> O padr\u00e3o para a frescura - hortel\u00e3-pimenta picante e crocante combinada com a fruta hidratante favorita do ver\u00e3o.<\/li>\n\n\n\n<li><strong>14. Lim\u00e3o e lima e melancia com morango:<\/strong> De um lado, um refresco c\u00edtrico e picante; do outro, uma harmonia doce de frutos vermelhos.<\/li>\n\n\n\n<li><strong>15. Limonada cor-de-rosa e rebu\u00e7ados azedos:<\/strong> Uma limonada azeda e picante equilibrada por um delicioso final de rebu\u00e7ado azedo.<\/li>\n\n\n\n<li><strong>16. Vimto e pastilha el\u00e1stica de melancia:<\/strong> O perfil cl\u00e1ssico da bebida brit\u00e2nica de frutos silvestres encontra-se com a suculenta e duradoura pastilha el\u00e1stica de melancia.<\/li>\n\n\n\n<li><strong>17. Gelo de banana e gelo de drag\u00e3o negro:<\/strong> Bananas cremosas e congeladas contrastam com a ex\u00f3tica e escura fruta-do-drag\u00e3o e o arrepio das bagas.<\/li>\n\n\n\n<li><strong>18. Blue Razz Gummy Bear &amp; Blue Razz Ice Pop:<\/strong> Duas formas de saborear a lama azul - uma mastig\u00e1vel e doce, a outra gelada e revitalizante.<\/li>\n\n\n\n<li><strong>19. Ice Pop e Kiwi Maracuj\u00e1 Goiaba:<\/strong> Um picol\u00e9 nost\u00e1lgico vermelho-branco-azul combinado com a derradeira \u201cTrindade\u201d tropical.\u201d<\/li>\n\n\n\n<li><strong>20. Gelo de morango e Huckleberry:<\/strong> Os familiares morangos doces no gelo encontram-se com as notas raras, azedas e selvagens dos mirtilos da montanha.<\/li>\n\n\n\n<li><strong>21. Limonada de bagas mistas e Blue Razz:<\/strong> Uma explos\u00e3o de frutos da floresta de um lado, com uma limonada azul el\u00e9ctrica e picante do outro.<\/li>\n\n\n\n<li><strong>22. Red Bull Ice e Blueberry Peach Ice:<\/strong> Uma \u201cbebida\u201d energizante combinada com uma mistura de mentol suave e frutado.<\/li>\n\n\n\n<li><strong>23. Morango Kiwi e Mirtilo Framboesa \u00c1cida:<\/strong> As combina\u00e7\u00f5es de frutas mais populares do mundo, refinadas para a bobina de malha de 0,9\u03a9.<\/li>\n\n\n\n<li><strong>24. Cola Lim\u00e3o e Anan\u00e1s Lim\u00e3o Ma\u00e7\u00e3 Verde:<\/strong> Uma sofisticada cola de citrinos contra um trio de anan\u00e1s, lim\u00e3o e ma\u00e7\u00e3 verde.<\/li>\n<\/ul>\n\n\n\n<h4 class=\"wp-block-heading\"><strong>FAQ<\/strong><\/h4>\n\n\n\n<ul class=\"wp-block-list\">\n<li><strong>P: Como posso alternar entre os dois sabores?<\/strong> R: O dispositivo possui um interrutor manual ou mecanismo de bot\u00e3o que redirecciona o fluxo de ar e a ativa\u00e7\u00e3o da bobina para o dep\u00f3sito de 10 ml pretendido.<\/li>\n\n\n\n<li><strong>P: A contagem de 50 000 puffs \u00e9 garantida?<\/strong> R: Sim, ao utilizar o sistema modular de 24 ml e a efici\u00eancia do modo ECO, o dispositivo foi concebido para atingir a sua capacidade nominal em condi\u00e7\u00f5es normais de utiliza\u00e7\u00e3o.<\/li>\n\n\n\n<li><strong>P: Qual \u00e9 a vantagem de comprar no armaz\u00e9m da UE?<\/strong> R: Oferecemos envio de 1-3 dias dentro da Europa, zero direitos aduaneiros e entrega garantida para os nossos parceiros grossistas.<\/li>\n<\/ul>\n\n\n\n<h3 class=\"wp-block-heading\"><strong>Aviso de sa\u00fade<\/strong><\/h3>\n\n\n\n<p><strong>AVISO:<\/strong> Este produto cont\u00e9m nicotina. A nicotina \u00e9 um qu\u00edmico que causa depend\u00eancia. Este produto \u00e9 estritamente para uso adulto <strong>(21+ anos de idade)<\/strong>. N\u00e3o deve ser utilizado por mulheres gr\u00e1vidas ou a amamentar, ou por pessoas com problemas card\u00edacos ou respirat\u00f3rios. Manter fora do alcance das crian\u00e7as e dos animais dom\u00e9sticos.<\/p>\n\n\n\n<p><\/p>","protected":false},"excerpt":{"rendered":"<ul>\n<li>\n<p data-path-to-node=\"7,0,0\"><b data-path-to-node=\"7,0,0\" data-index-in-node=\"0\">Inova\u00e7\u00e3o de duplo sabor:<\/b> 20 ml de e-l\u00edquido total (10 ml+10 ml) com altern\u00e2ncia instant\u00e2nea de sabores.<\/p>\n<\/li>\n<li>\n<p data-path-to-node=\"7,1,0\"><b data-path-to-node=\"7,1,0\" data-index-in-node=\"0\">Longevidade extrema:<\/b> At\u00e9 50.000 baforadas suportadas pelo modo ECO de gest\u00e3o de energia.<\/p>\n<\/li>\n<li>\n<p data-path-to-node=\"7,2,0\"><b data-path-to-node=\"7,2,0\" data-index-in-node=\"0\">Monitoriza\u00e7\u00e3o inteligente:<\/b> O ecr\u00e3 inteligente de alta defini\u00e7\u00e3o monitoriza os n\u00edveis da bateria % e do \u00f3leo.<\/p>\n<\/li>\n<li>\n<p data-path-to-node=\"7,3,0\"><b data-path-to-node=\"7,3,0\" data-index-in-node=\"0\">Desempenho da malha:<\/b> A bobina de malha de 0,9\u03a9 proporciona um aquecimento r\u00e1pido e uma clareza de sabor intensa.<\/p>\n<\/li>\n<li>\n<p data-path-to-node=\"7,4,0\"><b data-path-to-node=\"7,4,0\" data-index-in-node=\"0\">Visuais Premium:<\/b> Ilumina\u00e7\u00e3o RGB din\u00e2mica iridescente para uma est\u00e9tica sofisticada.<\/p>\n<\/li>\n<li>\n<p data-path-to-node=\"7,5,0\"><b data-path-to-node=\"7,5,0\" data-index-in-node=\"0\">Log\u00edstica B2B:<\/b> Em stock na nossa <b data-path-to-node=\"7,5,0\" data-index-in-node=\"30\">Armaz\u00e9m da UE<\/b> para entrega em 1-3 dias em toda a Europa.<\/p>\n<\/li>\n<\/ul>","protected":false},"featured_media":9237,"comment_status":"open","ping_status":"closed","template":"","meta":[],"product_brand":[62],"product_cat":[88,82,89,87,95],"product_tag":[75,76,93,77,79],"class_list":{"0":"post-9236","1":"product","2":"type-product","3":"status-publish","4":"has-post-thumbnail","6":"product_brand-fumot","7":"product_cat-beverage-soda-vapes","8":"product_cat-big-puffs-vapes","9":"product_cat-candy-sweet-vapes","10":"product_cat-iced-fruit-vapes","11":"product_cat-mesh-coil-vapes","12":"product_tag-eu-warehouse","13":"product_tag-mtl-vaping","14":"product_tag-rdl-vaping","15":"product_tag-recharge","16":"product_tag-smart-screen-display","18":"first","19":"instock","20":"sale","21":"shipping-taxable","22":"purchasable","23":"product-type-variable"},"yoast_head":"<!-- This site is optimized with the Yoast SEO plugin v27.1.1 - https:\/\/yoast.com\/product\/yoast-seo-wordpress\/ -->\n<title>Fumot 50k ECO 2in1 50000 Puffs Vape | Dual Flavor &amp; Smart Screen<\/title>\n<meta name=\"description\" content=\"Experience the Fumot 50k ECO 2in1. 50,000 puffs, dual-tank (10ml+10ml) flavor switching, 0.9\u03a9 mesh coil, and Smart Display. Fast EU Warehouse wholesale.\" \/>\n<meta name=\"robots\" content=\"noindex, follow, max-snippet:-1, max-image-preview:large, max-video-preview:-1\" \/>\n<meta property=\"og:locale\" content=\"pt_PT\" \/>\n<meta property=\"og:type\" content=\"article\" \/>\n<meta property=\"og:title\" content=\"Fumot 50k ECO 2in1 50000 Puffs Vape | Dual Flavor &amp; Smart Screen\" \/>\n<meta property=\"og:description\" content=\"Experience the Fumot 50k ECO 2in1. 50,000 puffs, dual-tank (10ml+10ml) flavor switching, 0.9\u03a9 mesh coil, and Smart Display. Fast EU Warehouse wholesale.\" \/>\n<meta property=\"og:url\" content=\"https:\/\/frivape.com\/pt\/product\/fumot-50k-eco-2em1-50000-puffs-vape-descartavel\/\" \/>\n<meta property=\"og:site_name\" content=\"frivape | Online Vape Store - Best Vapes, Mods &amp; Disposable Kits\" \/>\n<meta property=\"article:modified_time\" content=\"2026-04-15T16:50:47+00:00\" \/>\n<meta property=\"og:image\" content=\"https:\/\/frivape.com\/wp-content\/uploads\/2026\/04\/Fumot-50k-ECO-2in1-50000-Fanta-Cola-ice-4-800x800-1.webp\" \/>\n\t<meta property=\"og:image:width\" content=\"800\" \/>\n\t<meta property=\"og:image:height\" content=\"800\" \/>\n\t<meta property=\"og:image:type\" content=\"image\/webp\" \/>\n<meta name=\"twitter:card\" content=\"summary_large_image\" \/>\n<meta name=\"twitter:label1\" content=\"Tempo estimado de leitura\" \/>\n\t<meta name=\"twitter:data1\" content=\"4 minutos\" \/>\n<script type=\"application\/ld+json\" class=\"yoast-schema-graph\">{\"@context\":\"https:\/\/schema.org\",\"@graph\":[{\"@type\":\"WebPage\",\"@id\":\"https:\/\/frivape.com\/product\/fumot-50k-eco-2in1-50000-puffs-disposable-vape\/\",\"url\":\"https:\/\/frivape.com\/product\/fumot-50k-eco-2in1-50000-puffs-disposable-vape\/\",\"name\":\"Fumot 50k ECO 2in1 50000 Puffs Vape | Dual Flavor & Smart Screen\",\"isPartOf\":{\"@id\":\"https:\/\/frivape.com\/#website\"},\"primaryImageOfPage\":{\"@id\":\"https:\/\/frivape.com\/product\/fumot-50k-eco-2in1-50000-puffs-disposable-vape\/#primaryimage\"},\"image\":{\"@id\":\"https:\/\/frivape.com\/product\/fumot-50k-eco-2in1-50000-puffs-disposable-vape\/#primaryimage\"},\"thumbnailUrl\":\"https:\/\/frivape.com\/wp-content\/uploads\/2026\/04\/Fumot-50k-ECO-2in1-50000-Fanta-Cola-ice-4-800x800-1.webp\",\"datePublished\":\"2026-04-15T16:40:44+00:00\",\"dateModified\":\"2026-04-15T16:50:47+00:00\",\"description\":\"Experience the Fumot 50k ECO 2in1. 50,000 puffs, dual-tank (10ml+10ml) flavor switching, 0.9\u03a9 mesh coil, and Smart Display. Fast EU Warehouse wholesale.\",\"breadcrumb\":{\"@id\":\"https:\/\/frivape.com\/product\/fumot-50k-eco-2in1-50000-puffs-disposable-vape\/#breadcrumb\"},\"inLanguage\":\"pt-PT\",\"potentialAction\":[{\"@type\":\"ReadAction\",\"target\":[\"https:\/\/frivape.com\/product\/fumot-50k-eco-2in1-50000-puffs-disposable-vape\/\"]}]},{\"@type\":\"ImageObject\",\"inLanguage\":\"pt-PT\",\"@id\":\"https:\/\/frivape.com\/product\/fumot-50k-eco-2in1-50000-puffs-disposable-vape\/#primaryimage\",\"url\":\"https:\/\/frivape.com\/wp-content\/uploads\/2026\/04\/Fumot-50k-ECO-2in1-50000-Fanta-Cola-ice-4-800x800-1.webp\",\"contentUrl\":\"https:\/\/frivape.com\/wp-content\/uploads\/2026\/04\/Fumot-50k-ECO-2in1-50000-Fanta-Cola-ice-4-800x800-1.webp\",\"width\":800,\"height\":800},{\"@type\":\"BreadcrumbList\",\"@id\":\"https:\/\/frivape.com\/product\/fumot-50k-eco-2in1-50000-puffs-disposable-vape\/#breadcrumb\",\"itemListElement\":[{\"@type\":\"ListItem\",\"position\":1,\"name\":\"\u9996\u9875\",\"item\":\"https:\/\/frivape.com\/\"},{\"@type\":\"ListItem\",\"position\":2,\"name\":\"Shop\",\"item\":\"https:\/\/frivape.com\/shop\/\"},{\"@type\":\"ListItem\",\"position\":3,\"name\":\"Fumot ECO 2in1 50000 Puffs Disposable Vape | Dual-Flavor Tank | Smart Display &amp; RGB\"}]},{\"@type\":\"WebSite\",\"@id\":\"https:\/\/frivape.com\/#website\",\"url\":\"https:\/\/frivape.com\/\",\"name\":\"frivape | Online Vape Store - Best Vapes, Mods &amp; Disposable Kits\",\"description\":\"Shop frivape, your premier online vape shop for authentic mods, disposable vapes, and premium e-liquids. Direct from Shenzhen with fast Europe local shipping. High quality at wholesale prices.\",\"publisher\":{\"@id\":\"https:\/\/frivape.com\/#organization\"},\"potentialAction\":[{\"@type\":\"SearchAction\",\"target\":{\"@type\":\"EntryPoint\",\"urlTemplate\":\"https:\/\/frivape.com\/?s={search_term_string}\"},\"query-input\":{\"@type\":\"PropertyValueSpecification\",\"valueRequired\":true,\"valueName\":\"search_term_string\"}}],\"inLanguage\":\"pt-PT\"},{\"@type\":\"Organization\",\"@id\":\"https:\/\/frivape.com\/#organization\",\"name\":\"frivape | Online Vape Store - Best Vapes, Mods &amp; Disposable Kits\",\"url\":\"https:\/\/frivape.com\/\",\"logo\":{\"@type\":\"ImageObject\",\"inLanguage\":\"pt-PT\",\"@id\":\"https:\/\/frivape.com\/#\/schema\/logo\/image\/\",\"url\":\"https:\/\/frivape.com\/wp-content\/uploads\/2026\/03\/cropped-frivape-site-title-icon.png\",\"contentUrl\":\"https:\/\/frivape.com\/wp-content\/uploads\/2026\/03\/cropped-frivape-site-title-icon.png\",\"width\":470,\"height\":110,\"caption\":\"frivape | Online Vape Store - Best Vapes, Mods &amp; Disposable Kits\"},\"image\":{\"@id\":\"https:\/\/frivape.com\/#\/schema\/logo\/image\/\"}}]}<\/script>\n<!-- \/ Yoast SEO plugin. -->","yoast_head_json":{"title":"Fumot 50k ECO 2em1 50000 Puffs Vape | Sabor Duplo &amp; Ecr\u00e3 Inteligente","description":"Experimente o Fumot 50k ECO 2 em 1. 50.000 puffs, comuta\u00e7\u00e3o de sabor de tanque duplo (10ml + 10ml), bobina de malha de 0,9\u03a9 e Smart Display. R\u00e1pido armaz\u00e9m da UE por atacado.","robots":{"index":"noindex","follow":"follow","max-snippet":"max-snippet:-1","max-image-preview":"max-image-preview:large","max-video-preview":"max-video-preview:-1"},"og_locale":"pt_PT","og_type":"article","og_title":"Fumot 50k ECO 2in1 50000 Puffs Vape | Dual Flavor & Smart Screen","og_description":"Experience the Fumot 50k ECO 2in1. 50,000 puffs, dual-tank (10ml+10ml) flavor switching, 0.9\u03a9 mesh coil, and Smart Display. Fast EU Warehouse wholesale.","og_url":"https:\/\/frivape.com\/pt\/product\/fumot-50k-eco-2em1-50000-puffs-vape-descartavel\/","og_site_name":"frivape | Online Vape Store - Best Vapes, Mods &amp; Disposable Kits","article_modified_time":"2026-04-15T16:50:47+00:00","og_image":[{"width":800,"height":800,"url":"https:\/\/frivape.com\/wp-content\/uploads\/2026\/04\/Fumot-50k-ECO-2in1-50000-Fanta-Cola-ice-4-800x800-1.webp","type":"image\/webp"}],"twitter_card":"summary_large_image","twitter_misc":{"Tempo estimado de leitura":"4 minutos"},"schema":{"@context":"https:\/\/schema.org","@graph":[{"@type":"WebPage","@id":"https:\/\/frivape.com\/product\/fumot-50k-eco-2in1-50000-puffs-disposable-vape\/","url":"https:\/\/frivape.com\/product\/fumot-50k-eco-2in1-50000-puffs-disposable-vape\/","name":"Fumot 50k ECO 2em1 50000 Puffs Vape | Sabor Duplo &amp; Ecr\u00e3 Inteligente","isPartOf":{"@id":"https:\/\/frivape.com\/#website"},"primaryImageOfPage":{"@id":"https:\/\/frivape.com\/product\/fumot-50k-eco-2in1-50000-puffs-disposable-vape\/#primaryimage"},"image":{"@id":"https:\/\/frivape.com\/product\/fumot-50k-eco-2in1-50000-puffs-disposable-vape\/#primaryimage"},"thumbnailUrl":"https:\/\/frivape.com\/wp-content\/uploads\/2026\/04\/Fumot-50k-ECO-2in1-50000-Fanta-Cola-ice-4-800x800-1.webp","datePublished":"2026-04-15T16:40:44+00:00","dateModified":"2026-04-15T16:50:47+00:00","description":"Experimente o Fumot 50k ECO 2 em 1. 50.000 puffs, comuta\u00e7\u00e3o de sabor de tanque duplo (10ml + 10ml), bobina de malha de 0,9\u03a9 e Smart Display. R\u00e1pido armaz\u00e9m da UE por atacado.","breadcrumb":{"@id":"https:\/\/frivape.com\/product\/fumot-50k-eco-2in1-50000-puffs-disposable-vape\/#breadcrumb"},"inLanguage":"pt-PT","potentialAction":[{"@type":"ReadAction","target":["https:\/\/frivape.com\/product\/fumot-50k-eco-2in1-50000-puffs-disposable-vape\/"]}]},{"@type":"ImageObject","inLanguage":"pt-PT","@id":"https:\/\/frivape.com\/product\/fumot-50k-eco-2in1-50000-puffs-disposable-vape\/#primaryimage","url":"https:\/\/frivape.com\/wp-content\/uploads\/2026\/04\/Fumot-50k-ECO-2in1-50000-Fanta-Cola-ice-4-800x800-1.webp","contentUrl":"https:\/\/frivape.com\/wp-content\/uploads\/2026\/04\/Fumot-50k-ECO-2in1-50000-Fanta-Cola-ice-4-800x800-1.webp","width":800,"height":800},{"@type":"BreadcrumbList","@id":"https:\/\/frivape.com\/product\/fumot-50k-eco-2in1-50000-puffs-disposable-vape\/#breadcrumb","itemListElement":[{"@type":"ListItem","position":1,"name":"\u9996\u9875","item":"https:\/\/frivape.com\/"},{"@type":"ListItem","position":2,"name":"Shop","item":"https:\/\/frivape.com\/shop\/"},{"@type":"ListItem","position":3,"name":"Fumot ECO 2in1 50000 Puffs Disposable Vape | Dual-Flavor Tank | Smart Display &amp; RGB"}]},{"@type":"WebSite","@id":"https:\/\/frivape.com\/#website","url":"https:\/\/frivape.com\/","name":"frivape | Loja Online de Vape - Melhores Vapes, Mods e Kits Descart\u00e1veis","description":"Compre na frivape, a sua principal loja online de vape para mods aut\u00eanticos, vapes descart\u00e1veis e e-l\u00edquidos de primeira qualidade. Diretamente de Shenzhen com envio local r\u00e1pido para a Europa. Alta qualidade a pre\u00e7os grossistas.","publisher":{"@id":"https:\/\/frivape.com\/#organization"},"potentialAction":[{"@type":"SearchAction","target":{"@type":"EntryPoint","urlTemplate":"https:\/\/frivape.com\/?s={search_term_string}"},"query-input":{"@type":"PropertyValueSpecification","valueRequired":true,"valueName":"search_term_string"}}],"inLanguage":"pt-PT"},{"@type":"Organization","@id":"https:\/\/frivape.com\/#organization","name":"frivape | Loja Online de Vape - Melhores Vapes, Mods e Kits Descart\u00e1veis","url":"https:\/\/frivape.com\/","logo":{"@type":"ImageObject","inLanguage":"pt-PT","@id":"https:\/\/frivape.com\/#\/schema\/logo\/image\/","url":"https:\/\/frivape.com\/wp-content\/uploads\/2026\/03\/cropped-frivape-site-title-icon.png","contentUrl":"https:\/\/frivape.com\/wp-content\/uploads\/2026\/03\/cropped-frivape-site-title-icon.png","width":470,"height":110,"caption":"frivape | Online Vape Store - Best Vapes, Mods &amp; Disposable Kits"},"image":{"@id":"https:\/\/frivape.com\/#\/schema\/logo\/image\/"}}]}},"tiered_pricing_type":"fixed","tiered_pricing_fixed_rules":{"10":14.99,"50":13.99,"100":12.99,"200":11.99},"tiered_pricing_product_settings":{"layout":"default","base_unit_name":{"singular":null,"plural":null},"default_variation":{}},"tiered_pricing_minimum_quantity":null,"tiered_pricing_roles_data":[],"tiered_pricing_percentage_rules":[],"_links":{"self":[{"href":"https:\/\/frivape.com\/pt\/wp-json\/wp\/v2\/product\/9236","targetHints":{"allow":["GET"]}}],"collection":[{"href":"https:\/\/frivape.com\/pt\/wp-json\/wp\/v2\/product"}],"about":[{"href":"https:\/\/frivape.com\/pt\/wp-json\/wp\/v2\/types\/product"}],"replies":[{"embeddable":true,"href":"https:\/\/frivape.com\/pt\/wp-json\/wp\/v2\/comments?post=9236"}],"wp:featuredmedia":[{"embeddable":true,"href":"https:\/\/frivape.com\/pt\/wp-json\/wp\/v2\/media\/9237"}],"wp:attachment":[{"href":"https:\/\/frivape.com\/pt\/wp-json\/wp\/v2\/media?parent=9236"}],"wp:term":[{"taxonomy":"product_brand","embeddable":true,"href":"https:\/\/frivape.com\/pt\/wp-json\/wp\/v2\/product_brand?post=9236"},{"taxonomy":"product_cat","embeddable":true,"href":"https:\/\/frivape.com\/pt\/wp-json\/wp\/v2\/product_cat?post=9236"},{"taxonomy":"product_tag","embeddable":true,"href":"https:\/\/frivape.com\/pt\/wp-json\/wp\/v2\/product_tag?post=9236"}],"curies":[{"name":"wp","href":"https:\/\/api.w.org\/{rel}","templated":true}]}}