{"id":8493,"date":"2026-04-11T20:05:43","date_gmt":"2026-04-11T12:05:43","guid":{"rendered":"https:\/\/frivape.com\/?post_type=product&#038;p=8493"},"modified":"2026-04-11T20:31:52","modified_gmt":"2026-04-11T12:31:52","slug":"bang-36000-puffs-engangs-vape-40ml-dual-tank-dtl-sub-ohm-led-edition","status":"publish","type":"product","link":"https:\/\/frivape.com\/sv\/product\/bang-36000-puffs-engangs-vape-40ml-dual-tank-dtl-sub-ohm-led-edition\/","title":{"rendered":"Bang 36000 Puffs eng\u00e5ngsvape | 40mL Dual Tank &amp; DTL Sub-Ohm LED Edition"},"content":{"rendered":"<h2 class=\"wp-block-heading has-text-align-center\"><strong>Zenit av h\u00f6gkapacitetsvaping: Bang 36000 Puffs LED Edition<\/strong><\/h2>\n\n\n\n<p>Den <strong>Bang 36000 Puffs Vape Pen f\u00f6r eng\u00e5ngsbruk<\/strong> utg\u00f6r den ultimata utvecklingen av Bangs k\u00e4rnuppdrag: <strong>\u201cKraft, prestanda och dj\u00e4rv smak.\u201d<\/strong> Denna enhet \u00e4r utformad f\u00f6r vapers som kr\u00e4ver h\u00f6gsta m\u00f6jliga puffantal utan att offra \u00e5ngkvaliteten, och kombinerar en massiv <strong>40 ml kapacitet f\u00f6r e-v\u00e4tska<\/strong> med banbrytande <strong>subohm-teknik<\/strong>. Oavsett om du letar efter en <strong>grossist eng\u00e5ngs vape<\/strong> f\u00f6r att fylla p\u00e5 hyllorna i din butik eller en h\u00f6gpresterande daglig f\u00f6rare, Bang 36000 utm\u00e4rker sig som en <strong>global vape sensation<\/strong>.<\/p>\n\n\n\n<h3 class=\"wp-block-heading\"><strong>DTL-kraft (Direct-to-Lung) och Sub-Ohm-innovation<\/strong><\/h3>\n\n\n\n<p>Till skillnad fr\u00e5n vanliga eng\u00e5ngsartiklar <strong>Bang 36000<\/strong> \u00e4r ett kraftpaket konstruerat f\u00f6r molnj\u00e4gare. Med en avancerad <strong>0,6\u03a9 n\u00e4tspole<\/strong>, underl\u00e4ttar det en smidig <strong>Direkt till lungan (DTL)<\/strong> inhalerar, producerar t\u00e4t \u00e5nga och intensifierar smakprofilerna i v\u00e5r signaturfruktserie. Den <strong>system med dubbla tankar<\/strong> s\u00e4kerst\u00e4ller att den enorma m\u00e4ngden juice p\u00e5 40 ml h\u00e5ller sig fr\u00e4sch och fl\u00f6dar j\u00e4mnt, vilket ger en f\u00f6rstklassig upplevelse fr\u00e5n f\u00f6rsta dragningen till den 36 000:e.<\/p>\n\n\n\n<h3 class=\"wp-block-heading\"><strong>Stil m\u00f6ter substans: Levande LED-belysning<\/strong><\/h3>\n\n\n\n<p>Ut\u00f6ver prestanda \u00e4r Bang 36000 ett visuellt statement. Den integrerade <strong>LED-f\u00e4rgljus<\/strong> aktiveras vid varje drag och lyser upp genom det eleganta, ergonomiska chassit. Denna funktion g\u00f6r den inte bara till den <strong>b\u00e4sta 36k puff vape 2026<\/strong> f\u00f6r sociala sammanhang men tilltalar ocks\u00e5 anv\u00e4ndare som s\u00f6ker en modern, h\u00f6gteknologisk estetik. I kombination med <strong>Typ-C snabbladdning<\/strong> och ett p\u00e5litligt 650mAh-batteri, ser den h\u00e4r enheten till att du spenderar mindre tid vid uttaget och mer tid p\u00e5 att njuta av tjocka, smakfulla moln.<\/p>\n\n\n\n<h3 class=\"wp-block-heading\"><strong>Tillf\u00f6rlitlighet f\u00f6r B2B-grossister och fabriksdirekt<\/strong><\/h3>\n\n\n\n<p>Arbetar med en <strong>Shenzhen-ursprung<\/strong> logistikn\u00e4tverk, erbjuder vi direktpriser fr\u00e5n fabrik f\u00f6r <strong>bulk vape best\u00e4llningar<\/strong>. Med nikotinalternativ som str\u00e4cker sig fr\u00e5n <strong>0% (nikotinfri)<\/strong> till <strong>5% (h\u00f6g h\u00e5llfasthet)<\/strong>, Bang 36000 \u00e4r fullt anpassningsbar till olika regionala best\u00e4mmelser och konsumentpreferenser. Varje l\u00e5da inneh\u00e5ller <strong>8 stycken<\/strong>, vilket g\u00f6r den till en perfekt l\u00f6sning f\u00f6r detaljhandelsmilj\u00f6er med h\u00f6g oms\u00e4ttning som s\u00f6ker <strong>p\u00e5litlig elektronisk cigarett<\/strong> leverant\u00f6rer.<\/p>\n\n\n\n<hr class=\"wp-block-separator has-alpha-channel-opacity\"\/>\n\n\n\n<h3 class=\"wp-block-heading\"><strong>Menyn med 12 signaturfruktsmaker<\/strong><\/h3>\n\n\n\n<ol start=\"1\" class=\"wp-block-list\">\n<li><strong>Jordgubb Kiwi:<\/strong> En klassisk harmoni mellan syrligt och s\u00f6tt.<\/li>\n\n\n\n<li><strong>Persika Mango Vattenmelon:<\/strong> Den ultimata tropiska tredelningen.<\/li>\n\n\n\n<li><strong>Blandade frukter:<\/strong> En livfull blandning av b\u00e4r och exotiska frukter.<\/li>\n\n\n\n<li><strong>Mint Ice:<\/strong> Kylig mentol f\u00f6r maximal uppfriskning.<\/li>\n\n\n\n<li><strong>Persika Mango:<\/strong> Sammetslen persika blandad med saftig mango.<\/li>\n\n\n\n<li><strong>Grape Ice:<\/strong> Frodiga druvor fr\u00e5n ving\u00e5rden med en frostad finish.<\/li>\n\n\n\n<li><strong>Dubbla \u00e4pplen:<\/strong> En krispig blandning av s\u00f6ta r\u00f6da och syrliga gr\u00f6na \u00e4pplen.<\/li>\n\n\n\n<li><strong>Bl\u00e5b\u00e4r Hallon:<\/strong> En sofistikerad och syrlig skogsb\u00e4rsduo.<\/li>\n\n\n\n<li><strong>Bl\u00e5b\u00e4rsis:<\/strong> Mogna bl\u00e5b\u00e4r med en ren, isig utandning.<\/li>\n\n\n\n<li><strong>Jordgubbar, vattenmelon:<\/strong> Sommarens favoritkombination av s\u00f6t frukt.<\/li>\n\n\n\n<li><strong>Vattenmelon-is:<\/strong> Saftig, t\u00f6rstsl\u00e4ckande vattenmelon p\u00e5 is.<\/li>\n\n\n\n<li><strong>Jordgubb Mango:<\/strong> En len, kr\u00e4mig blandning av tropiska frukter.<\/li>\n<\/ol>\n\n\n\n<hr class=\"wp-block-separator has-alpha-channel-opacity\"\/>\n\n\n\n<h3 class=\"wp-block-heading\"><strong>Vanliga fr\u00e5gor och svar (FAQ)<\/strong><\/h3>\n\n\n\n<ul class=\"wp-block-list\">\n<li><strong>Vad g\u00f6r 0,6\u03a9 Mesh Coil annorlunda?<\/strong> Den <strong>subohm-motst\u00e5nd<\/strong> ger m\u00f6jlighet till h\u00f6gre wattal och \u00f6kat luftfl\u00f6de, vilket \u00e4r viktigt f\u00f6r <strong>DTL-vaping<\/strong>. Den ger st\u00f6rre moln och intensivare smak j\u00e4mf\u00f6rt med traditionella 1,0\u03a9- eller 1,2\u03a9-spolar som finns i vanliga eng\u00e5ngsprodukter.<\/li>\n\n\n\n<li><strong>Hur l\u00e4nge r\u00e4cker egentligen 40 ml-tanken?<\/strong> Med upp till <strong>36.000 puffar<\/strong>, Bang 36000 \u00e4r utformad f\u00f6r att h\u00e5lla i 4-6 veckor f\u00f6r en genomsnittlig r\u00f6kare, vilket g\u00f6r den till en av de mest <strong>kostnadseffektiva e-cigaretter<\/strong> tillg\u00e4nglig idag.<\/li>\n\n\n\n<li><strong>\u00c4r LED-lampan alltid t\u00e4nd?<\/strong> Den <strong>LED-ljus i f\u00e4rg<\/strong> \u00e4r dragaktiverad, vilket inneb\u00e4r att den bara t\u00e4nds n\u00e4r du r\u00f6ker, vilket sparar batteritid samtidigt som det ger en snygg visuell feedback.<\/li>\n\n\n\n<li><strong>Vad \u00e4r leveranstiden f\u00f6r grossistbest\u00e4llningar?<\/strong> Vi erbjuder snabb leverans fr\u00e5n v\u00e5r <strong>Lager i Shenzhen<\/strong>. Typiska ankomsttider varierar mellan 7-15 arbetsdagar, med garanterad <strong>100% tullklarering<\/strong> och inga dolda skatter eller avgifter.<\/li>\n\n\n\n<li><strong>Har Type-C-porten st\u00f6d f\u00f6r snabbladdning?<\/strong> Ja. Bang 36000 anv\u00e4nder <strong>Typ-C-teknik<\/strong>, vilket g\u00f6r att 650 mAh-batteriet n\u00e5r full laddning p\u00e5 cirka <strong>60 minuter<\/strong>, vilket garanterar minimal stillest\u00e5ndstid.<\/li>\n<\/ul>\n\n\n\n<hr class=\"wp-block-separator has-alpha-channel-opacity\"\/>\n\n\n\n<p><strong>H\u00c4LSOVARNING:<\/strong> Denna produkt inneh\u00e5ller nikotin. Nikotin \u00e4r en beroendeframkallande kemikalie.<\/p>\n\n\n\n<p><strong>Begr\u00e4nsning av \u00e5lder:<\/strong> Denna produkt \u00e4r endast avsedd f\u00f6r vuxna (18+ eller den lagliga \u00e5ldern f\u00f6r r\u00f6kning i din jurisdiktion). F\u00f6rvaras o\u00e5tkomligt f\u00f6r barn och husdjur. Anv\u00e4nd inte om du \u00e4r gravid eller ammar.<\/p>","protected":false},"excerpt":{"rendered":"<p data-path-to-node=\"7\">Den <b data-path-to-node=\"7\" data-index-in-node=\"4\">Bang 36000 puffar<\/b> s\u00e4tter ett nytt riktm\u00e4rke f\u00f6r uth\u00e5llighet och visuell stil p\u00e5 den globala marknaden f\u00f6r elektroniska cigaretter.<\/p>\n<ul data-path-to-node=\"8\">\n<li>\n<p data-path-to-node=\"8,0,0\"><b data-path-to-node=\"8,0,0\" data-index-in-node=\"0\">Extrem kapacitet:<\/b> Upp till 36.000 puffar f\u00f6r flera veckors oavbruten anv\u00e4ndning.<\/p>\n<\/li>\n<li>\n<p data-path-to-node=\"8,1,0\"><b data-path-to-node=\"8,1,0\" data-index-in-node=\"0\">System med dubbla tankar:<\/b> 40 ml f\u00f6rfylld reservoar med premium e-juice.<\/p>\n<\/li>\n<li>\n<p data-path-to-node=\"8,2,0\"><b data-path-to-node=\"8,2,0\" data-index-in-node=\"0\">Sub-Ohm Prestanda:<\/b> 0,6\u03a9 Mesh Coil f\u00f6r fyllig, molnfokuserad DTL-vaping.<\/p>\n<\/li>\n<li>\n<p data-path-to-node=\"8,3,0\"><b data-path-to-node=\"8,3,0\" data-index-in-node=\"0\">Dynamisk estetik:<\/b> Dragaktiverad LED-f\u00e4rgbelysning f\u00f6r en modern look.<\/p>\n<\/li>\n<li>\n<p data-path-to-node=\"8,4,0\"><b data-path-to-node=\"8,4,0\" data-index-in-node=\"0\">Snabb \u00e5terh\u00e4mtning:<\/b> 650 mAh uppladdningsbart batteri med snabb typ C-laddning.<\/p>\n<\/li>\n<li>\n<p data-path-to-node=\"8,5,0\"><b data-path-to-node=\"8,5,0\" data-index-in-node=\"0\">Precisionskontroll:<\/b> Finns i styrkorna 0%, 2%, 3% och 5% nikotinsalt.<\/p>\n<\/li>\n<\/ul>","protected":false},"featured_media":8494,"comment_status":"open","ping_status":"closed","template":"","meta":[],"product_brand":[61],"product_cat":[82,87,95],"product_tag":[74,77],"class_list":{"0":"post-8493","1":"product","2":"type-product","3":"status-publish","4":"has-post-thumbnail","6":"product_brand-bang","7":"product_cat-big-puffs-vapes","8":"product_cat-iced-fruit-vapes","9":"product_cat-mesh-coil-vapes","10":"product_tag-dtl-vaping","11":"product_tag-recharge","13":"first","14":"instock","15":"sale","16":"shipping-taxable","17":"purchasable","18":"product-type-variable"},"yoast_head":"<!-- This site is optimized with the Yoast SEO plugin v27.1.1 - https:\/\/yoast.com\/product\/yoast-seo-wordpress\/ -->\n<title>Bang 36000 Puffs Disposable Vape - LED Light &amp; 40mL DTL Sub-Ohm<\/title>\n<meta name=\"description\" content=\"Illuminate your clouds with Bang 36000 Puffs. Features a 40mL dual-tank, 0.6\u03a9 Sub-Ohm coil for DTL vaping, and vibrant LED lights. Factory direct wholesale &amp; fast shipping.\" \/>\n<meta name=\"robots\" content=\"noindex, follow, max-snippet:-1, max-image-preview:large, max-video-preview:-1\" \/>\n<meta property=\"og:locale\" content=\"sv_SE\" \/>\n<meta property=\"og:type\" content=\"article\" \/>\n<meta property=\"og:title\" content=\"Bang 36000 Puffs Disposable Vape - LED Light &amp; 40mL DTL Sub-Ohm\" \/>\n<meta property=\"og:description\" content=\"Illuminate your clouds with Bang 36000 Puffs. Features a 40mL dual-tank, 0.6\u03a9 Sub-Ohm coil for DTL vaping, and vibrant LED lights. Factory direct wholesale &amp; fast shipping.\" \/>\n<meta property=\"og:url\" content=\"https:\/\/frivape.com\/sv\/product\/bang-36000-puffs-engangs-vape-40ml-dual-tank-dtl-sub-ohm-led-edition\/\" \/>\n<meta property=\"og:site_name\" content=\"frivape | Online Vape Store - Best Vapes, Mods &amp; Disposable Kits\" \/>\n<meta property=\"article:modified_time\" content=\"2026-04-11T12:31:52+00:00\" \/>\n<meta property=\"og:image\" content=\"https:\/\/frivape.com\/wp-content\/uploads\/2026\/04\/Puff-36k-Bang-36000-Puffs-Disposable-Vape-Pen-Hookah-Shisha-1.webp\" \/>\n\t<meta property=\"og:image:width\" content=\"800\" \/>\n\t<meta property=\"og:image:height\" content=\"800\" \/>\n\t<meta property=\"og:image:type\" content=\"image\/webp\" \/>\n<meta name=\"twitter:card\" content=\"summary_large_image\" \/>\n<meta name=\"twitter:label1\" content=\"Ber\u00e4knad l\u00e4stid\" \/>\n\t<meta name=\"twitter:data1\" content=\"3 minuter\" \/>\n<script type=\"application\/ld+json\" class=\"yoast-schema-graph\">{\"@context\":\"https:\/\/schema.org\",\"@graph\":[{\"@type\":\"WebPage\",\"@id\":\"https:\/\/frivape.com\/product\/bang-36000-puffs-disposable-vape-40ml-dual-tank-dtl-sub-ohm-led-edition\/\",\"url\":\"https:\/\/frivape.com\/product\/bang-36000-puffs-disposable-vape-40ml-dual-tank-dtl-sub-ohm-led-edition\/\",\"name\":\"Bang 36000 Puffs Disposable Vape - LED Light & 40mL DTL Sub-Ohm\",\"isPartOf\":{\"@id\":\"https:\/\/frivape.com\/#website\"},\"primaryImageOfPage\":{\"@id\":\"https:\/\/frivape.com\/product\/bang-36000-puffs-disposable-vape-40ml-dual-tank-dtl-sub-ohm-led-edition\/#primaryimage\"},\"image\":{\"@id\":\"https:\/\/frivape.com\/product\/bang-36000-puffs-disposable-vape-40ml-dual-tank-dtl-sub-ohm-led-edition\/#primaryimage\"},\"thumbnailUrl\":\"https:\/\/frivape.com\/wp-content\/uploads\/2026\/04\/Puff-36k-Bang-36000-Puffs-Disposable-Vape-Pen-Hookah-Shisha-1.webp\",\"datePublished\":\"2026-04-11T12:05:43+00:00\",\"dateModified\":\"2026-04-11T12:31:52+00:00\",\"description\":\"Illuminate your clouds with Bang 36000 Puffs. Features a 40mL dual-tank, 0.6\u03a9 Sub-Ohm coil for DTL vaping, and vibrant LED lights. Factory direct wholesale & fast shipping.\",\"breadcrumb\":{\"@id\":\"https:\/\/frivape.com\/product\/bang-36000-puffs-disposable-vape-40ml-dual-tank-dtl-sub-ohm-led-edition\/#breadcrumb\"},\"inLanguage\":\"sv-SE\",\"potentialAction\":[{\"@type\":\"ReadAction\",\"target\":[\"https:\/\/frivape.com\/product\/bang-36000-puffs-disposable-vape-40ml-dual-tank-dtl-sub-ohm-led-edition\/\"]}]},{\"@type\":\"ImageObject\",\"inLanguage\":\"sv-SE\",\"@id\":\"https:\/\/frivape.com\/product\/bang-36000-puffs-disposable-vape-40ml-dual-tank-dtl-sub-ohm-led-edition\/#primaryimage\",\"url\":\"https:\/\/frivape.com\/wp-content\/uploads\/2026\/04\/Puff-36k-Bang-36000-Puffs-Disposable-Vape-Pen-Hookah-Shisha-1.webp\",\"contentUrl\":\"https:\/\/frivape.com\/wp-content\/uploads\/2026\/04\/Puff-36k-Bang-36000-Puffs-Disposable-Vape-Pen-Hookah-Shisha-1.webp\",\"width\":800,\"height\":800},{\"@type\":\"BreadcrumbList\",\"@id\":\"https:\/\/frivape.com\/product\/bang-36000-puffs-disposable-vape-40ml-dual-tank-dtl-sub-ohm-led-edition\/#breadcrumb\",\"itemListElement\":[{\"@type\":\"ListItem\",\"position\":1,\"name\":\"\u9996\u9875\",\"item\":\"https:\/\/frivape.com\/\"},{\"@type\":\"ListItem\",\"position\":2,\"name\":\"Shop\",\"item\":\"https:\/\/frivape.com\/shop\/\"},{\"@type\":\"ListItem\",\"position\":3,\"name\":\"Bang 36000 Puffs Disposable Vape | 40mL Dual Tank &amp; DTL Sub-Ohm LED Edition\"}]},{\"@type\":\"WebSite\",\"@id\":\"https:\/\/frivape.com\/#website\",\"url\":\"https:\/\/frivape.com\/\",\"name\":\"frivape | Online Vape Store - Best Vapes, Mods &amp; Disposable Kits\",\"description\":\"Shop frivape, your premier online vape shop for authentic mods, disposable vapes, and premium e-liquids. Direct from Shenzhen with fast Europe local shipping. High quality at wholesale prices.\",\"publisher\":{\"@id\":\"https:\/\/frivape.com\/#organization\"},\"potentialAction\":[{\"@type\":\"SearchAction\",\"target\":{\"@type\":\"EntryPoint\",\"urlTemplate\":\"https:\/\/frivape.com\/?s={search_term_string}\"},\"query-input\":{\"@type\":\"PropertyValueSpecification\",\"valueRequired\":true,\"valueName\":\"search_term_string\"}}],\"inLanguage\":\"sv-SE\"},{\"@type\":\"Organization\",\"@id\":\"https:\/\/frivape.com\/#organization\",\"name\":\"frivape | Online Vape Store - Best Vapes, Mods &amp; Disposable Kits\",\"url\":\"https:\/\/frivape.com\/\",\"logo\":{\"@type\":\"ImageObject\",\"inLanguage\":\"sv-SE\",\"@id\":\"https:\/\/frivape.com\/#\/schema\/logo\/image\/\",\"url\":\"https:\/\/frivape.com\/wp-content\/uploads\/2026\/03\/cropped-frivape-site-title-icon.png\",\"contentUrl\":\"https:\/\/frivape.com\/wp-content\/uploads\/2026\/03\/cropped-frivape-site-title-icon.png\",\"width\":470,\"height\":110,\"caption\":\"frivape | Online Vape Store - Best Vapes, Mods &amp; Disposable Kits\"},\"image\":{\"@id\":\"https:\/\/frivape.com\/#\/schema\/logo\/image\/\"}}]}<\/script>\n<!-- \/ Yoast SEO plugin. -->","yoast_head_json":{"title":"Bang 36000 Puffs eng\u00e5ngsvape - LED-lampa och 40 ml DTL Sub-Ohm","description":"Lys upp dina moln med Bang 36000 Puffs. Har en 40mL dual-tank, 0,6\u03a9 Sub-Ohm-spole f\u00f6r DTL-vaping och livliga LED-lampor. Fabriks direkt grossist och snabb frakt.","robots":{"index":"noindex","follow":"follow","max-snippet":"max-snippet:-1","max-image-preview":"max-image-preview:large","max-video-preview":"max-video-preview:-1"},"og_locale":"sv_SE","og_type":"article","og_title":"Bang 36000 Puffs Disposable Vape - LED Light & 40mL DTL Sub-Ohm","og_description":"Illuminate your clouds with Bang 36000 Puffs. Features a 40mL dual-tank, 0.6\u03a9 Sub-Ohm coil for DTL vaping, and vibrant LED lights. Factory direct wholesale & fast shipping.","og_url":"https:\/\/frivape.com\/sv\/product\/bang-36000-puffs-engangs-vape-40ml-dual-tank-dtl-sub-ohm-led-edition\/","og_site_name":"frivape | Online Vape Store - Best Vapes, Mods &amp; Disposable Kits","article_modified_time":"2026-04-11T12:31:52+00:00","og_image":[{"width":800,"height":800,"url":"https:\/\/frivape.com\/wp-content\/uploads\/2026\/04\/Puff-36k-Bang-36000-Puffs-Disposable-Vape-Pen-Hookah-Shisha-1.webp","type":"image\/webp"}],"twitter_card":"summary_large_image","twitter_misc":{"Ber\u00e4knad l\u00e4stid":"3 minuter"},"schema":{"@context":"https:\/\/schema.org","@graph":[{"@type":"WebPage","@id":"https:\/\/frivape.com\/product\/bang-36000-puffs-disposable-vape-40ml-dual-tank-dtl-sub-ohm-led-edition\/","url":"https:\/\/frivape.com\/product\/bang-36000-puffs-disposable-vape-40ml-dual-tank-dtl-sub-ohm-led-edition\/","name":"Bang 36000 Puffs eng\u00e5ngsvape - LED-lampa och 40 ml DTL Sub-Ohm","isPartOf":{"@id":"https:\/\/frivape.com\/#website"},"primaryImageOfPage":{"@id":"https:\/\/frivape.com\/product\/bang-36000-puffs-disposable-vape-40ml-dual-tank-dtl-sub-ohm-led-edition\/#primaryimage"},"image":{"@id":"https:\/\/frivape.com\/product\/bang-36000-puffs-disposable-vape-40ml-dual-tank-dtl-sub-ohm-led-edition\/#primaryimage"},"thumbnailUrl":"https:\/\/frivape.com\/wp-content\/uploads\/2026\/04\/Puff-36k-Bang-36000-Puffs-Disposable-Vape-Pen-Hookah-Shisha-1.webp","datePublished":"2026-04-11T12:05:43+00:00","dateModified":"2026-04-11T12:31:52+00:00","description":"Lys upp dina moln med Bang 36000 Puffs. Har en 40mL dual-tank, 0,6\u03a9 Sub-Ohm-spole f\u00f6r DTL-vaping och livliga LED-lampor. Fabriks direkt grossist och snabb frakt.","breadcrumb":{"@id":"https:\/\/frivape.com\/product\/bang-36000-puffs-disposable-vape-40ml-dual-tank-dtl-sub-ohm-led-edition\/#breadcrumb"},"inLanguage":"sv-SE","potentialAction":[{"@type":"ReadAction","target":["https:\/\/frivape.com\/product\/bang-36000-puffs-disposable-vape-40ml-dual-tank-dtl-sub-ohm-led-edition\/"]}]},{"@type":"ImageObject","inLanguage":"sv-SE","@id":"https:\/\/frivape.com\/product\/bang-36000-puffs-disposable-vape-40ml-dual-tank-dtl-sub-ohm-led-edition\/#primaryimage","url":"https:\/\/frivape.com\/wp-content\/uploads\/2026\/04\/Puff-36k-Bang-36000-Puffs-Disposable-Vape-Pen-Hookah-Shisha-1.webp","contentUrl":"https:\/\/frivape.com\/wp-content\/uploads\/2026\/04\/Puff-36k-Bang-36000-Puffs-Disposable-Vape-Pen-Hookah-Shisha-1.webp","width":800,"height":800},{"@type":"BreadcrumbList","@id":"https:\/\/frivape.com\/product\/bang-36000-puffs-disposable-vape-40ml-dual-tank-dtl-sub-ohm-led-edition\/#breadcrumb","itemListElement":[{"@type":"ListItem","position":1,"name":"\u9996\u9875","item":"https:\/\/frivape.com\/"},{"@type":"ListItem","position":2,"name":"Shop","item":"https:\/\/frivape.com\/shop\/"},{"@type":"ListItem","position":3,"name":"Bang 36000 Puffs Disposable Vape | 40mL Dual Tank &amp; DTL Sub-Ohm LED Edition"}]},{"@type":"WebSite","@id":"https:\/\/frivape.com\/#website","url":"https:\/\/frivape.com\/","name":"frivape | Online Vape Store - B\u00e4sta Vapes, Mods &amp; Eng\u00e5ngskit","description":"Shop frivape, din fr\u00e4msta online vape shop f\u00f6r autentiska mods, eng\u00e5ngsvapes och premium e-liquids. Direkt fr\u00e5n Shenzhen med snabb lokal frakt i Europa. H\u00f6g kvalitet till grossistpriser.","publisher":{"@id":"https:\/\/frivape.com\/#organization"},"potentialAction":[{"@type":"SearchAction","target":{"@type":"EntryPoint","urlTemplate":"https:\/\/frivape.com\/?s={search_term_string}"},"query-input":{"@type":"PropertyValueSpecification","valueRequired":true,"valueName":"search_term_string"}}],"inLanguage":"sv-SE"},{"@type":"Organization","@id":"https:\/\/frivape.com\/#organization","name":"frivape | Online Vape Store - B\u00e4sta Vapes, Mods &amp; Eng\u00e5ngskit","url":"https:\/\/frivape.com\/","logo":{"@type":"ImageObject","inLanguage":"sv-SE","@id":"https:\/\/frivape.com\/#\/schema\/logo\/image\/","url":"https:\/\/frivape.com\/wp-content\/uploads\/2026\/03\/cropped-frivape-site-title-icon.png","contentUrl":"https:\/\/frivape.com\/wp-content\/uploads\/2026\/03\/cropped-frivape-site-title-icon.png","width":470,"height":110,"caption":"frivape | Online Vape Store - Best Vapes, Mods &amp; Disposable Kits"},"image":{"@id":"https:\/\/frivape.com\/#\/schema\/logo\/image\/"}}]}},"tiered_pricing_type":"fixed","tiered_pricing_fixed_rules":{"10":10.88,"50":9.88,"100":8.88,"200":7.88},"tiered_pricing_product_settings":{"layout":"default","base_unit_name":{"singular":null,"plural":null},"default_variation":{}},"tiered_pricing_minimum_quantity":null,"tiered_pricing_roles_data":[],"tiered_pricing_percentage_rules":[],"_links":{"self":[{"href":"https:\/\/frivape.com\/sv\/wp-json\/wp\/v2\/product\/8493","targetHints":{"allow":["GET"]}}],"collection":[{"href":"https:\/\/frivape.com\/sv\/wp-json\/wp\/v2\/product"}],"about":[{"href":"https:\/\/frivape.com\/sv\/wp-json\/wp\/v2\/types\/product"}],"replies":[{"embeddable":true,"href":"https:\/\/frivape.com\/sv\/wp-json\/wp\/v2\/comments?post=8493"}],"wp:featuredmedia":[{"embeddable":true,"href":"https:\/\/frivape.com\/sv\/wp-json\/wp\/v2\/media\/8494"}],"wp:attachment":[{"href":"https:\/\/frivape.com\/sv\/wp-json\/wp\/v2\/media?parent=8493"}],"wp:term":[{"taxonomy":"product_brand","embeddable":true,"href":"https:\/\/frivape.com\/sv\/wp-json\/wp\/v2\/product_brand?post=8493"},{"taxonomy":"product_cat","embeddable":true,"href":"https:\/\/frivape.com\/sv\/wp-json\/wp\/v2\/product_cat?post=8493"},{"taxonomy":"product_tag","embeddable":true,"href":"https:\/\/frivape.com\/sv\/wp-json\/wp\/v2\/product_tag?post=8493"}],"curies":[{"name":"wp","href":"https:\/\/api.w.org\/{rel}","templated":true}]}}