{"id":8594,"date":"2026-04-12T01:16:33","date_gmt":"2026-04-11T17:16:33","guid":{"rendered":"https:\/\/frivape.com\/?post_type=product&#038;p=8594"},"modified":"2026-04-12T01:46:00","modified_gmt":"2026-04-11T17:46:00","slug":"vozol-rave-40000-puffar-led-display-engangs-vape","status":"publish","type":"product","link":"https:\/\/frivape.com\/sv\/product\/vozol-rave-40000-puffar-led-display-engangs-vape\/","title":{"rendered":"VOZOL RAVE 40000 Puffs Eng\u00e5ngsvape | 270\u00b0 LED-ljusshow | S.I.L.C Tech"},"content":{"rendered":"<h2 class=\"wp-block-heading has-text-align-center\"><strong>N\u00e4sta utveckling av Vaping: VOZOL RAVE 40000 puffar<\/strong><\/h2>\n\n\n\n<p>VOZOL \u00e4r en globalt erk\u00e4nd ledare sedan 2019 och forts\u00e4tter att omdefiniera e-cigarettupplevelsen. Den <strong>VOZOL RAVE 40000<\/strong> \u00e4r inte bara en eng\u00e5ngsapparat med h\u00f6g kapacitet; det \u00e4r en sensorisk explosion. Denna enhet \u00e4r designad f\u00f6r vuxna anv\u00e4ndare i \u00f6ver 70 l\u00e4nder och integrerar en massiv <strong>20 ml volym e-juice<\/strong> med en hisnande <strong>270\u00b0 Vibrant Glow-design<\/strong>. Oavsett om du letar efter en <strong>grossist eng\u00e5ngs vape<\/strong> eller en f\u00f6rstklassig daglig f\u00f6ljeslagare, erbjuder VOZOL RAVE den perfekta sammansm\u00e4ltningen av <strong>Snygg design, p\u00e5litlig kvalitet och \u00f6verkomliga priser.<\/strong><\/p>\n\n\n\n<figure class=\"wp-block-image size-full\"><img fetchpriority=\"high\" decoding=\"async\" width=\"2260\" height=\"1077\" src=\"https:\/\/frivape.com\/wp-content\/uploads\/2026\/04\/VOZOL-RAVE-40000-Puffs-Disposable-Vape-270\u00b0-LED-Light-Show-S.I.L.C-Tech-1.webp\" alt=\"\" class=\"wp-image-8629\" srcset=\"https:\/\/frivape.com\/wp-content\/uploads\/2026\/04\/VOZOL-RAVE-40000-Puffs-Disposable-Vape-270\u00b0-LED-Light-Show-S.I.L.C-Tech-1.webp 2260w, https:\/\/frivape.com\/wp-content\/uploads\/2026\/04\/VOZOL-RAVE-40000-Puffs-Disposable-Vape-270\u00b0-LED-Light-Show-S.I.L.C-Tech-1-300x143.webp 300w, https:\/\/frivape.com\/wp-content\/uploads\/2026\/04\/VOZOL-RAVE-40000-Puffs-Disposable-Vape-270\u00b0-LED-Light-Show-S.I.L.C-Tech-1-1024x488.webp 1024w, https:\/\/frivape.com\/wp-content\/uploads\/2026\/04\/VOZOL-RAVE-40000-Puffs-Disposable-Vape-270\u00b0-LED-Light-Show-S.I.L.C-Tech-1-768x366.webp 768w, https:\/\/frivape.com\/wp-content\/uploads\/2026\/04\/VOZOL-RAVE-40000-Puffs-Disposable-Vape-270\u00b0-LED-Light-Show-S.I.L.C-Tech-1-1536x732.webp 1536w, https:\/\/frivape.com\/wp-content\/uploads\/2026\/04\/VOZOL-RAVE-40000-Puffs-Disposable-Vape-270\u00b0-LED-Light-Show-S.I.L.C-Tech-1-2048x976.webp 2048w, https:\/\/frivape.com\/wp-content\/uploads\/2026\/04\/VOZOL-RAVE-40000-Puffs-Disposable-Vape-270\u00b0-LED-Light-Show-S.I.L.C-Tech-1-990x472.webp 990w, https:\/\/frivape.com\/wp-content\/uploads\/2026\/04\/VOZOL-RAVE-40000-Puffs-Disposable-Vape-270\u00b0-LED-Light-Show-S.I.L.C-Tech-1-441x210.webp 441w, https:\/\/frivape.com\/wp-content\/uploads\/2026\/04\/VOZOL-RAVE-40000-Puffs-Disposable-Vape-270\u00b0-LED-Light-Show-S.I.L.C-Tech-1-800x381.webp 800w, https:\/\/frivape.com\/wp-content\/uploads\/2026\/04\/VOZOL-RAVE-40000-Puffs-Disposable-Vape-270\u00b0-LED-Light-Show-S.I.L.C-Tech-1-150x71.webp 150w\" sizes=\"(max-width: 2260px) 100vw, 2260px\" \/><\/figure>\n\n\n\n<h3 class=\"wp-block-heading\"><strong>Avancerad S.I.L.C-teknik och 1,2\u03a9 precision<\/strong><\/h3>\n\n\n\n<p>Hemligheten bakom VOZOL RAVE:s \u00f6verl\u00e4gsna prestanda ligger i dess egenutvecklade <strong>S.I.L.C-teknik<\/strong>. Genom att s\u00e4kerst\u00e4lla en <strong>Smidig, identisk, l\u00e5ngvarig och ren<\/strong> erfarenhet, eliminerar denna enhet smakf\u00f6rlust. Den integrerade <strong>1.2\u03a9 Mesh-spole med h\u00f6g precision<\/strong> bibeh\u00e5ller en konsekvent termisk stabilitet, vilket f\u00f6rhindrar \u201ckaramellisering\u201d av e-juice eller br\u00e4nda smaker. Detta s\u00e4kerst\u00e4ller att din 40 000:e puff smakar lika skarpt som den allra f\u00f6rsta och ger en \u201cren s\u00f6tma\u201d som undviker vaperns tunga.<\/p>\n\n\n\n<h3 class=\"wp-block-heading\"><strong>Meny med signatursmak<\/strong><\/h3>\n\n\n\n<p>Utforska v\u00e5r noggrant utformade smakkollektion, med allt fr\u00e5n klassiska mentoler till exotisk fruktmixologi:<\/p>\n\n\n\n<figure class=\"wp-block-image size-full\"><img decoding=\"async\" width=\"1739\" height=\"2560\" src=\"https:\/\/frivape.com\/wp-content\/uploads\/2026\/04\/fXktLZDaNjfNzisHOTQErYmXNCbmX97O8V2YVQTF-scaled.webp\" alt=\"\" class=\"wp-image-8625\" srcset=\"https:\/\/frivape.com\/wp-content\/uploads\/2026\/04\/fXktLZDaNjfNzisHOTQErYmXNCbmX97O8V2YVQTF-scaled.webp 1739w, https:\/\/frivape.com\/wp-content\/uploads\/2026\/04\/fXktLZDaNjfNzisHOTQErYmXNCbmX97O8V2YVQTF-204x300.webp 204w, https:\/\/frivape.com\/wp-content\/uploads\/2026\/04\/fXktLZDaNjfNzisHOTQErYmXNCbmX97O8V2YVQTF-696x1024.webp 696w, https:\/\/frivape.com\/wp-content\/uploads\/2026\/04\/fXktLZDaNjfNzisHOTQErYmXNCbmX97O8V2YVQTF-768x1130.webp 768w, https:\/\/frivape.com\/wp-content\/uploads\/2026\/04\/fXktLZDaNjfNzisHOTQErYmXNCbmX97O8V2YVQTF-1044x1536.webp 1044w, https:\/\/frivape.com\/wp-content\/uploads\/2026\/04\/fXktLZDaNjfNzisHOTQErYmXNCbmX97O8V2YVQTF-1391x2048.webp 1391w, https:\/\/frivape.com\/wp-content\/uploads\/2026\/04\/fXktLZDaNjfNzisHOTQErYmXNCbmX97O8V2YVQTF-990x1457.webp 990w, https:\/\/frivape.com\/wp-content\/uploads\/2026\/04\/fXktLZDaNjfNzisHOTQErYmXNCbmX97O8V2YVQTF-441x649.webp 441w, https:\/\/frivape.com\/wp-content\/uploads\/2026\/04\/fXktLZDaNjfNzisHOTQErYmXNCbmX97O8V2YVQTF-300x442.webp 300w, https:\/\/frivape.com\/wp-content\/uploads\/2026\/04\/fXktLZDaNjfNzisHOTQErYmXNCbmX97O8V2YVQTF-800x1178.webp 800w, https:\/\/frivape.com\/wp-content\/uploads\/2026\/04\/fXktLZDaNjfNzisHOTQErYmXNCbmX97O8V2YVQTF-150x221.webp 150w\" sizes=\"(max-width: 1739px) 100vw, 1739px\" \/><\/figure>\n\n\n\n<h3 class=\"wp-block-heading\"><strong>Party Mode: 270\u00b0 Glow &amp; Beat-Synced Lighting<\/strong><\/h3>\n\n\n\n<p>VOZOL RAVE 40k \u00e4r utformad f\u00f6r att k\u00e4nnas lika dynamisk som den musik du \u00e4lskar. Den <strong>Beat-avk\u00e4nnande LED-display<\/strong> reagerar p\u00e5 rytmen i ditt drag och f\u00f6rvandlar varje bloss till en personlig ljusshow. I kombination med <strong>Eclipse Vaping Animation<\/strong> sk\u00e4rmen k\u00e4nns det som att interagera med en avancerad smartklocka n\u00e4r du kontrollerar batteri- och laddningsniv\u00e5erna. Det \u00e4r den ultimata accessoaren f\u00f6r sociala milj\u00f6er med h\u00f6g energi, vilket g\u00f6r den till en utstickare i <strong>VOZOL-apes<\/strong> uppst\u00e4llning.<\/p>\n\n\n\n<h3 class=\"wp-block-heading\"><strong>Vanliga fr\u00e5gor och svar (FAQ)<\/strong><\/h3>\n\n\n\n<ul class=\"wp-block-list\">\n<li><strong>Hur kan S.I.L.C-tekniken f\u00f6rb\u00e4ttra upplevelsen?<\/strong> S.I.L.C s\u00e4kerst\u00e4ller att smaken f\u00f6rblir <strong>Identiska<\/strong> under hela tankens livsl\u00e4ngd och <strong>Ren<\/strong> fr\u00e5n alla br\u00e4nda undertoner, vilket ger den mest <strong>L\u00e5ngvarig<\/strong> och <strong>Smidig<\/strong> erfarenhet.<\/li>\n\n\n\n<li><strong>Hur snabbt laddas VOZOL RAVE?<\/strong> Enheten har blixtsnabb laddning och n\u00e5r en <strong>80% laddas p\u00e5 bara 20 minuter<\/strong>, vilket minimerar stillest\u00e5ndstiden f\u00f6r \u201con-the-go\u201d vaper.<\/li>\n\n\n\n<li><strong>\u00c4r nikotintr\u00e4ffen mjuk eller h\u00e5rd?<\/strong> Vid <strong>5% (50 mg\/ml)<\/strong>, Den ger en tillfredsst\u00e4llande, dj\u00e4rv tr\u00e4ff, men h\u00f6gprecisionsspolen s\u00e4kerst\u00e4ller att \u00e5ngan \u00e4r silkeslen och bekv\u00e4m p\u00e5 halsen.<\/li>\n<\/ul>\n\n\n\n<p><strong>H\u00c4LSOVARNING:<\/strong> Denna produkt inneh\u00e5ller nikotin. Nikotin \u00e4r en beroendeframkallande kemikalie.<\/p>\n\n\n\n<p><strong>Begr\u00e4nsning av \u00e5lder:<\/strong> Denna produkt \u00e4r endast avsedd f\u00f6r vuxna (18+ eller den lagliga \u00e5ldern f\u00f6r r\u00f6kning i din jurisdiktion). F\u00f6rvaras o\u00e5tkomligt f\u00f6r barn och husdjur. Anv\u00e4nd inte om du \u00e4r gravid eller ammar.<\/p>","protected":false},"excerpt":{"rendered":"<p data-path-to-node=\"7\">Den <b data-path-to-node=\"7\" data-index-in-node=\"4\">VOZOL RAVE 40000<\/b> \u00e4r d\u00e4r futuristisk teknik m\u00f6ter h\u00f6gklassig smak.<\/p>\n<ul data-path-to-node=\"8\">\n<li>\n<p data-path-to-node=\"8,0,0\"><b data-path-to-node=\"8,0,0\" data-index-in-node=\"0\">O\u00f6vertr\u00e4ffad livsl\u00e4ngd:<\/b> Upp till 40.000 bloss fr\u00e5n en 20 ml f\u00f6rfylld beh\u00e5llare.<\/p>\n<\/li>\n<li>\n<p data-path-to-node=\"8,1,0\"><b data-path-to-node=\"8,1,0\" data-index-in-node=\"0\">Visuellt spektakel:<\/b> 270\u00b0 Beat-Sensing LED-display med Eclipse vaping-animationer.<\/p>\n<\/li>\n<li>\n<p data-path-to-node=\"8,2,0\"><b data-path-to-node=\"8,2,0\" data-index-in-node=\"0\">S.I.L.C-teknik:<\/b> Smidig, identisk, l\u00e5ngvarig och ren smakleverans.<\/p>\n<\/li>\n<li>\n<p data-path-to-node=\"8,3,0\"><b data-path-to-node=\"8,3,0\" data-index-in-node=\"0\">Ultrasnabb \u00e5terh\u00e4mtning:<\/b> 1000mAh batteri n\u00e5r 80% laddning p\u00e5 bara 20 minuter via Type-C.<\/p>\n<\/li>\n<li>\n<p data-path-to-node=\"8,4,0\"><b data-path-to-node=\"8,4,0\" data-index-in-node=\"0\">Smakprecision:<\/b> 1.2\u03a9 Mesh-spole med h\u00f6g precision bibeh\u00e5ller termisk stabilitet.<\/p>\n<\/li>\n<li>\n<p data-path-to-node=\"8,5,0\"><b data-path-to-node=\"8,5,0\" data-index-in-node=\"0\">Global tillf\u00f6rlitlighet:<\/b> Skickas fr\u00e5n v\u00e5rt <b data-path-to-node=\"8,5,0\" data-index-in-node=\"37\">EU-lager<\/b> (1-3 dagars leverans).<\/p>\n<\/li>\n<\/ul>","protected":false},"featured_media":8619,"comment_status":"open","ping_status":"closed","template":"","meta":[],"product_brand":[55],"product_cat":[82,96,87],"product_tag":[75,76,77,79],"class_list":{"0":"post-8594","1":"product","2":"type-product","3":"status-publish","4":"has-post-thumbnail","6":"product_brand-vozol","7":"product_cat-big-puffs-vapes","8":"product_cat-dual-mesh-vapes","9":"product_cat-iced-fruit-vapes","10":"product_tag-eu-warehouse","11":"product_tag-mtl-vaping","12":"product_tag-recharge","13":"product_tag-smart-screen-display","15":"first","16":"instock","17":"sale","18":"shipping-taxable","19":"purchasable","20":"product-type-variable"},"yoast_head":"<!-- This site is optimized with the Yoast SEO plugin v27.1.1 - https:\/\/yoast.com\/product\/yoast-seo-wordpress\/ -->\n<title>VOZOL RAVE 40000 Puffs Disposable Vape - 270\u00b0 LED &amp; S.I.L.C Tech<\/title>\n<meta name=\"description\" content=\"Experience VOZOL RAVE 40000. Features 40k puffs, 20mL tank, S.I.L.C Tech, and a 270\u00b0 LED party mode. 80% charge in 20 mins. 24 fruit flavors available.\" \/>\n<meta name=\"robots\" content=\"noindex, follow, max-snippet:-1, max-image-preview:large, max-video-preview:-1\" \/>\n<meta property=\"og:locale\" content=\"sv_SE\" \/>\n<meta property=\"og:type\" content=\"article\" \/>\n<meta property=\"og:title\" content=\"VOZOL RAVE 40000 Puffs Disposable Vape - 270\u00b0 LED &amp; S.I.L.C Tech\" \/>\n<meta property=\"og:description\" content=\"Experience VOZOL RAVE 40000. Features 40k puffs, 20mL tank, S.I.L.C Tech, and a 270\u00b0 LED party mode. 80% charge in 20 mins. 24 fruit flavors available.\" \/>\n<meta property=\"og:url\" content=\"https:\/\/frivape.com\/sv\/product\/vozol-rave-40000-puffar-led-display-engangs-vape\/\" \/>\n<meta property=\"og:site_name\" content=\"frivape | Online Vape Store - Best Vapes, Mods &amp; Disposable Kits\" \/>\n<meta property=\"article:modified_time\" content=\"2026-04-11T17:46:00+00:00\" \/>\n<meta property=\"og:image\" content=\"https:\/\/frivape.com\/wp-content\/uploads\/2026\/04\/vozol-rave-40000-Blue-Razz-Ice-3.webp\" \/>\n\t<meta property=\"og:image:width\" content=\"1200\" \/>\n\t<meta property=\"og:image:height\" content=\"1200\" \/>\n\t<meta property=\"og:image:type\" content=\"image\/webp\" \/>\n<meta name=\"twitter:card\" content=\"summary_large_image\" \/>\n<meta name=\"twitter:label1\" content=\"Ber\u00e4knad l\u00e4stid\" \/>\n\t<meta name=\"twitter:data1\" content=\"3 minuter\" \/>\n<script type=\"application\/ld+json\" class=\"yoast-schema-graph\">{\"@context\":\"https:\/\/schema.org\",\"@graph\":[{\"@type\":\"WebPage\",\"@id\":\"https:\/\/frivape.com\/product\/vozol-rave-40000-puffs-led-display-disposable-vape\/\",\"url\":\"https:\/\/frivape.com\/product\/vozol-rave-40000-puffs-led-display-disposable-vape\/\",\"name\":\"VOZOL RAVE 40000 Puffs Disposable Vape - 270\u00b0 LED & S.I.L.C Tech\",\"isPartOf\":{\"@id\":\"https:\/\/frivape.com\/#website\"},\"primaryImageOfPage\":{\"@id\":\"https:\/\/frivape.com\/product\/vozol-rave-40000-puffs-led-display-disposable-vape\/#primaryimage\"},\"image\":{\"@id\":\"https:\/\/frivape.com\/product\/vozol-rave-40000-puffs-led-display-disposable-vape\/#primaryimage\"},\"thumbnailUrl\":\"https:\/\/frivape.com\/wp-content\/uploads\/2026\/04\/vozol-rave-40000-Blue-Razz-Ice-3.webp\",\"datePublished\":\"2026-04-11T17:16:33+00:00\",\"dateModified\":\"2026-04-11T17:46:00+00:00\",\"description\":\"Experience VOZOL RAVE 40000. Features 40k puffs, 20mL tank, S.I.L.C Tech, and a 270\u00b0 LED party mode. 80% charge in 20 mins. 24 fruit flavors available.\",\"breadcrumb\":{\"@id\":\"https:\/\/frivape.com\/product\/vozol-rave-40000-puffs-led-display-disposable-vape\/#breadcrumb\"},\"inLanguage\":\"sv-SE\",\"potentialAction\":[{\"@type\":\"ReadAction\",\"target\":[\"https:\/\/frivape.com\/product\/vozol-rave-40000-puffs-led-display-disposable-vape\/\"]}]},{\"@type\":\"ImageObject\",\"inLanguage\":\"sv-SE\",\"@id\":\"https:\/\/frivape.com\/product\/vozol-rave-40000-puffs-led-display-disposable-vape\/#primaryimage\",\"url\":\"https:\/\/frivape.com\/wp-content\/uploads\/2026\/04\/vozol-rave-40000-Blue-Razz-Ice-3.webp\",\"contentUrl\":\"https:\/\/frivape.com\/wp-content\/uploads\/2026\/04\/vozol-rave-40000-Blue-Razz-Ice-3.webp\",\"width\":1200,\"height\":1200},{\"@type\":\"BreadcrumbList\",\"@id\":\"https:\/\/frivape.com\/product\/vozol-rave-40000-puffs-led-display-disposable-vape\/#breadcrumb\",\"itemListElement\":[{\"@type\":\"ListItem\",\"position\":1,\"name\":\"\u9996\u9875\",\"item\":\"https:\/\/frivape.com\/\"},{\"@type\":\"ListItem\",\"position\":2,\"name\":\"Shop\",\"item\":\"https:\/\/frivape.com\/shop\/\"},{\"@type\":\"ListItem\",\"position\":3,\"name\":\"VOZOL RAVE 40000 Puffs Disposable Vape | 270\u00b0 LED Light Show | S.I.L.C Tech\"}]},{\"@type\":\"WebSite\",\"@id\":\"https:\/\/frivape.com\/#website\",\"url\":\"https:\/\/frivape.com\/\",\"name\":\"frivape | Online Vape Store - Best Vapes, Mods &amp; Disposable Kits\",\"description\":\"Shop frivape, your premier online vape shop for authentic mods, disposable vapes, and premium e-liquids. Direct from Shenzhen with fast Europe local shipping. High quality at wholesale prices.\",\"publisher\":{\"@id\":\"https:\/\/frivape.com\/#organization\"},\"potentialAction\":[{\"@type\":\"SearchAction\",\"target\":{\"@type\":\"EntryPoint\",\"urlTemplate\":\"https:\/\/frivape.com\/?s={search_term_string}\"},\"query-input\":{\"@type\":\"PropertyValueSpecification\",\"valueRequired\":true,\"valueName\":\"search_term_string\"}}],\"inLanguage\":\"sv-SE\"},{\"@type\":\"Organization\",\"@id\":\"https:\/\/frivape.com\/#organization\",\"name\":\"frivape | Online Vape Store - Best Vapes, Mods &amp; Disposable Kits\",\"url\":\"https:\/\/frivape.com\/\",\"logo\":{\"@type\":\"ImageObject\",\"inLanguage\":\"sv-SE\",\"@id\":\"https:\/\/frivape.com\/#\/schema\/logo\/image\/\",\"url\":\"https:\/\/frivape.com\/wp-content\/uploads\/2026\/03\/cropped-frivape-site-title-icon.png\",\"contentUrl\":\"https:\/\/frivape.com\/wp-content\/uploads\/2026\/03\/cropped-frivape-site-title-icon.png\",\"width\":470,\"height\":110,\"caption\":\"frivape | Online Vape Store - Best Vapes, Mods &amp; Disposable Kits\"},\"image\":{\"@id\":\"https:\/\/frivape.com\/#\/schema\/logo\/image\/\"}}]}<\/script>\n<!-- \/ Yoast SEO plugin. -->","yoast_head_json":{"title":"VOZOL RAVE 40000 Puffs eng\u00e5ngsvape - 270\u00b0 LED &amp; S.I.L.C Tech","description":"Upplev VOZOL RAVE 40000. Med 40k puffar, 20mL tank, S.I.L.C Tech och 270\u00b0 LED partyl\u00e4ge. 80% laddning p\u00e5 20 minuter. 24 fruktsmaker tillg\u00e4ngliga.","robots":{"index":"noindex","follow":"follow","max-snippet":"max-snippet:-1","max-image-preview":"max-image-preview:large","max-video-preview":"max-video-preview:-1"},"og_locale":"sv_SE","og_type":"article","og_title":"VOZOL RAVE 40000 Puffs Disposable Vape - 270\u00b0 LED & S.I.L.C Tech","og_description":"Experience VOZOL RAVE 40000. Features 40k puffs, 20mL tank, S.I.L.C Tech, and a 270\u00b0 LED party mode. 80% charge in 20 mins. 24 fruit flavors available.","og_url":"https:\/\/frivape.com\/sv\/product\/vozol-rave-40000-puffar-led-display-engangs-vape\/","og_site_name":"frivape | Online Vape Store - Best Vapes, Mods &amp; Disposable Kits","article_modified_time":"2026-04-11T17:46:00+00:00","og_image":[{"width":1200,"height":1200,"url":"https:\/\/frivape.com\/wp-content\/uploads\/2026\/04\/vozol-rave-40000-Blue-Razz-Ice-3.webp","type":"image\/webp"}],"twitter_card":"summary_large_image","twitter_misc":{"Ber\u00e4knad l\u00e4stid":"3 minuter"},"schema":{"@context":"https:\/\/schema.org","@graph":[{"@type":"WebPage","@id":"https:\/\/frivape.com\/product\/vozol-rave-40000-puffs-led-display-disposable-vape\/","url":"https:\/\/frivape.com\/product\/vozol-rave-40000-puffs-led-display-disposable-vape\/","name":"VOZOL RAVE 40000 Puffs eng\u00e5ngsvape - 270\u00b0 LED &amp; S.I.L.C Tech","isPartOf":{"@id":"https:\/\/frivape.com\/#website"},"primaryImageOfPage":{"@id":"https:\/\/frivape.com\/product\/vozol-rave-40000-puffs-led-display-disposable-vape\/#primaryimage"},"image":{"@id":"https:\/\/frivape.com\/product\/vozol-rave-40000-puffs-led-display-disposable-vape\/#primaryimage"},"thumbnailUrl":"https:\/\/frivape.com\/wp-content\/uploads\/2026\/04\/vozol-rave-40000-Blue-Razz-Ice-3.webp","datePublished":"2026-04-11T17:16:33+00:00","dateModified":"2026-04-11T17:46:00+00:00","description":"Upplev VOZOL RAVE 40000. Med 40k puffar, 20mL tank, S.I.L.C Tech och 270\u00b0 LED partyl\u00e4ge. 80% laddning p\u00e5 20 minuter. 24 fruktsmaker tillg\u00e4ngliga.","breadcrumb":{"@id":"https:\/\/frivape.com\/product\/vozol-rave-40000-puffs-led-display-disposable-vape\/#breadcrumb"},"inLanguage":"sv-SE","potentialAction":[{"@type":"ReadAction","target":["https:\/\/frivape.com\/product\/vozol-rave-40000-puffs-led-display-disposable-vape\/"]}]},{"@type":"ImageObject","inLanguage":"sv-SE","@id":"https:\/\/frivape.com\/product\/vozol-rave-40000-puffs-led-display-disposable-vape\/#primaryimage","url":"https:\/\/frivape.com\/wp-content\/uploads\/2026\/04\/vozol-rave-40000-Blue-Razz-Ice-3.webp","contentUrl":"https:\/\/frivape.com\/wp-content\/uploads\/2026\/04\/vozol-rave-40000-Blue-Razz-Ice-3.webp","width":1200,"height":1200},{"@type":"BreadcrumbList","@id":"https:\/\/frivape.com\/product\/vozol-rave-40000-puffs-led-display-disposable-vape\/#breadcrumb","itemListElement":[{"@type":"ListItem","position":1,"name":"\u9996\u9875","item":"https:\/\/frivape.com\/"},{"@type":"ListItem","position":2,"name":"Shop","item":"https:\/\/frivape.com\/shop\/"},{"@type":"ListItem","position":3,"name":"VOZOL RAVE 40000 Puffs Disposable Vape | 270\u00b0 LED Light Show | S.I.L.C Tech"}]},{"@type":"WebSite","@id":"https:\/\/frivape.com\/#website","url":"https:\/\/frivape.com\/","name":"frivape | Online Vape Store - B\u00e4sta Vapes, Mods &amp; Eng\u00e5ngskit","description":"Shop frivape, din fr\u00e4msta online vape shop f\u00f6r autentiska mods, eng\u00e5ngsvapes och premium e-liquids. Direkt fr\u00e5n Shenzhen med snabb lokal frakt i Europa. H\u00f6g kvalitet till grossistpriser.","publisher":{"@id":"https:\/\/frivape.com\/#organization"},"potentialAction":[{"@type":"SearchAction","target":{"@type":"EntryPoint","urlTemplate":"https:\/\/frivape.com\/?s={search_term_string}"},"query-input":{"@type":"PropertyValueSpecification","valueRequired":true,"valueName":"search_term_string"}}],"inLanguage":"sv-SE"},{"@type":"Organization","@id":"https:\/\/frivape.com\/#organization","name":"frivape | Online Vape Store - B\u00e4sta Vapes, Mods &amp; Eng\u00e5ngskit","url":"https:\/\/frivape.com\/","logo":{"@type":"ImageObject","inLanguage":"sv-SE","@id":"https:\/\/frivape.com\/#\/schema\/logo\/image\/","url":"https:\/\/frivape.com\/wp-content\/uploads\/2026\/03\/cropped-frivape-site-title-icon.png","contentUrl":"https:\/\/frivape.com\/wp-content\/uploads\/2026\/03\/cropped-frivape-site-title-icon.png","width":470,"height":110,"caption":"frivape | Online Vape Store - Best Vapes, Mods &amp; Disposable Kits"},"image":{"@id":"https:\/\/frivape.com\/#\/schema\/logo\/image\/"}}]}},"tiered_pricing_type":"fixed","tiered_pricing_fixed_rules":{"10":12.99,"50":11.99,"100":10.99,"200":9.99},"tiered_pricing_product_settings":{"layout":"default","base_unit_name":{"singular":null,"plural":null},"default_variation":{}},"tiered_pricing_minimum_quantity":null,"tiered_pricing_roles_data":[],"tiered_pricing_percentage_rules":[],"_links":{"self":[{"href":"https:\/\/frivape.com\/sv\/wp-json\/wp\/v2\/product\/8594","targetHints":{"allow":["GET"]}}],"collection":[{"href":"https:\/\/frivape.com\/sv\/wp-json\/wp\/v2\/product"}],"about":[{"href":"https:\/\/frivape.com\/sv\/wp-json\/wp\/v2\/types\/product"}],"replies":[{"embeddable":true,"href":"https:\/\/frivape.com\/sv\/wp-json\/wp\/v2\/comments?post=8594"}],"wp:featuredmedia":[{"embeddable":true,"href":"https:\/\/frivape.com\/sv\/wp-json\/wp\/v2\/media\/8619"}],"wp:attachment":[{"href":"https:\/\/frivape.com\/sv\/wp-json\/wp\/v2\/media?parent=8594"}],"wp:term":[{"taxonomy":"product_brand","embeddable":true,"href":"https:\/\/frivape.com\/sv\/wp-json\/wp\/v2\/product_brand?post=8594"},{"taxonomy":"product_cat","embeddable":true,"href":"https:\/\/frivape.com\/sv\/wp-json\/wp\/v2\/product_cat?post=8594"},{"taxonomy":"product_tag","embeddable":true,"href":"https:\/\/frivape.com\/sv\/wp-json\/wp\/v2\/product_tag?post=8594"}],"curies":[{"name":"wp","href":"https:\/\/api.w.org\/{rel}","templated":true}]}}