{"id":8946,"date":"2026-04-12T15:35:49","date_gmt":"2026-04-12T07:35:49","guid":{"rendered":"https:\/\/frivape.com\/?post_type=product&#038;p=8946"},"modified":"2026-04-12T15:43:25","modified_gmt":"2026-04-12T07:43:25","slug":"jnr-falcon-x-18000-puffs-digital-display-vape","status":"publish","type":"product","link":"https:\/\/frivape.com\/sv\/product\/jnr-falcon-x-18000-puffs-digital-display-vape\/","title":{"rendered":"JNR Falcon X 18000 Puffs Eng\u00e5ngsvape | 0,6\u03a9 Dual Mesh &amp; Digital Display | 24mL"},"content":{"rendered":"<h2 class=\"wp-block-heading has-text-align-center\"><strong>Tekniken bakom JNR Falcon X 18000<\/strong><\/h2>\n\n\n\n<p>Den <strong>JNR Falcon X 18000<\/strong> \u00e4r inte bara en eng\u00e5ngsapparat; det \u00e4r en precisionsutvecklad vapingstation. Drivet av visionen att <strong>\u201cUltimat tillf\u00f6rlitlighet\u201d<\/strong> JNR har utrustat denna modell med en <strong>Dubbelk\u00e4rnig styrning<\/strong> system som v\u00e4xlar mellan sina mesh-spolar. Detta f\u00f6rhindrar att smaken f\u00f6rs\u00e4mras \u00f6ver tid och s\u00e4kerst\u00e4ller att det sista blosset \u00e4r lika livligt som det f\u00f6rsta. Med en <strong>24mL XL reservoar<\/strong>, Den har ett av de h\u00f6gsta f\u00f6rh\u00e5llandena mellan e-v\u00e4tska och puff i branschen, vilket g\u00f6r den till det perfekta valet f\u00f6r b\u00e5de h\u00f6gfrekventa anv\u00e4ndare och grossister.<\/p>\n\n\n\n<h3 class=\"wp-block-heading\"><strong>0,6\u03a9 Dual Mesh: En \u00e4kta sub-ohm-upplevelse<\/strong><\/h3>\n\n\n\n<p>Till skillnad fr\u00e5n vanliga 1,2\u03a9-spiraler som finns i vanliga eng\u00e5ngsartiklar anv\u00e4nder Falcon X en <strong>l\u00e5g resistans 0,6\u03a9 Dual Mesh<\/strong> installation. Detta m\u00f6jligg\u00f6r en h\u00f6gre watt-ekvivalent effekt, vilket resulterar i <strong>T\u00e4ta \u00e5ngmoln<\/strong> och en \u201cBold Flavor\u201d-profil som \u00e4r typisk f\u00f6r dyra mod-kit. Oavsett om du anv\u00e4nder <strong>2% (20 mg\/ml)<\/strong> eller <strong>5% (50 mg\/ml)<\/strong> nikotinsaltalternativ, halshugget f\u00f6rblir smidigt och tillfredsst\u00e4llande tack vare den avancerade finf\u00f6rdelningstekniken.<\/p>\n\n\n\n<h3 class=\"wp-block-heading\"><strong>Total synlighet med smart LED-display<\/strong><\/h3>\n\n\n\n<p>L\u00e5t dig aldrig \u00f6verraskas av ett urladdat batteri eller en tom tank. Den <strong>JNR Falcon X<\/strong> har en kristallklar <strong>Digital LED-instrumentpanel<\/strong>. Detta h\u00f6gteknologiska gr\u00e4nssnitt ger en live nedr\u00e4kning av dina \u00e5terst\u00e5ende resurser. Parat med <strong>950mAh uppladdningsbart batteri<\/strong>, Falcon X, som laddas fullt p\u00e5 cirka 45-60 minuter via Type-C, erbjuder en \u201c\u00e5ngestfri\u201d vapingresa.<\/p>\n\n\n\n<h3 class=\"wp-block-heading\"><strong>Curated 50+ Premium Smakkollektion<\/strong><\/h3>\n\n\n\n<p>Uppt\u00e4ck en v\u00e4rld av exotiska frukter, uppfriskande isglass och JNR:s signaturblandningar:<\/p>\n\n\n\n<ol start=\"1\" class=\"wp-block-list\">\n<li><strong>Blue Razz Ice<\/strong> | 02. <strong>Bl\u00e5b\u00e4r Hallon<\/strong> | 03. <strong>Cool Mint<\/strong> | 04. <strong>Kiwi vattenmelon is<\/strong> | 05. <strong>Grape Ice<\/strong> | 06. <strong>Jordgubb Kiwi<\/strong> | 07. <strong>Jordgubbs- och vattenmelonis<\/strong> | 08. <strong>Vattenmelon-is<\/strong> | 09. <strong>Jordgubbsis<\/strong> | 10. <strong>Blandade b\u00e4r<\/strong> | 11. <strong>Vattenmelon Bubblegum<\/strong> | 12. <strong>Sur \u00e4pple-is<\/strong> | 13. <strong>Persika is<\/strong> | 14. <strong>Gummibj\u00f6rn<\/strong> | 15. <strong>Berry Burst<\/strong> | 16. <strong>Bl\u00e5b\u00e4r Hallon K\u00f6rsb\u00e4r<\/strong> | 17. <strong>K\u00f6rsb\u00e4rsb\u00e4r<\/strong> | 18. <strong>Jordgubbar Bananer<\/strong> | 19. <strong>Citron &amp; Lime<\/strong> | 20. <strong>Bl\u00e5b\u00e4r Kiwi<\/strong> | 21. <strong>Passionsfrukt Kiwi<\/strong> | 22. <strong>White Peach Razz<\/strong> | 23. <strong>Bl\u00e5 Razz K\u00f6rsb\u00e4r<\/strong> | 24. <strong>K\u00f6rsb\u00e4rsvattenmelon Frys<\/strong> | 25. <strong>Cherry Cola<\/strong> | 26. <strong>Sommarpersika-is<\/strong> | 27. <strong>Bl\u00e5b\u00e4r K\u00f6rsb\u00e4r Tranb\u00e4r<\/strong> | 28. <strong>Persika Mango Ananas<\/strong> | 29. <strong>Persika B\u00e4r<\/strong> | 30. <strong>Banan is<\/strong> | 31. <strong>Skittles<\/strong> | 32. <strong>Triple Melon<\/strong> | 33. <strong>Herr Bl\u00e5<\/strong> | 34. <strong>K\u00f6rsb\u00e4rsis<\/strong> | 35. <strong>Vattenmelon Lychee<\/strong> | 36. <strong>Svart is<\/strong> | 37. <strong>K\u00e4rlek 66<\/strong> | 38. <strong>Hawaii<\/strong> | 39. <strong>Mi Amor<\/strong> | 40. <strong>Lady Killa<\/strong> | 41. <strong>Hallon Rabarber<\/strong> | 42. <strong>K\u00f6rsb\u00e4rs- och persikoliknande lemonad<\/strong> | 43. <strong>Bl\u00e5 k\u00f6rsb\u00e4rsexplosion<\/strong> | 44. <strong>\u00c4pple p\u00e4ron<\/strong> | 45. <strong>Tropisk frukt<\/strong> | 46. <strong>JNR Mousserande k\u00f6rsb\u00e4r<\/strong> | 47. <strong>JNR Vattenmelon Rooty Fizz<\/strong> | 48. <strong>JNR Bl\u00e5 Kakao Mousseux<\/strong> | 49. <strong>JNR Tangy Fruit Berries<\/strong> | 50. <strong>JNR Raspberry Rouge Gumdrop<\/strong><\/li>\n<\/ol>\n\n\n\n<h3 class=\"wp-block-heading\"><strong>Vanliga fr\u00e5gor och svar (FAQ)<\/strong><\/h3>\n\n\n\n<ul class=\"wp-block-list\">\n<li><strong>Hur l\u00e4nge h\u00e5ller en JNR 18k-enhet vanligtvis?<\/strong> Med <strong>18.000 puffar<\/strong> och en <strong>24mL tank<\/strong>, r\u00e4cker en enda enhet i mellan 3 och 5 veckor f\u00f6r genomsnittliga anv\u00e4ndare.<\/li>\n\n\n\n<li><strong>Vad \u00e4r f\u00f6rdelen med en 0,6\u03a9-spole?<\/strong> Den ger en \u201cSub-Ohm\u201d-upplevelse, vilket inneb\u00e4r mer \u00e5nga och en mer intensiv smakupplevelse. Den \u00e4r idealisk f\u00f6r anv\u00e4ndare som g\u00e5r ifr\u00e5n traditionella shishavattenpipor.<\/li>\n\n\n\n<li><strong>\u00c4r luftfl\u00f6det verkligen justerbart?<\/strong> Ja, p\u00e5 enhetens bas finns en v\u00e4xel som g\u00f6r att du kan v\u00e4xla mellan en t\u00e4t <strong>MTL (mun-till-lunga)<\/strong> dragning och en mer \u00f6ppen <strong>RDL (Restricted Direct Lung)<\/strong> dragning.<\/li>\n\n\n\n<li><strong>Finns det n\u00e5gra dolda skatter f\u00f6r EU-frakt?<\/strong> Nej, alla v\u00e5ra s\u00e4ndningar fr\u00e5n <strong>EU-lager<\/strong> anv\u00e4ndning <strong>DDP (Delivered Duty Paid)<\/strong> villkor. Vi hanterar alla tullar och skatter.<\/li>\n<\/ul>\n\n\n\n<p><strong>H\u00c4LSOVARNING:<\/strong> Denna produkt inneh\u00e5ller nikotin. Nikotin \u00e4r en beroendeframkallande kemikalie.<\/p>\n\n\n\n<p><strong>Begr\u00e4nsning av \u00e5lder:<\/strong> Denna produkt \u00e4r endast avsedd f\u00f6r vuxna (18+). F\u00f6rvaras o\u00e5tkomligt f\u00f6r barn och husdjur.<\/p>","protected":false},"excerpt":{"rendered":"<p data-path-to-node=\"10\">Ta steget in i framtidens vaping med <b data-path-to-node=\"10\" data-index-in-node=\"40\">JNR Falcon X 18k<\/b>, d\u00e4r h\u00f6gteknologisk \u00f6vervakning m\u00f6ter r\u00e5 prestanda.<\/p>\n<ul data-path-to-node=\"11\">\n<li>\n<p data-path-to-node=\"11,0,0\"><b data-path-to-node=\"11,0,0\" data-index-in-node=\"0\">Extremt antal puffar:<\/b> Upp till 18.000 puffar med st\u00f6d av ett ultraeffektivt system med dubbla k\u00e4rnor.<\/p>\n<\/li>\n<li>\n<p data-path-to-node=\"11,1,0\"><b data-path-to-node=\"11,1,0\" data-index-in-node=\"0\">Sub-Ohm Prestanda:<\/b> 0,6\u03a9 Dual Mesh Coil ger snabb uppv\u00e4rmning och massiva moln.<\/p>\n<\/li>\n<li>\n<p data-path-to-node=\"11,2,0\"><b data-path-to-node=\"11,2,0\" data-index-in-node=\"0\">Smart \u00f6vervakning:<\/b> H\u00f6guppl\u00f6st LED-sk\u00e4rm som visar batteriprocent och juice-status.<\/p>\n<\/li>\n<li>\n<p data-path-to-node=\"11,3,0\"><b data-path-to-node=\"11,3,0\" data-index-in-node=\"0\">Anpassat luftfl\u00f6de:<\/b> Bottenmonterad toggle f\u00f6r en tight MTL-dragning eller en molnig RDL-dragning.<\/p>\n<\/li>\n<li>\n<p data-path-to-node=\"11,4,0\"><b data-path-to-node=\"11,4,0\" data-index-in-node=\"0\">Snabb \u00e5terh\u00e4mtning:<\/b> 950 mAh koboltbatteri med snabbladdning av typ C (20-25 minuter till 80%).<\/p>\n<\/li>\n<li>\n<p data-path-to-node=\"11,5,0\"><b data-path-to-node=\"11,5,0\" data-index-in-node=\"0\">F\u00f6rdelen med B2B:<\/b> Skickas fr\u00e5n <b data-path-to-node=\"11,5,0\" data-index-in-node=\"28\">Berlin\/Tyskland Lager<\/b> med 100% tullklareringsgaranti.<\/p>\n<\/li>\n<\/ul>","protected":false},"featured_media":8947,"comment_status":"open","ping_status":"closed","template":"","meta":[],"product_brand":[65],"product_cat":[88,89,96,87,83],"product_tag":[75,76,93,77,79],"class_list":{"0":"post-8946","1":"product","2":"type-product","3":"status-publish","4":"has-post-thumbnail","6":"product_brand-jnr","7":"product_cat-beverage-soda-vapes","8":"product_cat-candy-sweet-vapes","9":"product_cat-dual-mesh-vapes","10":"product_cat-iced-fruit-vapes","11":"product_cat-pro-puffs-vapes","12":"product_tag-eu-warehouse","13":"product_tag-mtl-vaping","14":"product_tag-rdl-vaping","15":"product_tag-recharge","16":"product_tag-smart-screen-display","18":"first","19":"instock","20":"sale","21":"shipping-taxable","22":"purchasable","23":"product-type-variable"},"yoast_head":"<!-- This site is optimized with the Yoast SEO plugin v27.1.1 - https:\/\/yoast.com\/product\/yoast-seo-wordpress\/ -->\n<title>JNR Falcon X 18000 Puffs Vape - 0.6\u03a9 Dual Mesh &amp; LED Display<\/title>\n<meta name=\"description\" content=\"Explore the JNR Falcon X 18000. Features 18k puffs, 24mL reservoir, 0.6\u03a9 Dual Mesh coil, and Smart LED screen. Wholesale discounts &amp; fast EU shipping.\" \/>\n<meta name=\"robots\" content=\"noindex, follow, max-snippet:-1, max-image-preview:large, max-video-preview:-1\" \/>\n<meta property=\"og:locale\" content=\"sv_SE\" \/>\n<meta property=\"og:type\" content=\"article\" \/>\n<meta property=\"og:title\" content=\"JNR Falcon X 18000 Puffs Vape - 0.6\u03a9 Dual Mesh &amp; LED Display\" \/>\n<meta property=\"og:description\" content=\"Explore the JNR Falcon X 18000. Features 18k puffs, 24mL reservoir, 0.6\u03a9 Dual Mesh coil, and Smart LED screen. Wholesale discounts &amp; fast EU shipping.\" \/>\n<meta property=\"og:url\" content=\"https:\/\/frivape.com\/sv\/product\/jnr-falcon-x-18000-puffs-digital-display-vape\/\" \/>\n<meta property=\"og:site_name\" content=\"frivape | Online Vape Store - Best Vapes, Mods &amp; Disposable Kits\" \/>\n<meta property=\"article:modified_time\" content=\"2026-04-12T07:43:25+00:00\" \/>\n<meta property=\"og:image\" content=\"https:\/\/frivape.com\/wp-content\/uploads\/2026\/04\/jnr-falon-x-18000-puffs-24hvape-jnr-falon-x-18000-puffs-sleek-vape-jnr-falon-x-18000-puffs-home-page-picture.jpg.webp\" \/>\n\t<meta property=\"og:image:width\" content=\"1000\" \/>\n\t<meta property=\"og:image:height\" content=\"1000\" \/>\n\t<meta property=\"og:image:type\" content=\"image\/webp\" \/>\n<meta name=\"twitter:card\" content=\"summary_large_image\" \/>\n<meta name=\"twitter:label1\" content=\"Ber\u00e4knad l\u00e4stid\" \/>\n\t<meta name=\"twitter:data1\" content=\"3 minuter\" \/>\n<script type=\"application\/ld+json\" class=\"yoast-schema-graph\">{\"@context\":\"https:\/\/schema.org\",\"@graph\":[{\"@type\":\"WebPage\",\"@id\":\"https:\/\/frivape.com\/product\/jnr-falcon-x-18000-puffs-digital-display-vape\/\",\"url\":\"https:\/\/frivape.com\/product\/jnr-falcon-x-18000-puffs-digital-display-vape\/\",\"name\":\"JNR Falcon X 18000 Puffs Vape - 0.6\u03a9 Dual Mesh & LED Display\",\"isPartOf\":{\"@id\":\"https:\/\/frivape.com\/#website\"},\"primaryImageOfPage\":{\"@id\":\"https:\/\/frivape.com\/product\/jnr-falcon-x-18000-puffs-digital-display-vape\/#primaryimage\"},\"image\":{\"@id\":\"https:\/\/frivape.com\/product\/jnr-falcon-x-18000-puffs-digital-display-vape\/#primaryimage\"},\"thumbnailUrl\":\"https:\/\/frivape.com\/wp-content\/uploads\/2026\/04\/jnr-falon-x-18000-puffs-24hvape-jnr-falon-x-18000-puffs-sleek-vape-jnr-falon-x-18000-puffs-home-page-picture.jpg.webp\",\"datePublished\":\"2026-04-12T07:35:49+00:00\",\"dateModified\":\"2026-04-12T07:43:25+00:00\",\"description\":\"Explore the JNR Falcon X 18000. Features 18k puffs, 24mL reservoir, 0.6\u03a9 Dual Mesh coil, and Smart LED screen. Wholesale discounts & fast EU shipping.\",\"breadcrumb\":{\"@id\":\"https:\/\/frivape.com\/product\/jnr-falcon-x-18000-puffs-digital-display-vape\/#breadcrumb\"},\"inLanguage\":\"sv-SE\",\"potentialAction\":[{\"@type\":\"ReadAction\",\"target\":[\"https:\/\/frivape.com\/product\/jnr-falcon-x-18000-puffs-digital-display-vape\/\"]}]},{\"@type\":\"ImageObject\",\"inLanguage\":\"sv-SE\",\"@id\":\"https:\/\/frivape.com\/product\/jnr-falcon-x-18000-puffs-digital-display-vape\/#primaryimage\",\"url\":\"https:\/\/frivape.com\/wp-content\/uploads\/2026\/04\/jnr-falon-x-18000-puffs-24hvape-jnr-falon-x-18000-puffs-sleek-vape-jnr-falon-x-18000-puffs-home-page-picture.jpg.webp\",\"contentUrl\":\"https:\/\/frivape.com\/wp-content\/uploads\/2026\/04\/jnr-falon-x-18000-puffs-24hvape-jnr-falon-x-18000-puffs-sleek-vape-jnr-falon-x-18000-puffs-home-page-picture.jpg.webp\",\"width\":1000,\"height\":1000},{\"@type\":\"BreadcrumbList\",\"@id\":\"https:\/\/frivape.com\/product\/jnr-falcon-x-18000-puffs-digital-display-vape\/#breadcrumb\",\"itemListElement\":[{\"@type\":\"ListItem\",\"position\":1,\"name\":\"\u9996\u9875\",\"item\":\"https:\/\/frivape.com\/\"},{\"@type\":\"ListItem\",\"position\":2,\"name\":\"Shop\",\"item\":\"https:\/\/frivape.com\/shop\/\"},{\"@type\":\"ListItem\",\"position\":3,\"name\":\"JNR Falcon X 18000 Puffs Disposable Vape | 0.6\u03a9 Dual Mesh &amp; Digital Display | 24mL\"}]},{\"@type\":\"WebSite\",\"@id\":\"https:\/\/frivape.com\/#website\",\"url\":\"https:\/\/frivape.com\/\",\"name\":\"frivape | Online Vape Store - Best Vapes, Mods &amp; Disposable Kits\",\"description\":\"Shop frivape, your premier online vape shop for authentic mods, disposable vapes, and premium e-liquids. Direct from Shenzhen with fast Europe local shipping. High quality at wholesale prices.\",\"publisher\":{\"@id\":\"https:\/\/frivape.com\/#organization\"},\"potentialAction\":[{\"@type\":\"SearchAction\",\"target\":{\"@type\":\"EntryPoint\",\"urlTemplate\":\"https:\/\/frivape.com\/?s={search_term_string}\"},\"query-input\":{\"@type\":\"PropertyValueSpecification\",\"valueRequired\":true,\"valueName\":\"search_term_string\"}}],\"inLanguage\":\"sv-SE\"},{\"@type\":\"Organization\",\"@id\":\"https:\/\/frivape.com\/#organization\",\"name\":\"frivape | Online Vape Store - Best Vapes, Mods &amp; Disposable Kits\",\"url\":\"https:\/\/frivape.com\/\",\"logo\":{\"@type\":\"ImageObject\",\"inLanguage\":\"sv-SE\",\"@id\":\"https:\/\/frivape.com\/#\/schema\/logo\/image\/\",\"url\":\"https:\/\/frivape.com\/wp-content\/uploads\/2026\/03\/cropped-frivape-site-title-icon.png\",\"contentUrl\":\"https:\/\/frivape.com\/wp-content\/uploads\/2026\/03\/cropped-frivape-site-title-icon.png\",\"width\":470,\"height\":110,\"caption\":\"frivape | Online Vape Store - Best Vapes, Mods &amp; Disposable Kits\"},\"image\":{\"@id\":\"https:\/\/frivape.com\/#\/schema\/logo\/image\/\"}}]}<\/script>\n<!-- \/ Yoast SEO plugin. -->","yoast_head_json":{"title":"JNR Falcon X 18000 Puffs Vape - 0,6\u03a9 Dual Mesh &amp; LED-display","description":"Utforska JNR Falcon X 18000. Har 18k puffar, 24mL reservoar, 0,6\u03a9 Dual Mesh-spole och Smart LED-sk\u00e4rm. Grossistrabatter och snabb EU-frakt.","robots":{"index":"noindex","follow":"follow","max-snippet":"max-snippet:-1","max-image-preview":"max-image-preview:large","max-video-preview":"max-video-preview:-1"},"og_locale":"sv_SE","og_type":"article","og_title":"JNR Falcon X 18000 Puffs Vape - 0.6\u03a9 Dual Mesh & LED Display","og_description":"Explore the JNR Falcon X 18000. Features 18k puffs, 24mL reservoir, 0.6\u03a9 Dual Mesh coil, and Smart LED screen. Wholesale discounts & fast EU shipping.","og_url":"https:\/\/frivape.com\/sv\/product\/jnr-falcon-x-18000-puffs-digital-display-vape\/","og_site_name":"frivape | Online Vape Store - Best Vapes, Mods &amp; Disposable Kits","article_modified_time":"2026-04-12T07:43:25+00:00","og_image":[{"width":1000,"height":1000,"url":"https:\/\/frivape.com\/wp-content\/uploads\/2026\/04\/jnr-falon-x-18000-puffs-24hvape-jnr-falon-x-18000-puffs-sleek-vape-jnr-falon-x-18000-puffs-home-page-picture.jpg.webp","type":"image\/webp"}],"twitter_card":"summary_large_image","twitter_misc":{"Ber\u00e4knad l\u00e4stid":"3 minuter"},"schema":{"@context":"https:\/\/schema.org","@graph":[{"@type":"WebPage","@id":"https:\/\/frivape.com\/product\/jnr-falcon-x-18000-puffs-digital-display-vape\/","url":"https:\/\/frivape.com\/product\/jnr-falcon-x-18000-puffs-digital-display-vape\/","name":"JNR Falcon X 18000 Puffs Vape - 0,6\u03a9 Dual Mesh &amp; LED-display","isPartOf":{"@id":"https:\/\/frivape.com\/#website"},"primaryImageOfPage":{"@id":"https:\/\/frivape.com\/product\/jnr-falcon-x-18000-puffs-digital-display-vape\/#primaryimage"},"image":{"@id":"https:\/\/frivape.com\/product\/jnr-falcon-x-18000-puffs-digital-display-vape\/#primaryimage"},"thumbnailUrl":"https:\/\/frivape.com\/wp-content\/uploads\/2026\/04\/jnr-falon-x-18000-puffs-24hvape-jnr-falon-x-18000-puffs-sleek-vape-jnr-falon-x-18000-puffs-home-page-picture.jpg.webp","datePublished":"2026-04-12T07:35:49+00:00","dateModified":"2026-04-12T07:43:25+00:00","description":"Utforska JNR Falcon X 18000. Har 18k puffar, 24mL reservoar, 0,6\u03a9 Dual Mesh-spole och Smart LED-sk\u00e4rm. Grossistrabatter och snabb EU-frakt.","breadcrumb":{"@id":"https:\/\/frivape.com\/product\/jnr-falcon-x-18000-puffs-digital-display-vape\/#breadcrumb"},"inLanguage":"sv-SE","potentialAction":[{"@type":"ReadAction","target":["https:\/\/frivape.com\/product\/jnr-falcon-x-18000-puffs-digital-display-vape\/"]}]},{"@type":"ImageObject","inLanguage":"sv-SE","@id":"https:\/\/frivape.com\/product\/jnr-falcon-x-18000-puffs-digital-display-vape\/#primaryimage","url":"https:\/\/frivape.com\/wp-content\/uploads\/2026\/04\/jnr-falon-x-18000-puffs-24hvape-jnr-falon-x-18000-puffs-sleek-vape-jnr-falon-x-18000-puffs-home-page-picture.jpg.webp","contentUrl":"https:\/\/frivape.com\/wp-content\/uploads\/2026\/04\/jnr-falon-x-18000-puffs-24hvape-jnr-falon-x-18000-puffs-sleek-vape-jnr-falon-x-18000-puffs-home-page-picture.jpg.webp","width":1000,"height":1000},{"@type":"BreadcrumbList","@id":"https:\/\/frivape.com\/product\/jnr-falcon-x-18000-puffs-digital-display-vape\/#breadcrumb","itemListElement":[{"@type":"ListItem","position":1,"name":"\u9996\u9875","item":"https:\/\/frivape.com\/"},{"@type":"ListItem","position":2,"name":"Shop","item":"https:\/\/frivape.com\/shop\/"},{"@type":"ListItem","position":3,"name":"JNR Falcon X 18000 Puffs Disposable Vape | 0.6\u03a9 Dual Mesh &amp; Digital Display | 24mL"}]},{"@type":"WebSite","@id":"https:\/\/frivape.com\/#website","url":"https:\/\/frivape.com\/","name":"frivape | Online Vape Store - B\u00e4sta Vapes, Mods &amp; Eng\u00e5ngskit","description":"Shop frivape, din fr\u00e4msta online vape shop f\u00f6r autentiska mods, eng\u00e5ngsvapes och premium e-liquids. Direkt fr\u00e5n Shenzhen med snabb lokal frakt i Europa. H\u00f6g kvalitet till grossistpriser.","publisher":{"@id":"https:\/\/frivape.com\/#organization"},"potentialAction":[{"@type":"SearchAction","target":{"@type":"EntryPoint","urlTemplate":"https:\/\/frivape.com\/?s={search_term_string}"},"query-input":{"@type":"PropertyValueSpecification","valueRequired":true,"valueName":"search_term_string"}}],"inLanguage":"sv-SE"},{"@type":"Organization","@id":"https:\/\/frivape.com\/#organization","name":"frivape | Online Vape Store - B\u00e4sta Vapes, Mods &amp; Eng\u00e5ngskit","url":"https:\/\/frivape.com\/","logo":{"@type":"ImageObject","inLanguage":"sv-SE","@id":"https:\/\/frivape.com\/#\/schema\/logo\/image\/","url":"https:\/\/frivape.com\/wp-content\/uploads\/2026\/03\/cropped-frivape-site-title-icon.png","contentUrl":"https:\/\/frivape.com\/wp-content\/uploads\/2026\/03\/cropped-frivape-site-title-icon.png","width":470,"height":110,"caption":"frivape | Online Vape Store - Best Vapes, Mods &amp; Disposable Kits"},"image":{"@id":"https:\/\/frivape.com\/#\/schema\/logo\/image\/"}}]}},"tiered_pricing_type":"fixed","tiered_pricing_fixed_rules":{"10":12.39,"50":11.59,"100":10.79,"200":9.99},"tiered_pricing_product_settings":{"layout":"default","base_unit_name":{"singular":null,"plural":null},"default_variation":{}},"tiered_pricing_minimum_quantity":null,"tiered_pricing_roles_data":[],"tiered_pricing_percentage_rules":[],"_links":{"self":[{"href":"https:\/\/frivape.com\/sv\/wp-json\/wp\/v2\/product\/8946","targetHints":{"allow":["GET"]}}],"collection":[{"href":"https:\/\/frivape.com\/sv\/wp-json\/wp\/v2\/product"}],"about":[{"href":"https:\/\/frivape.com\/sv\/wp-json\/wp\/v2\/types\/product"}],"replies":[{"embeddable":true,"href":"https:\/\/frivape.com\/sv\/wp-json\/wp\/v2\/comments?post=8946"}],"wp:featuredmedia":[{"embeddable":true,"href":"https:\/\/frivape.com\/sv\/wp-json\/wp\/v2\/media\/8947"}],"wp:attachment":[{"href":"https:\/\/frivape.com\/sv\/wp-json\/wp\/v2\/media?parent=8946"}],"wp:term":[{"taxonomy":"product_brand","embeddable":true,"href":"https:\/\/frivape.com\/sv\/wp-json\/wp\/v2\/product_brand?post=8946"},{"taxonomy":"product_cat","embeddable":true,"href":"https:\/\/frivape.com\/sv\/wp-json\/wp\/v2\/product_cat?post=8946"},{"taxonomy":"product_tag","embeddable":true,"href":"https:\/\/frivape.com\/sv\/wp-json\/wp\/v2\/product_tag?post=8946"}],"curies":[{"name":"wp","href":"https:\/\/api.w.org\/{rel}","templated":true}]}}