{"id":9050,"date":"2026-04-12T16:00:01","date_gmt":"2026-04-12T08:00:01","guid":{"rendered":"https:\/\/frivape.com\/?post_type=product&#038;p=9050"},"modified":"2026-04-12T16:10:31","modified_gmt":"2026-04-12T08:10:31","slug":"jnr-alien-10000-puffar-rgb-engangs-vape-grossist","status":"publish","type":"product","link":"https:\/\/frivape.com\/sv\/product\/jnr-alien-10000-puffar-rgb-engangs-vape-grossist\/","title":{"rendered":"JNR Alien 10000 Puffs Eng\u00e5ngs Vape | RGB LED-lampor &amp; 1,2\u03a9 Mesh Coil"},"content":{"rendered":"<h2 class=\"wp-block-heading has-text-align-center\"><strong>JNR:s uppdrag: Kraft, prestanda, dj\u00e4rv smak<\/strong><\/h2>\n\n\n\n<p>I centrum f\u00f6r <strong>JNR Fr\u00e4mmande 10000<\/strong> \u00e4r ett \u00e5tagande till toppen av vapingteknik. Tillverkad i hj\u00e4rtat av industrin (Shenzhen Origin), f\u00f6rkroppsligar denna enhet JNR-varum\u00e4rkets uppdrag: att tillhandah\u00e5lla <strong>Kraft, prestanda och dj\u00e4rv smak<\/strong> i ett kompakt, underh\u00e5llsfritt format. Alien 10k \u00e4r utformad f\u00f6r att eliminera de vanliga frustrationerna med vanliga eng\u00e5ngsartiklar - och erbjuder en <strong>uppladdningsbar E-cigarettpenna<\/strong> som uppr\u00e4tth\u00e5ller h\u00f6gsta m\u00f6jliga effekt fr\u00e5n f\u00f6rsta till sista puffen.<\/p>\n\n\n\n<h3 class=\"wp-block-heading\"><strong>MTL-teknik med precision och RGB-innovation<\/strong><\/h3>\n\n\n\n<p>F\u00f6r dem som s\u00f6ker efter <strong>B\u00e4sta 10000 Puff Vape 2026<\/strong>, Alien 10k utm\u00e4rker sig genom sin <strong>1.2\u03a9 n\u00e4tspole av h\u00f6g kvalitet<\/strong>. Till skillnad fr\u00e5n spolar av l\u00e4gre kvalitet garanterar denna mesh-arkitektur j\u00e4mn uppv\u00e4rmning, vilket f\u00f6rhindrar br\u00e4nda tr\u00e4ffar och maximerar klarheten i varje e-juice. Detta \u00e4r en dedikerad <strong>Mun-till-lunga (MTL)<\/strong> och ger den perfekta halstoppen f\u00f6r b\u00e5de \u00f6verg\u00e5ngare och smakentusiaster. Den integrerade <strong>RGB LED-lampor<\/strong> ger omedelbar visuell feedback och lyser upp under anv\u00e4ndning och laddning, vilket ger ett lager av h\u00f6gteknologisk sofistikering till din dagliga rutin.<\/p>\n\n\n\n<h3 class=\"wp-block-heading\"><strong>Grossistf\u00f6rdelar och tillf\u00f6rlitlighet i bulk<\/strong><\/h3>\n\n\n\n<p>Vi \u00e4r specialiserade p\u00e5 <strong>Partihandel eng\u00e5ngs Vapes fr\u00e5n Kina<\/strong>, Detta s\u00e4kerst\u00e4ller att varje JNR Alien-enhet uppfyller strikta kvalitetskontrollstandarder. F\u00f6r B2B-partners representerar denna modell en produkt med h\u00f6g oms\u00e4ttning tack vare sin ikoniska design och p\u00e5litliga 850mAh-batteri. Genom att anv\u00e4nda v\u00e5r <strong>EU-lager<\/strong>, kan \u00e5terf\u00f6rs\u00e4ljare dra nytta av lokaliserad logistik, kringg\u00e5 komplexa tullhinder och s\u00e4kerst\u00e4lla att ditt lager alltid \u00e4r redo f\u00f6r konsumenternas efterfr\u00e5gan.<\/p>\n\n\n\n<h3 class=\"wp-block-heading\"><strong>Vanliga fr\u00e5gor och svar (FAQ)<\/strong><\/h3>\n\n\n\n<ul class=\"wp-block-list\">\n<li><strong>Q: Hur vet jag n\u00e4r JNR Alien \u00e4r tom?<\/strong> S: N\u00e4r \u00e5ngproduktionen minskar avsev\u00e4rt eller n\u00e4r smaken b\u00f6rjar avta \u00e4r 20 ml-beh\u00e5llaren t\u00f6md. RGB-lamporna ger ocks\u00e5 statussignaler under anv\u00e4ndning.<\/li>\n\n\n\n<li><strong>Q: \u00c4r batteriet uppladdningsbart?<\/strong> A: Ja, den har en <strong>850mAh uppladdningsbart batteri<\/strong>. Anv\u00e4nd en standard Type-C-kabel f\u00f6r att \u00e5terst\u00e4lla str\u00f6mmen p\u00e5 cirka 45-60 minuter.<\/li>\n\n\n\n<li><strong>F: Erbjuder ni DDP-frakt f\u00f6r bulkk\u00f6p?<\/strong> A: Ja, alla best\u00e4llningar fr\u00e5n v\u00e5r <strong>EU-lager<\/strong> och m\u00e5nga internationella grossistlinjer inkluderar DDP-alternativ (Delivered Duty Paid) f\u00f6r att s\u00e4kerst\u00e4lla att inga dolda avgifter tas ut.<\/li>\n<\/ul>\n\n\n\n<h3 class=\"wp-block-heading\"><strong>Varning f\u00f6r h\u00e4lsorisker<\/strong><\/h3>\n\n\n\n<p><strong>VARNING:<\/strong> Denna produkt inneh\u00e5ller nikotin. Nikotin \u00e4r en beroendeframkallande kemikalie. Denna produkt \u00e4r strikt begr\u00e4nsad till vuxna i \u00e5ldern <strong>21+<\/strong> (eller den lagliga r\u00f6k\u00e5ldern i din jurisdiktion). Den \u00e4r inte l\u00e4mplig f\u00f6r anv\u00e4ndning av gravida eller ammande kvinnor eller personer med hj\u00e4rt-, k\u00e4rl- eller andningssjukdomar. F\u00f6rvara alltid denna enhet och alla e-v\u00e4tskor utom r\u00e4ckh\u00e5ll f\u00f6r barn och husdjur.<\/p>","protected":false},"excerpt":{"rendered":"<p data-path-to-node=\"8\">Upplev den perfekta fusionen av futuristisk design och f\u00f6rstklassig \u00e5nga med <b data-path-to-node=\"8\" data-index-in-node=\"78\">JNR Alien 10 km<\/b>.<\/p>\n<ul data-path-to-node=\"9\">\n<li>\n<p data-path-to-node=\"9,0,0\"><b data-path-to-node=\"9,0,0\" data-index-in-node=\"0\">Massiv uth\u00e5llighet:<\/b> Upp till 10 000 puffar fr\u00e5n en 20 ml e-liquid-tank med h\u00f6g kapacitet.<\/p>\n<\/li>\n<li>\n<p data-path-to-node=\"9,1,0\"><b data-path-to-node=\"9,1,0\" data-index-in-node=\"0\">Smakprecision:<\/b> 1.2\u03a9 Mesh Coil ger j\u00e4mn uppv\u00e4rmning f\u00f6r rika, skiktade smakprofiler.<\/p>\n<\/li>\n<li>\n<p data-path-to-node=\"9,2,0\"><b data-path-to-node=\"9,2,0\" data-index-in-node=\"0\">Visuell identitet:<\/b> Integrerade RGB LED-lampor pulserar under aktivering f\u00f6r en fantastisk estetik.<\/p>\n<\/li>\n<li>\n<p data-path-to-node=\"9,3,0\"><b data-path-to-node=\"9,3,0\" data-index-in-node=\"0\">Tillf\u00f6rlitlig kraft:<\/b> 850mAh batteri med Type-C snabbladdning minimerar stillest\u00e5ndstiden.<\/p>\n<\/li>\n<li>\n<p data-path-to-node=\"9,4,0\"><b data-path-to-node=\"9,4,0\" data-index-in-node=\"0\">Ergonomisk b\u00e4rbarhet:<\/b> Kompakt \u201cAlien\u201d-design med en medf\u00f6ljande slinga f\u00f6r enkel transport.<\/p>\n<\/li>\n<li>\n<p data-path-to-node=\"9,5,0\"><b data-path-to-node=\"9,5,0\" data-index-in-node=\"0\">Logistikf\u00f6rdelar:<\/b> Finns tillg\u00e4nglig f\u00f6r omedelbar leverans fr\u00e5n v\u00e5r <b data-path-to-node=\"9,5,0\" data-index-in-node=\"63\">EU-lager<\/b> med garanterad tullklarering.<\/p>\n<\/li>\n<\/ul>","protected":false},"featured_media":9051,"comment_status":"open","ping_status":"closed","template":"","meta":[],"product_brand":[65],"product_cat":[88,89,81,87,95,85],"product_tag":[75,76,77],"class_list":{"0":"post-9050","1":"product","2":"type-product","3":"status-publish","4":"has-post-thumbnail","6":"product_brand-jnr","7":"product_cat-beverage-soda-vapes","8":"product_cat-candy-sweet-vapes","9":"product_cat-daily-puffs-vapes","10":"product_cat-iced-fruit-vapes","11":"product_cat-mesh-coil-vapes","12":"product_cat-no-nicotine-vape","13":"product_tag-eu-warehouse","14":"product_tag-mtl-vaping","15":"product_tag-recharge","17":"first","18":"instock","19":"sale","20":"shipping-taxable","21":"purchasable","22":"product-type-variable"},"yoast_head":"<!-- This site is optimized with the Yoast SEO plugin v27.1.1 - https:\/\/yoast.com\/product\/yoast-seo-wordpress\/ -->\n<title>JNR Alien 10000 Puffs Disposable Vape | RGB LED &amp; Mesh Coil<\/title>\n<meta name=\"description\" content=\"Shop the JNR Alien 10000 Puffs. Features 20mL capacity, 1.2\u03a9 mesh coil for MTL, and dynamic RGB lights. 0%-5% Nicotine. Fast shipping from EU Warehouse.\" \/>\n<meta name=\"robots\" content=\"noindex, follow, max-snippet:-1, max-image-preview:large, max-video-preview:-1\" \/>\n<meta property=\"og:locale\" content=\"sv_SE\" \/>\n<meta property=\"og:type\" content=\"article\" \/>\n<meta property=\"og:title\" content=\"JNR Alien 10000 Puffs Disposable Vape | RGB LED &amp; Mesh Coil\" \/>\n<meta property=\"og:description\" content=\"Shop the JNR Alien 10000 Puffs. Features 20mL capacity, 1.2\u03a9 mesh coil for MTL, and dynamic RGB lights. 0%-5% Nicotine. Fast shipping from EU Warehouse.\" \/>\n<meta property=\"og:url\" content=\"https:\/\/frivape.com\/sv\/product\/jnr-alien-10000-puffar-rgb-engangs-vape-grossist\/\" \/>\n<meta property=\"og:site_name\" content=\"frivape | Online Vape Store - Best Vapes, Mods &amp; Disposable Kits\" \/>\n<meta property=\"article:modified_time\" content=\"2026-04-12T08:10:31+00:00\" \/>\n<meta property=\"og:image\" content=\"https:\/\/frivape.com\/wp-content\/uploads\/2026\/04\/JNR-Alien-10000-Puffs-Disposable-Vape.webp\" \/>\n\t<meta property=\"og:image:width\" content=\"1000\" \/>\n\t<meta property=\"og:image:height\" content=\"1000\" \/>\n\t<meta property=\"og:image:type\" content=\"image\/webp\" \/>\n<meta name=\"twitter:card\" content=\"summary_large_image\" \/>\n<meta name=\"twitter:label1\" content=\"Ber\u00e4knad l\u00e4stid\" \/>\n\t<meta name=\"twitter:data1\" content=\"2 minuter\" \/>\n<script type=\"application\/ld+json\" class=\"yoast-schema-graph\">{\"@context\":\"https:\/\/schema.org\",\"@graph\":[{\"@type\":\"WebPage\",\"@id\":\"https:\/\/frivape.com\/product\/jnr-alien-10000-puffs-rgb-disposable-vape-wholesale\/\",\"url\":\"https:\/\/frivape.com\/product\/jnr-alien-10000-puffs-rgb-disposable-vape-wholesale\/\",\"name\":\"JNR Alien 10000 Puffs Disposable Vape | RGB LED & Mesh Coil\",\"isPartOf\":{\"@id\":\"https:\/\/frivape.com\/#website\"},\"primaryImageOfPage\":{\"@id\":\"https:\/\/frivape.com\/product\/jnr-alien-10000-puffs-rgb-disposable-vape-wholesale\/#primaryimage\"},\"image\":{\"@id\":\"https:\/\/frivape.com\/product\/jnr-alien-10000-puffs-rgb-disposable-vape-wholesale\/#primaryimage\"},\"thumbnailUrl\":\"https:\/\/frivape.com\/wp-content\/uploads\/2026\/04\/JNR-Alien-10000-Puffs-Disposable-Vape.webp\",\"datePublished\":\"2026-04-12T08:00:01+00:00\",\"dateModified\":\"2026-04-12T08:10:31+00:00\",\"description\":\"Shop the JNR Alien 10000 Puffs. Features 20mL capacity, 1.2\u03a9 mesh coil for MTL, and dynamic RGB lights. 0%-5% Nicotine. Fast shipping from EU Warehouse.\",\"breadcrumb\":{\"@id\":\"https:\/\/frivape.com\/product\/jnr-alien-10000-puffs-rgb-disposable-vape-wholesale\/#breadcrumb\"},\"inLanguage\":\"sv-SE\",\"potentialAction\":[{\"@type\":\"ReadAction\",\"target\":[\"https:\/\/frivape.com\/product\/jnr-alien-10000-puffs-rgb-disposable-vape-wholesale\/\"]}]},{\"@type\":\"ImageObject\",\"inLanguage\":\"sv-SE\",\"@id\":\"https:\/\/frivape.com\/product\/jnr-alien-10000-puffs-rgb-disposable-vape-wholesale\/#primaryimage\",\"url\":\"https:\/\/frivape.com\/wp-content\/uploads\/2026\/04\/JNR-Alien-10000-Puffs-Disposable-Vape.webp\",\"contentUrl\":\"https:\/\/frivape.com\/wp-content\/uploads\/2026\/04\/JNR-Alien-10000-Puffs-Disposable-Vape.webp\",\"width\":1000,\"height\":1000},{\"@type\":\"BreadcrumbList\",\"@id\":\"https:\/\/frivape.com\/product\/jnr-alien-10000-puffs-rgb-disposable-vape-wholesale\/#breadcrumb\",\"itemListElement\":[{\"@type\":\"ListItem\",\"position\":1,\"name\":\"\u9996\u9875\",\"item\":\"https:\/\/frivape.com\/\"},{\"@type\":\"ListItem\",\"position\":2,\"name\":\"Shop\",\"item\":\"https:\/\/frivape.com\/shop\/\"},{\"@type\":\"ListItem\",\"position\":3,\"name\":\"JNR Alien 10000 Puffs Disposable Vape | RGB LED Lights &amp; 1.2\u03a9 Mesh Coil\"}]},{\"@type\":\"WebSite\",\"@id\":\"https:\/\/frivape.com\/#website\",\"url\":\"https:\/\/frivape.com\/\",\"name\":\"frivape | Online Vape Store - Best Vapes, Mods &amp; Disposable Kits\",\"description\":\"Shop frivape, your premier online vape shop for authentic mods, disposable vapes, and premium e-liquids. Direct from Shenzhen with fast Europe local shipping. High quality at wholesale prices.\",\"publisher\":{\"@id\":\"https:\/\/frivape.com\/#organization\"},\"potentialAction\":[{\"@type\":\"SearchAction\",\"target\":{\"@type\":\"EntryPoint\",\"urlTemplate\":\"https:\/\/frivape.com\/?s={search_term_string}\"},\"query-input\":{\"@type\":\"PropertyValueSpecification\",\"valueRequired\":true,\"valueName\":\"search_term_string\"}}],\"inLanguage\":\"sv-SE\"},{\"@type\":\"Organization\",\"@id\":\"https:\/\/frivape.com\/#organization\",\"name\":\"frivape | Online Vape Store - Best Vapes, Mods &amp; Disposable Kits\",\"url\":\"https:\/\/frivape.com\/\",\"logo\":{\"@type\":\"ImageObject\",\"inLanguage\":\"sv-SE\",\"@id\":\"https:\/\/frivape.com\/#\/schema\/logo\/image\/\",\"url\":\"https:\/\/frivape.com\/wp-content\/uploads\/2026\/03\/cropped-frivape-site-title-icon.png\",\"contentUrl\":\"https:\/\/frivape.com\/wp-content\/uploads\/2026\/03\/cropped-frivape-site-title-icon.png\",\"width\":470,\"height\":110,\"caption\":\"frivape | Online Vape Store - Best Vapes, Mods &amp; Disposable Kits\"},\"image\":{\"@id\":\"https:\/\/frivape.com\/#\/schema\/logo\/image\/\"}}]}<\/script>\n<!-- \/ Yoast SEO plugin. -->","yoast_head_json":{"title":"JNR Alien 10000 Puffs Eng\u00e5ngs Vape | RGB LED &amp; Mesh Coil","description":"Handla JNR Alien 10000 Puffs. Med 20 ml kapacitet, 1,2\u03a9 mesh coil f\u00f6r MTL och dynamiska RGB-lampor. 0%-5% nikotin. Snabb leverans fr\u00e5n EU Warehouse.","robots":{"index":"noindex","follow":"follow","max-snippet":"max-snippet:-1","max-image-preview":"max-image-preview:large","max-video-preview":"max-video-preview:-1"},"og_locale":"sv_SE","og_type":"article","og_title":"JNR Alien 10000 Puffs Disposable Vape | RGB LED & Mesh Coil","og_description":"Shop the JNR Alien 10000 Puffs. Features 20mL capacity, 1.2\u03a9 mesh coil for MTL, and dynamic RGB lights. 0%-5% Nicotine. Fast shipping from EU Warehouse.","og_url":"https:\/\/frivape.com\/sv\/product\/jnr-alien-10000-puffar-rgb-engangs-vape-grossist\/","og_site_name":"frivape | Online Vape Store - Best Vapes, Mods &amp; Disposable Kits","article_modified_time":"2026-04-12T08:10:31+00:00","og_image":[{"width":1000,"height":1000,"url":"https:\/\/frivape.com\/wp-content\/uploads\/2026\/04\/JNR-Alien-10000-Puffs-Disposable-Vape.webp","type":"image\/webp"}],"twitter_card":"summary_large_image","twitter_misc":{"Ber\u00e4knad l\u00e4stid":"2 minuter"},"schema":{"@context":"https:\/\/schema.org","@graph":[{"@type":"WebPage","@id":"https:\/\/frivape.com\/product\/jnr-alien-10000-puffs-rgb-disposable-vape-wholesale\/","url":"https:\/\/frivape.com\/product\/jnr-alien-10000-puffs-rgb-disposable-vape-wholesale\/","name":"JNR Alien 10000 Puffs Eng\u00e5ngs Vape | RGB LED &amp; Mesh Coil","isPartOf":{"@id":"https:\/\/frivape.com\/#website"},"primaryImageOfPage":{"@id":"https:\/\/frivape.com\/product\/jnr-alien-10000-puffs-rgb-disposable-vape-wholesale\/#primaryimage"},"image":{"@id":"https:\/\/frivape.com\/product\/jnr-alien-10000-puffs-rgb-disposable-vape-wholesale\/#primaryimage"},"thumbnailUrl":"https:\/\/frivape.com\/wp-content\/uploads\/2026\/04\/JNR-Alien-10000-Puffs-Disposable-Vape.webp","datePublished":"2026-04-12T08:00:01+00:00","dateModified":"2026-04-12T08:10:31+00:00","description":"Handla JNR Alien 10000 Puffs. Med 20 ml kapacitet, 1,2\u03a9 mesh coil f\u00f6r MTL och dynamiska RGB-lampor. 0%-5% nikotin. Snabb leverans fr\u00e5n EU Warehouse.","breadcrumb":{"@id":"https:\/\/frivape.com\/product\/jnr-alien-10000-puffs-rgb-disposable-vape-wholesale\/#breadcrumb"},"inLanguage":"sv-SE","potentialAction":[{"@type":"ReadAction","target":["https:\/\/frivape.com\/product\/jnr-alien-10000-puffs-rgb-disposable-vape-wholesale\/"]}]},{"@type":"ImageObject","inLanguage":"sv-SE","@id":"https:\/\/frivape.com\/product\/jnr-alien-10000-puffs-rgb-disposable-vape-wholesale\/#primaryimage","url":"https:\/\/frivape.com\/wp-content\/uploads\/2026\/04\/JNR-Alien-10000-Puffs-Disposable-Vape.webp","contentUrl":"https:\/\/frivape.com\/wp-content\/uploads\/2026\/04\/JNR-Alien-10000-Puffs-Disposable-Vape.webp","width":1000,"height":1000},{"@type":"BreadcrumbList","@id":"https:\/\/frivape.com\/product\/jnr-alien-10000-puffs-rgb-disposable-vape-wholesale\/#breadcrumb","itemListElement":[{"@type":"ListItem","position":1,"name":"\u9996\u9875","item":"https:\/\/frivape.com\/"},{"@type":"ListItem","position":2,"name":"Shop","item":"https:\/\/frivape.com\/shop\/"},{"@type":"ListItem","position":3,"name":"JNR Alien 10000 Puffs Disposable Vape | RGB LED Lights &amp; 1.2\u03a9 Mesh Coil"}]},{"@type":"WebSite","@id":"https:\/\/frivape.com\/#website","url":"https:\/\/frivape.com\/","name":"frivape | Online Vape Store - B\u00e4sta Vapes, Mods &amp; Eng\u00e5ngskit","description":"Shop frivape, din fr\u00e4msta online vape shop f\u00f6r autentiska mods, eng\u00e5ngsvapes och premium e-liquids. Direkt fr\u00e5n Shenzhen med snabb lokal frakt i Europa. H\u00f6g kvalitet till grossistpriser.","publisher":{"@id":"https:\/\/frivape.com\/#organization"},"potentialAction":[{"@type":"SearchAction","target":{"@type":"EntryPoint","urlTemplate":"https:\/\/frivape.com\/?s={search_term_string}"},"query-input":{"@type":"PropertyValueSpecification","valueRequired":true,"valueName":"search_term_string"}}],"inLanguage":"sv-SE"},{"@type":"Organization","@id":"https:\/\/frivape.com\/#organization","name":"frivape | Online Vape Store - B\u00e4sta Vapes, Mods &amp; Eng\u00e5ngskit","url":"https:\/\/frivape.com\/","logo":{"@type":"ImageObject","inLanguage":"sv-SE","@id":"https:\/\/frivape.com\/#\/schema\/logo\/image\/","url":"https:\/\/frivape.com\/wp-content\/uploads\/2026\/03\/cropped-frivape-site-title-icon.png","contentUrl":"https:\/\/frivape.com\/wp-content\/uploads\/2026\/03\/cropped-frivape-site-title-icon.png","width":470,"height":110,"caption":"frivape | Online Vape Store - Best Vapes, Mods &amp; Disposable Kits"},"image":{"@id":"https:\/\/frivape.com\/#\/schema\/logo\/image\/"}}]}},"tiered_pricing_type":"fixed","tiered_pricing_fixed_rules":{"10":11.66,"50":10.66,"100":9.66,"200":8.66},"tiered_pricing_product_settings":{"layout":"default","base_unit_name":{"singular":null,"plural":null},"default_variation":{}},"tiered_pricing_minimum_quantity":null,"tiered_pricing_roles_data":[],"tiered_pricing_percentage_rules":[],"_links":{"self":[{"href":"https:\/\/frivape.com\/sv\/wp-json\/wp\/v2\/product\/9050","targetHints":{"allow":["GET"]}}],"collection":[{"href":"https:\/\/frivape.com\/sv\/wp-json\/wp\/v2\/product"}],"about":[{"href":"https:\/\/frivape.com\/sv\/wp-json\/wp\/v2\/types\/product"}],"replies":[{"embeddable":true,"href":"https:\/\/frivape.com\/sv\/wp-json\/wp\/v2\/comments?post=9050"}],"wp:featuredmedia":[{"embeddable":true,"href":"https:\/\/frivape.com\/sv\/wp-json\/wp\/v2\/media\/9051"}],"wp:attachment":[{"href":"https:\/\/frivape.com\/sv\/wp-json\/wp\/v2\/media?parent=9050"}],"wp:term":[{"taxonomy":"product_brand","embeddable":true,"href":"https:\/\/frivape.com\/sv\/wp-json\/wp\/v2\/product_brand?post=9050"},{"taxonomy":"product_cat","embeddable":true,"href":"https:\/\/frivape.com\/sv\/wp-json\/wp\/v2\/product_cat?post=9050"},{"taxonomy":"product_tag","embeddable":true,"href":"https:\/\/frivape.com\/sv\/wp-json\/wp\/v2\/product_tag?post=9050"}],"curies":[{"name":"wp","href":"https:\/\/api.w.org\/{rel}","templated":true}]}}