{"id":9336,"date":"2026-04-16T01:02:25","date_gmt":"2026-04-15T17:02:25","guid":{"rendered":"https:\/\/frivape.com\/?post_type=product&#038;p=9336"},"modified":"2026-04-16T01:18:10","modified_gmt":"2026-04-15T17:18:10","slug":"fumot-tornado-20000-puffar-engangs-vape-smart-skarm","status":"publish","type":"product","link":"https:\/\/frivape.com\/sv\/product\/fumot-tornado-20000-puffar-engangs-vape-smart-skarm\/","title":{"rendered":"Fumot Tornado 20000 Puffs Eng\u00e5ngs Vape | Smart LED Display | Dual Mesh Coil"},"content":{"rendered":"<h3 class=\"wp-block-heading\"><strong>Fumot: Vaping g\u00f6rs smartare<\/strong><\/h3>\n\n\n\n<p><strong>Fumot<\/strong> \u00e4r ett ledande teknikdrivet varum\u00e4rke som str\u00e4var efter att skapa den ultimata vapingupplevelsen. Som huvudvarum\u00e4rket bakom de globalt hyllade <strong>RandM Tornado<\/strong> Fumot \u00e4r specialiserat p\u00e5 h\u00f6gpresterande eng\u00e5ngsartiklar. Den <strong>Fumot Tornado 20000<\/strong> \u00e4r n\u00e4sta generations m\u00e4sterverk, hyllat f\u00f6r sina avancerade dual mesh coilsystem och ikoniska estetik, som garanterar en j\u00e4mn dragning fr\u00e5n f\u00f6rsta till sista blosset.<\/p>\n\n\n\n<h3 class=\"wp-block-heading\"><strong>\u00d6verl\u00e4gsen prestanda och j\u00e4mn smak<\/strong><\/h3>\n\n\n\n<p>Till skillnad fr\u00e5n vanliga eng\u00e5ngsartiklar som tappar intensitet, anv\u00e4nder Fumot 20k <strong>Spole med dubbla n\u00e4t<\/strong> teknik f\u00f6r att s\u00e4kerst\u00e4lla smakens konsistens i hela dess <strong>20.000 puffar<\/strong> Livsl\u00e4ngd. Den h\u00e4r enheten ger en stabilare uteffekt \u00e4n RandM Tornado 20000 och har en snabbare laddningstid p\u00e5 bara 35 minuter. Oavsett om du f\u00f6redrar en <strong>Direkt till lungan (DTL)<\/strong> stilmoln eller en stramare <strong>Mun-till-lunga (MTL)<\/strong> den integrerade luftfl\u00f6deskontrollen ger m\u00f6jlighet till fullst\u00e4ndig anpassning.<\/p>\n\n\n\n<h3 class=\"wp-block-heading\"><strong>Uppt\u00e4ck alla 43 premiumsmaker<\/strong><\/h3>\n\n\n\n<p>Vi har tagit fram en omfattande lista med smaker f\u00f6r att tillfredsst\u00e4lla alla smakl\u00f6kar. Varje puff \u00e4r en sensorisk upplevelse:<\/p>\n\n\n\n<ul class=\"wp-block-list\">\n<li><strong>01. Bl\u00e5b\u00e4r Hallon H\u00e5rt godis:<\/strong> En sockrig, nostalgisk godisbas med syrliga skogsb\u00e4r.<\/li>\n\n\n\n<li><strong>02. Blue Razz:<\/strong> Kultfavoriten - saftiga bl\u00e5 hallon med en uppfriskande lemonadfinish.<\/li>\n\n\n\n<li><strong>03. Jordgubb Kiwi:<\/strong> En harmonisk balans av solmogna jordgubbar och pikant kiwi.<\/li>\n\n\n\n<li><strong>04. Persika Ananas Orange:<\/strong> En tropisk citrusexplosion som ger en sommark\u00e4nsla till varje dragning.<\/li>\n\n\n\n<li><strong>05. Skittles:<\/strong> Smaka p\u00e5 regnb\u00e5gen med en blandning av godis med fruktsmak i flera lager.<\/li>\n\n\n\n<li><strong>06. Persika Mango Vattenmelon:<\/strong> En succulent trio av tropiska frukter f\u00f6r en uppfriskande vape hela dagen.<\/li>\n\n\n\n<li><strong>07. Jordgubbsglass:<\/strong> Kr\u00e4mig, sammetslen vaniljfrosting som l\u00e4ggs \u00f6ver f\u00e4rska jordgubbar.<\/li>\n\n\n\n<li><strong>08. Pear Ice:<\/strong> Krispiga, saftiga frukttr\u00e4dsp\u00e4ron som avslutas med en kylande mentolutandning.<\/li>\n\n\n\n<li><strong>09. Sockervadd:<\/strong> Luftig, s\u00f6t och nyckfull - precis som den klassiska karnevalsgodisen.<\/li>\n\n\n\n<li><strong>10. Jelly Beans:<\/strong> En komplex, sockrig blandning av olika smaker av fruktb\u00f6nor.<\/li>\n\n\n\n<li><strong>11. Gurka Lemonad:<\/strong> En extremt ren, \u00e5terfuktande profil f\u00f6r en sofistikerad vapingupplevelse.<\/li>\n\n\n\n<li><strong>12. Pina Colada:<\/strong> Fly till tropikerna med kr\u00e4mig kokosn\u00f6t och syrlig ananas.<\/li>\n\n\n\n<li><strong>13. Huckleberry:<\/strong> En s\u00e4llsynt, syrlig och vildb\u00e4rig profil f\u00f6r den som s\u00f6ker n\u00e5got unikt.<\/li>\n\n\n\n<li><strong>14. Vattenmelon is:<\/strong> Den ultimata sommarfr\u00e4sch\u00f6ren - s\u00f6t vattenmelon med en rej\u00e4l iskick.<\/li>\n\n\n\n<li><strong>15. Jordgubbe Vattenmelon:<\/strong> En klassisk fruktduo som \u00e4r perfekt balanserad och s\u00f6t.<\/li>\n\n\n\n<li><strong>16. Blandade b\u00e4r:<\/strong> En explosion av skogsfrukt med hallon, bl\u00e5b\u00e4r och bj\u00f6rnb\u00e4r.<\/li>\n\n\n\n<li><strong>17. Lychee Hami Melon:<\/strong> Exotisk litchis\u00f6tma i kombination med de mjuka tonerna fr\u00e5n Hami melon.<\/li>\n\n\n\n<li><strong>18. Cherry Lime:<\/strong> En pikant, kittlande citrusblandning med ett djupt k\u00f6rsb\u00e4rshj\u00e4rta.<\/li>\n\n\n\n<li><strong>19. Ananas Citron Gr\u00f6nt \u00c4pple:<\/strong> En skarp, syrlig trio som v\u00e4cker sinnena.<\/li>\n\n\n\n<li><strong>20. Banankaka:<\/strong> Varm, mjuk kaka med mogna bananer och en touch av vanilj.<\/li>\n\n\n\n<li><strong>21. Mr Blue:<\/strong> En topphemlig blandning av bl\u00e5 frukter med en sval, mystisk finish.<\/li>\n\n\n\n<li><strong>22. K\u00f6rsb\u00e4r:<\/strong> Ren, dj\u00e4rv och saftig k\u00f6rsb\u00e4rssmak med en kvardr\u00f6jande s\u00f6tma.<\/li>\n\n\n\n<li><strong>23. Bl\u00e5b\u00e4r Hallon:<\/strong> Den perfekta b\u00e4rsynergin mellan s\u00f6tt och syrligt.<\/li>\n\n\n\n<li><strong>24. Cherry Cola:<\/strong> Sprudlande toner av cola toppade med ett st\u00e4nk av m\u00f6rka k\u00f6rsb\u00e4r.<\/li>\n\n\n\n<li><strong>25. Kiwi Passionsfrukt Guava:<\/strong> Den klassiska tropiska \u201cTrinity\u201d f\u00f6r en t\u00e4t, exotisk smak.<\/li>\n\n\n\n<li><strong>26. Jordgubbsis:<\/strong> Ljusa jordgubbar med en krispig, svalkande mentolfinish.<\/li>\n\n\n\n<li><strong>27. Jordgubb Hallon K\u00f6rsb\u00e4r Is:<\/strong> En trefaldig b\u00e4rblandning kyld till perfektion.<\/li>\n\n\n\n<li><strong>28. K\u00f6rsb\u00e4rsb\u00e4r:<\/strong> En s\u00f6t harmoni av tr\u00e4dg\u00e5rdsb\u00e4r och fruktk\u00f6rsb\u00e4r.<\/li>\n\n\n\n<li><strong>29. Bl\u00e5b\u00e4r Sour Raspberry:<\/strong> En kontrastrik profil som \u00e4r b\u00e5de pucklande och s\u00f6t.<\/li>\n\n\n\n<li><strong>30. Persika och b\u00e4r:<\/strong> Mjuka persikor i sammet blandat med en blandning av syrliga skogsb\u00e4r.<\/li>\n\n\n\n<li><strong>31. Blue Razz Gummibj\u00f6rn:<\/strong> Tuggig godiskonsistens m\u00f6ter den elektriska smaken av bl\u00e5 hallon.<\/li>\n\n\n\n<li><strong>32. Cool Mint:<\/strong> En ren, uppfriskande pepparmintsprofil f\u00f6r ultimat smakreng\u00f6ring.<\/li>\n\n\n\n<li><strong>33. Bl\u00e5b\u00e4r p\u00e5 is:<\/strong> Handplockade bl\u00e5b\u00e4r levereras med en frostig utandning.<\/li>\n\n\n\n<li><strong>34. Cactus Ice:<\/strong> En \u00e5terfuktande, blommig kaktusbas med en isig, vitaliserande finish.<\/li>\n\n\n\n<li><strong>35. Red Grape Lime:<\/strong> Dj\u00e4rva r\u00f6da druvor balanseras av en skarp, pikant limetwist.<\/li>\n\n\n\n<li><strong>36. Cola Lemon:<\/strong> Klassisk kolsyrad cola med en uppfriskande citronskiva.<\/li>\n\n\n\n<li><strong>37. Svartvinb\u00e4r \u00c4pple:<\/strong> Djupa, jordiga svarta vinb\u00e4r parade med krispiga gr\u00f6na \u00e4pplen.<\/li>\n\n\n\n<li><strong>38. Cactus Kiwi:<\/strong> En exotisk, syrlig kombination som \u00e4r unik och uppfriskande.<\/li>\n\n\n\n<li><strong>39. Cola Ice:<\/strong> Din kylda favoritl\u00e4sk i \u00e5ngform.<\/li>\n\n\n\n<li><strong>40. Apeg Grapefrukt:<\/strong> Skarp, bitter-s\u00f6t grapefrukt f\u00f6r en sofistikerad citrusupplevelse.<\/li>\n\n\n\n<li><strong>41. Bl\u00e5b\u00e4r Cactus Ice:<\/strong> En profil med tre lager av frukt, blommor och frost.<\/li>\n\n\n\n<li><strong>42. Mango Grape Ice:<\/strong> Tropisk mangos\u00f6tma sm\u00e4lter samman med djupt lila druvor.<\/li>\n\n\n\n<li><strong>43. Grape Kiwi:<\/strong> En balanserad duo av druvor fr\u00e5n ving\u00e5rden och syrlig kiwi.<\/li>\n<\/ul>\n\n\n\n<h4 class=\"wp-block-heading\"><strong>VANLIGA FR\u00c5GOR<\/strong><\/h4>\n\n\n\n<ul class=\"wp-block-list\">\n<li><strong>Q: Hur \u00f6vervakar jag e-v\u00e4tskan och batteriet?<\/strong> A: Den integrerade Smart LED-sk\u00e4rmen visar exakt batteriprocent och en ikon f\u00f6r \u00e5terst\u00e5ende e-v\u00e4tska.<\/li>\n\n\n\n<li><strong>F: \u00c4r den b\u00e4ttre \u00e4n RandM Tornado 20000?<\/strong> S: Ja, Fumot ger en j\u00e4mnare smak tack vare dubbla n\u00e4tspolar och laddar 15 minuter snabbare.<\/li>\n\n\n\n<li><strong>Q: Kan jag k\u00f6pa i bulk?<\/strong> A: Absolut. Vi \u00e4r specialiserade p\u00e5 <strong>Partihandel eng\u00e5ngs Vapes fr\u00e5n Kina<\/strong> med lokaliserad <strong>EU-lager<\/strong> lager f\u00f6r snabb leverans.<\/li>\n<\/ul>\n\n\n\n<h3 class=\"wp-block-heading\"><strong>Varning f\u00f6r h\u00e4lsorisker<\/strong><\/h3>\n\n\n\n<p><strong>VARNING:<\/strong> Denna produkt inneh\u00e5ller nikotin. Nikotin \u00e4r en beroendeframkallande kemikalie. Avsedd f\u00f6r anv\u00e4ndning av vuxna <strong>21+<\/strong> endast. F\u00e5r inte anv\u00e4ndas av gravida kvinnor eller personer med hj\u00e4rtsjukdomar. F\u00f6rvaras o\u00e5tkomligt f\u00f6r barn.<\/p>","protected":false},"excerpt":{"rendered":"<ul>\n<li>\n<p data-path-to-node=\"7,0,0\"><b data-path-to-node=\"7,0,0\" data-index-in-node=\"0\">Extreme 20k Puffs:<\/b> Utformad f\u00f6r anv\u00e4ndning under flera veckor med en reservoar med h\u00f6g kapacitet.<\/p>\n<\/li>\n<li>\n<p data-path-to-node=\"7,1,0\"><b data-path-to-node=\"7,1,0\" data-index-in-node=\"0\">Teknik med dubbla n\u00e4t:<\/b> F\u00f6rb\u00e4ttrar \u00e5ngdensiteten och bibeh\u00e5ller smakstabiliteten.<\/p>\n<\/li>\n<li>\n<p data-path-to-node=\"7,2,0\"><b data-path-to-node=\"7,2,0\" data-index-in-node=\"0\">Smart LED-monitor:<\/b> Sp\u00e5rning i realtid av batteriprocent och niv\u00e5er av e-juice.<\/p>\n<\/li>\n<li>\n<p data-path-to-node=\"7,3,0\"><b data-path-to-node=\"7,3,0\" data-index-in-node=\"0\">Snabbladdning:<\/b> Integrerad Type-C-port f\u00f6r full laddning p\u00e5 cirka 35 minuter.<\/p>\n<\/li>\n<li>\n<p data-path-to-node=\"7,4,0\"><b data-path-to-node=\"7,4,0\" data-index-in-node=\"0\">Anpassningsbart luftfl\u00f6de:<\/b> Flexibel kontroll f\u00f6r att v\u00e4xla mellan MTL- och RDL-dragningar.<\/p>\n<\/li>\n<li>\n<p data-path-to-node=\"7,5,0\"><b data-path-to-node=\"7,5,0\" data-index-in-node=\"0\">EU Snabb leverans:<\/b> Tullfri och tillf\u00f6rlitlig logistik fr\u00e5n v\u00e5r europeiska hubb.<\/p>\n<\/li>\n<\/ul>","protected":false},"featured_media":9337,"comment_status":"open","ping_status":"closed","template":"","meta":[],"product_brand":[62],"product_cat":[88,89,96,87,83],"product_tag":[75,76,93,77,79],"class_list":{"0":"post-9336","1":"product","2":"type-product","3":"status-publish","4":"has-post-thumbnail","6":"product_brand-fumot","7":"product_cat-beverage-soda-vapes","8":"product_cat-candy-sweet-vapes","9":"product_cat-dual-mesh-vapes","10":"product_cat-iced-fruit-vapes","11":"product_cat-pro-puffs-vapes","12":"product_tag-eu-warehouse","13":"product_tag-mtl-vaping","14":"product_tag-rdl-vaping","15":"product_tag-recharge","16":"product_tag-smart-screen-display","18":"first","19":"instock","20":"sale","21":"featured","22":"shipping-taxable","23":"purchasable","24":"product-type-variable"},"yoast_head":"<!-- This site is optimized with the Yoast SEO plugin v27.1.1 - https:\/\/yoast.com\/product\/yoast-seo-wordpress\/ -->\n<title>Fumot Tornado 20000 Puffs Vape | Dual Mesh &amp; Smart Display<\/title>\n<meta name=\"description\" content=\"Shop the Fumot Tornado 20000. 20,000 puffs, dual mesh coil, smart LED display, and 30ml capacity. Fast EU Warehouse wholesale. Vaping Made Smarter.\" \/>\n<meta name=\"robots\" content=\"noindex, follow, max-snippet:-1, max-image-preview:large, max-video-preview:-1\" \/>\n<meta property=\"og:locale\" content=\"sv_SE\" \/>\n<meta property=\"og:type\" content=\"article\" \/>\n<meta property=\"og:title\" content=\"Fumot Tornado 20000 Puffs Vape | Dual Mesh &amp; Smart Display\" \/>\n<meta property=\"og:description\" content=\"Shop the Fumot Tornado 20000. 20,000 puffs, dual mesh coil, smart LED display, and 30ml capacity. Fast EU Warehouse wholesale. Vaping Made Smarter.\" \/>\n<meta property=\"og:url\" content=\"https:\/\/frivape.com\/sv\/product\/fumot-tornado-20000-puffar-engangs-vape-smart-skarm\/\" \/>\n<meta property=\"og:site_name\" content=\"frivape | Online Vape Store - Best Vapes, Mods &amp; Disposable Kits\" \/>\n<meta property=\"article:modified_time\" content=\"2026-04-15T17:18:10+00:00\" \/>\n<meta property=\"og:image\" content=\"https:\/\/frivape.com\/wp-content\/uploads\/2026\/04\/fumot-tornado-20000-randm-tornado-20000-blue-razz-4.jpg\" \/>\n\t<meta property=\"og:image:width\" content=\"1000\" \/>\n\t<meta property=\"og:image:height\" content=\"1000\" \/>\n\t<meta property=\"og:image:type\" content=\"image\/jpeg\" \/>\n<meta name=\"twitter:card\" content=\"summary_large_image\" \/>\n<meta name=\"twitter:label1\" content=\"Ber\u00e4knad l\u00e4stid\" \/>\n\t<meta name=\"twitter:data1\" content=\"4 minuter\" \/>\n<script type=\"application\/ld+json\" class=\"yoast-schema-graph\">{\"@context\":\"https:\/\/schema.org\",\"@graph\":[{\"@type\":\"WebPage\",\"@id\":\"https:\/\/frivape.com\/product\/fumot-tornado-20000-puffs-disposable-vape-smart-screen\/\",\"url\":\"https:\/\/frivape.com\/product\/fumot-tornado-20000-puffs-disposable-vape-smart-screen\/\",\"name\":\"Fumot Tornado 20000 Puffs Vape | Dual Mesh & Smart Display\",\"isPartOf\":{\"@id\":\"https:\/\/frivape.com\/#website\"},\"primaryImageOfPage\":{\"@id\":\"https:\/\/frivape.com\/product\/fumot-tornado-20000-puffs-disposable-vape-smart-screen\/#primaryimage\"},\"image\":{\"@id\":\"https:\/\/frivape.com\/product\/fumot-tornado-20000-puffs-disposable-vape-smart-screen\/#primaryimage\"},\"thumbnailUrl\":\"https:\/\/frivape.com\/wp-content\/uploads\/2026\/04\/fumot-tornado-20000-randm-tornado-20000-blue-razz-4.jpg\",\"datePublished\":\"2026-04-15T17:02:25+00:00\",\"dateModified\":\"2026-04-15T17:18:10+00:00\",\"description\":\"Shop the Fumot Tornado 20000. 20,000 puffs, dual mesh coil, smart LED display, and 30ml capacity. Fast EU Warehouse wholesale. Vaping Made Smarter.\",\"breadcrumb\":{\"@id\":\"https:\/\/frivape.com\/product\/fumot-tornado-20000-puffs-disposable-vape-smart-screen\/#breadcrumb\"},\"inLanguage\":\"sv-SE\",\"potentialAction\":[{\"@type\":\"ReadAction\",\"target\":[\"https:\/\/frivape.com\/product\/fumot-tornado-20000-puffs-disposable-vape-smart-screen\/\"]}]},{\"@type\":\"ImageObject\",\"inLanguage\":\"sv-SE\",\"@id\":\"https:\/\/frivape.com\/product\/fumot-tornado-20000-puffs-disposable-vape-smart-screen\/#primaryimage\",\"url\":\"https:\/\/frivape.com\/wp-content\/uploads\/2026\/04\/fumot-tornado-20000-randm-tornado-20000-blue-razz-4.jpg\",\"contentUrl\":\"https:\/\/frivape.com\/wp-content\/uploads\/2026\/04\/fumot-tornado-20000-randm-tornado-20000-blue-razz-4.jpg\",\"width\":1000,\"height\":1000},{\"@type\":\"BreadcrumbList\",\"@id\":\"https:\/\/frivape.com\/product\/fumot-tornado-20000-puffs-disposable-vape-smart-screen\/#breadcrumb\",\"itemListElement\":[{\"@type\":\"ListItem\",\"position\":1,\"name\":\"\u9996\u9875\",\"item\":\"https:\/\/frivape.com\/\"},{\"@type\":\"ListItem\",\"position\":2,\"name\":\"Shop\",\"item\":\"https:\/\/frivape.com\/shop\/\"},{\"@type\":\"ListItem\",\"position\":3,\"name\":\"Fumot Tornado 20000 Puffs Disposable Vape | Smart LED Display | Dual Mesh Coil\"}]},{\"@type\":\"WebSite\",\"@id\":\"https:\/\/frivape.com\/#website\",\"url\":\"https:\/\/frivape.com\/\",\"name\":\"frivape | Online Vape Store - Best Vapes, Mods &amp; Disposable Kits\",\"description\":\"Shop frivape, your premier online vape shop for authentic mods, disposable vapes, and premium e-liquids. Direct from Shenzhen with fast Europe local shipping. High quality at wholesale prices.\",\"publisher\":{\"@id\":\"https:\/\/frivape.com\/#organization\"},\"potentialAction\":[{\"@type\":\"SearchAction\",\"target\":{\"@type\":\"EntryPoint\",\"urlTemplate\":\"https:\/\/frivape.com\/?s={search_term_string}\"},\"query-input\":{\"@type\":\"PropertyValueSpecification\",\"valueRequired\":true,\"valueName\":\"search_term_string\"}}],\"inLanguage\":\"sv-SE\"},{\"@type\":\"Organization\",\"@id\":\"https:\/\/frivape.com\/#organization\",\"name\":\"frivape | Online Vape Store - Best Vapes, Mods &amp; Disposable Kits\",\"url\":\"https:\/\/frivape.com\/\",\"logo\":{\"@type\":\"ImageObject\",\"inLanguage\":\"sv-SE\",\"@id\":\"https:\/\/frivape.com\/#\/schema\/logo\/image\/\",\"url\":\"https:\/\/frivape.com\/wp-content\/uploads\/2026\/03\/cropped-frivape-site-title-icon.png\",\"contentUrl\":\"https:\/\/frivape.com\/wp-content\/uploads\/2026\/03\/cropped-frivape-site-title-icon.png\",\"width\":470,\"height\":110,\"caption\":\"frivape | Online Vape Store - Best Vapes, Mods &amp; Disposable Kits\"},\"image\":{\"@id\":\"https:\/\/frivape.com\/#\/schema\/logo\/image\/\"}}]}<\/script>\n<!-- \/ Yoast SEO plugin. -->","yoast_head_json":{"title":"Fumot Tornado 20000 Puffs Vape | Dual Mesh &amp; Smart Display","description":"Handla Fumot Tornado 20000. 20 000 puffar, dubbel mesh-spole, smart LED-display och 30 ml kapacitet. Snabb EU Warehouse grossist. Vaping gjort smartare.","robots":{"index":"noindex","follow":"follow","max-snippet":"max-snippet:-1","max-image-preview":"max-image-preview:large","max-video-preview":"max-video-preview:-1"},"og_locale":"sv_SE","og_type":"article","og_title":"Fumot Tornado 20000 Puffs Vape | Dual Mesh & Smart Display","og_description":"Shop the Fumot Tornado 20000. 20,000 puffs, dual mesh coil, smart LED display, and 30ml capacity. Fast EU Warehouse wholesale. Vaping Made Smarter.","og_url":"https:\/\/frivape.com\/sv\/product\/fumot-tornado-20000-puffar-engangs-vape-smart-skarm\/","og_site_name":"frivape | Online Vape Store - Best Vapes, Mods &amp; Disposable Kits","article_modified_time":"2026-04-15T17:18:10+00:00","og_image":[{"width":1000,"height":1000,"url":"https:\/\/frivape.com\/wp-content\/uploads\/2026\/04\/fumot-tornado-20000-randm-tornado-20000-blue-razz-4.jpg","type":"image\/jpeg"}],"twitter_card":"summary_large_image","twitter_misc":{"Ber\u00e4knad l\u00e4stid":"4 minuter"},"schema":{"@context":"https:\/\/schema.org","@graph":[{"@type":"WebPage","@id":"https:\/\/frivape.com\/product\/fumot-tornado-20000-puffs-disposable-vape-smart-screen\/","url":"https:\/\/frivape.com\/product\/fumot-tornado-20000-puffs-disposable-vape-smart-screen\/","name":"Fumot Tornado 20000 Puffs Vape | Dual Mesh &amp; Smart Display","isPartOf":{"@id":"https:\/\/frivape.com\/#website"},"primaryImageOfPage":{"@id":"https:\/\/frivape.com\/product\/fumot-tornado-20000-puffs-disposable-vape-smart-screen\/#primaryimage"},"image":{"@id":"https:\/\/frivape.com\/product\/fumot-tornado-20000-puffs-disposable-vape-smart-screen\/#primaryimage"},"thumbnailUrl":"https:\/\/frivape.com\/wp-content\/uploads\/2026\/04\/fumot-tornado-20000-randm-tornado-20000-blue-razz-4.jpg","datePublished":"2026-04-15T17:02:25+00:00","dateModified":"2026-04-15T17:18:10+00:00","description":"Handla Fumot Tornado 20000. 20 000 puffar, dubbel mesh-spole, smart LED-display och 30 ml kapacitet. Snabb EU Warehouse grossist. Vaping gjort smartare.","breadcrumb":{"@id":"https:\/\/frivape.com\/product\/fumot-tornado-20000-puffs-disposable-vape-smart-screen\/#breadcrumb"},"inLanguage":"sv-SE","potentialAction":[{"@type":"ReadAction","target":["https:\/\/frivape.com\/product\/fumot-tornado-20000-puffs-disposable-vape-smart-screen\/"]}]},{"@type":"ImageObject","inLanguage":"sv-SE","@id":"https:\/\/frivape.com\/product\/fumot-tornado-20000-puffs-disposable-vape-smart-screen\/#primaryimage","url":"https:\/\/frivape.com\/wp-content\/uploads\/2026\/04\/fumot-tornado-20000-randm-tornado-20000-blue-razz-4.jpg","contentUrl":"https:\/\/frivape.com\/wp-content\/uploads\/2026\/04\/fumot-tornado-20000-randm-tornado-20000-blue-razz-4.jpg","width":1000,"height":1000},{"@type":"BreadcrumbList","@id":"https:\/\/frivape.com\/product\/fumot-tornado-20000-puffs-disposable-vape-smart-screen\/#breadcrumb","itemListElement":[{"@type":"ListItem","position":1,"name":"\u9996\u9875","item":"https:\/\/frivape.com\/"},{"@type":"ListItem","position":2,"name":"Shop","item":"https:\/\/frivape.com\/shop\/"},{"@type":"ListItem","position":3,"name":"Fumot Tornado 20000 Puffs Disposable Vape | Smart LED Display | Dual Mesh Coil"}]},{"@type":"WebSite","@id":"https:\/\/frivape.com\/#website","url":"https:\/\/frivape.com\/","name":"frivape | Online Vape Store - B\u00e4sta Vapes, Mods &amp; Eng\u00e5ngskit","description":"Shop frivape, din fr\u00e4msta online vape shop f\u00f6r autentiska mods, eng\u00e5ngsvapes och premium e-liquids. Direkt fr\u00e5n Shenzhen med snabb lokal frakt i Europa. H\u00f6g kvalitet till grossistpriser.","publisher":{"@id":"https:\/\/frivape.com\/#organization"},"potentialAction":[{"@type":"SearchAction","target":{"@type":"EntryPoint","urlTemplate":"https:\/\/frivape.com\/?s={search_term_string}"},"query-input":{"@type":"PropertyValueSpecification","valueRequired":true,"valueName":"search_term_string"}}],"inLanguage":"sv-SE"},{"@type":"Organization","@id":"https:\/\/frivape.com\/#organization","name":"frivape | Online Vape Store - B\u00e4sta Vapes, Mods &amp; Eng\u00e5ngskit","url":"https:\/\/frivape.com\/","logo":{"@type":"ImageObject","inLanguage":"sv-SE","@id":"https:\/\/frivape.com\/#\/schema\/logo\/image\/","url":"https:\/\/frivape.com\/wp-content\/uploads\/2026\/03\/cropped-frivape-site-title-icon.png","contentUrl":"https:\/\/frivape.com\/wp-content\/uploads\/2026\/03\/cropped-frivape-site-title-icon.png","width":470,"height":110,"caption":"frivape | Online Vape Store - Best Vapes, Mods &amp; Disposable Kits"},"image":{"@id":"https:\/\/frivape.com\/#\/schema\/logo\/image\/"}}]}},"tiered_pricing_type":"fixed","tiered_pricing_fixed_rules":{"10":13.66,"50":12.66,"100":11.66,"200":10.66},"tiered_pricing_product_settings":{"layout":"default","base_unit_name":{"singular":null,"plural":null},"default_variation":{}},"tiered_pricing_minimum_quantity":null,"tiered_pricing_roles_data":[],"tiered_pricing_percentage_rules":[],"_links":{"self":[{"href":"https:\/\/frivape.com\/sv\/wp-json\/wp\/v2\/product\/9336","targetHints":{"allow":["GET"]}}],"collection":[{"href":"https:\/\/frivape.com\/sv\/wp-json\/wp\/v2\/product"}],"about":[{"href":"https:\/\/frivape.com\/sv\/wp-json\/wp\/v2\/types\/product"}],"replies":[{"embeddable":true,"href":"https:\/\/frivape.com\/sv\/wp-json\/wp\/v2\/comments?post=9336"}],"wp:featuredmedia":[{"embeddable":true,"href":"https:\/\/frivape.com\/sv\/wp-json\/wp\/v2\/media\/9337"}],"wp:attachment":[{"href":"https:\/\/frivape.com\/sv\/wp-json\/wp\/v2\/media?parent=9336"}],"wp:term":[{"taxonomy":"product_brand","embeddable":true,"href":"https:\/\/frivape.com\/sv\/wp-json\/wp\/v2\/product_brand?post=9336"},{"taxonomy":"product_cat","embeddable":true,"href":"https:\/\/frivape.com\/sv\/wp-json\/wp\/v2\/product_cat?post=9336"},{"taxonomy":"product_tag","embeddable":true,"href":"https:\/\/frivape.com\/sv\/wp-json\/wp\/v2\/product_tag?post=9336"}],"curies":[{"name":"wp","href":"https:\/\/api.w.org\/{rel}","templated":true}]}}